{"id":36212,"date":"2025-08-29T13:02:01","date_gmt":"2025-08-29T13:02:01","guid":{"rendered":"https:\/\/alfaomega.tv\/librarie\/?post_type=product&#038;p=36212"},"modified":"2025-12-17T11:27:12","modified_gmt":"2025-12-17T11:27:12","slug":"calatorie-cu-dumnezeu-prin-rugaciune","status":"publish","type":"product","link":"https:\/\/alfaomega.tv\/librarie\/produse\/rugaciune-mijlocire\/calatorie-cu-dumnezeu-prin-rugaciune\/","title":{"rendered":"C\u0103l\u0103torie cu Dumnezeu prin rug\u0103ciune"},"content":{"rendered":"<p>Aceast\u0103 carte a fost scris\u0103 cu inten\u021bia de a-\u021bi trezi apetitul spiritual \u0219i de a te echipa pentru o c\u0103l\u0103torie cu Dumnezeu prin rug\u0103ciune. Mul\u021bi cre\u0219tini \u0219tiu despre rug\u0103ciune, dar \u00een\u021belegem noi cu adev\u0103rat adev\u0103rul despre rug\u0103ciune?<\/p>\n<p>Trebuie s\u0103 \u00een\u021belegem c\u0103 rug\u0103ciunea este autostrada spiritual\u0103 a omului c\u0103tre tronul lui Dumnezeu. Este cheia prin care p\u0103trundem \u00een prezen\u021ba lui Dumnezeu \u0219i prin care avem p\u0103rt\u0103\u0219ie cu Tat\u0103l nostru ceresc. Scriitorul epistolei c\u0103tre Evrei spune: <em>\u201eS\u0103 ne apropiem, dar, cu deplin\u0103 \u00eencredere de scaunul harului, ca s\u0103 c\u0103p\u0103t\u0103m \u00eendurare \u015fi s\u0103 g\u0103sim har, pentru ca s\u0103 fim ajuta\u0163i la vreme de nevoie.\u201d<\/em> (Evrei 4:16)<\/p>\n","protected":false},"excerpt":{"rendered":"<p>Trezirea apetitului spiritual \u0219i echiparea pentru o c\u0103l\u0103torie cu Dumnezeu prin rug\u0103ciune<\/p>\n","protected":false},"featured_media":30643,"template":"","meta":{"_acf_changed":false},"product_brand":[],"product_cat":[22],"product_tag":[],"class_list":{"0":"post-36212","1":"product","2":"type-product","3":"status-publish","4":"has-post-thumbnail","6":"product_cat-rugaciune-mijlocire","7":"pa_autori-james-singh","8":"pa_format-carte-tiparita","9":"pa_format-carte-electronica","11":"first","12":"instock","13":"shipping-taxable","14":"purchasable","15":"product-type-variable"},"acf":[],"_links":{"self":[{"href":"https:\/\/alfaomega.tv\/librarie\/wp-json\/wp\/v2\/product\/36212","targetHints":{"allow":["GET"]}}],"collection":[{"href":"https:\/\/alfaomega.tv\/librarie\/wp-json\/wp\/v2\/product"}],"about":[{"href":"https:\/\/alfaomega.tv\/librarie\/wp-json\/wp\/v2\/types\/product"}],"wp:featuredmedia":[{"embeddable":true,"href":"https:\/\/alfaomega.tv\/librarie\/wp-json\/wp\/v2\/media\/30643"}],"wp:attachment":[{"href":"https:\/\/alfaomega.tv\/librarie\/wp-json\/wp\/v2\/media?parent=36212"}],"wp:term":[{"taxonomy":"product_brand","embeddable":true,"href":"https:\/\/alfaomega.tv\/librarie\/wp-json\/wp\/v2\/product_brand?post=36212"},{"taxonomy":"product_cat","embeddable":true,"href":"https:\/\/alfaomega.tv\/librarie\/wp-json\/wp\/v2\/product_cat?post=36212"},{"taxonomy":"product_tag","embeddable":true,"href":"https:\/\/alfaomega.tv\/librarie\/wp-json\/wp\/v2\/product_tag?post=36212"}],"curies":[{"name":"wp","href":"https:\/\/api.w.org\/{rel}","templated":true}]}}