{"id":36214,"date":"2025-08-29T13:02:02","date_gmt":"2025-08-29T13:02:02","guid":{"rendered":"https:\/\/alfaomega.tv\/librarie\/?post_type=product&#038;p=36214"},"modified":"2026-04-15T21:14:21","modified_gmt":"2026-04-15T21:14:21","slug":"secretele-celui-de-al-treilea-cer","status":"publish","type":"product","link":"https:\/\/alfaomega.tv\/librarie\/produse\/identitate-crestere-spirituala-revelatie\/secretele-celui-de-al-treilea-cer\/","title":{"rendered":"Secretele celui de-al treilea cer"},"content":{"rendered":"<p>Perry dezv\u0103luie o cercetare detaliat\u0103 care explic\u0103 studiile asupra cuvintelor grece\u0219ti \u0219i ebraice legate de cer \u0219i plecarea unei persoane spre paradis. Aceste studii de cuvinte p\u0103trund ad\u00e2nc \u00een nara\u021biunile biblice, compar\u00e2nd Scriptura cu Scriptura \u0219i includ numeroase pove\u0219ti adev\u0103rate uimitoare. Perry va examina mai multe vizite \u00een paradis, inclusiv cea despre care Pavel a scris \u00een 2 Corinteni 12:1-4. Pavel descrie paradisul ca fiind un loc specific \u00een al treilea cer. Printre altele, unele \u00eentreb\u0103ri la care se r\u0103spunde \u00een aceast\u0103 carte includ:<\/p>\n<ul>\n<li>Este posibil ca o persoan\u0103 s\u0103 \u0219tie c\u00e2nd va muri?<\/li>\n<li>To\u021bi copiii care mor merg \u00een rai?<\/li>\n<li>Aud sfin\u021bii pleca\u021bi rug\u0103ciunile noastre \u0219i se roag\u0103 pentru noi?<\/li>\n<li>Cum comunic\u0103 cei pleca\u021bi cu \u00eengerii \u0219i cu alte suflete din paradis?<\/li>\n<li>Ce tip de trupuri au cei care sunt \u00een paradis?<\/li>\n<li>Cum este m\u0103surat timpul \u00een rai?<\/li>\n<li>Poate fi transmis\u0103 informa\u021bie din cer pe p\u0103m\u00e2nt?<\/li>\n<li>Ce sunt escortele angelice \u0219i colectorii demonici de suflete?<\/li>\n<li>Cum se preg\u0103te\u0219te o persoan\u0103 pentru c\u0103l\u0103toria final\u0103?<\/li>\n<\/ul>\n<p>Aceast\u0103 carte con\u021bine o sec\u021biune ampl\u0103 cu <b>15 dintre cele mai dificile \u00eentreb\u0103ri<\/b> pe care Perry le-a primit legat de moarte \u0219i rai, asupra c\u0103rora a f\u0103cut cercet\u0103ri \u0219i r\u0103spunde cu precizie biblic\u0103. Este timpul s\u0103 descoperi <b>Secretele celui de-al treilea cer!<\/b><\/p>\n","protected":false},"excerpt":{"rendered":"<p>Perry dezv\u0103luie o cercetare detaliat\u0103 care explic\u0103 studiile asupra cuvintelor grece\u0219ti \u0219i ebraice legate de cer \u0219i plecarea unei persoane spre paradis. Aceste studii de cuvinte p\u0103trund ad\u00e2nc \u00een nara\u021biunile biblice, compar\u00e2nd Scriptura cu Scriptura \u0219i includ numeroase pove\u0219ti adev\u0103rate uimitoare. Perry va examina mai multe vizite \u00een paradis, inclusiv cea despre care Pavel a [&hellip;]<\/p>\n","protected":false},"featured_media":30651,"template":"","meta":{"_acf_changed":false},"product_brand":[],"product_cat":[21],"product_tag":[],"class_list":{"0":"post-36214","1":"product","2":"type-product","3":"status-publish","4":"has-post-thumbnail","6":"product_cat-identitate-crestere-spirituala-revelatie","7":"pa_autori-perry-stone","8":"pa_format-carte-tiparita","9":"pa_format-carte-electronica","11":"first","12":"instock","13":"shipping-taxable","14":"purchasable","15":"product-type-variable"},"acf":[],"_links":{"self":[{"href":"https:\/\/alfaomega.tv\/librarie\/wp-json\/wp\/v2\/product\/36214","targetHints":{"allow":["GET"]}}],"collection":[{"href":"https:\/\/alfaomega.tv\/librarie\/wp-json\/wp\/v2\/product"}],"about":[{"href":"https:\/\/alfaomega.tv\/librarie\/wp-json\/wp\/v2\/types\/product"}],"wp:featuredmedia":[{"embeddable":true,"href":"https:\/\/alfaomega.tv\/librarie\/wp-json\/wp\/v2\/media\/30651"}],"wp:attachment":[{"href":"https:\/\/alfaomega.tv\/librarie\/wp-json\/wp\/v2\/media?parent=36214"}],"wp:term":[{"taxonomy":"product_brand","embeddable":true,"href":"https:\/\/alfaomega.tv\/librarie\/wp-json\/wp\/v2\/product_brand?post=36214"},{"taxonomy":"product_cat","embeddable":true,"href":"https:\/\/alfaomega.tv\/librarie\/wp-json\/wp\/v2\/product_cat?post=36214"},{"taxonomy":"product_tag","embeddable":true,"href":"https:\/\/alfaomega.tv\/librarie\/wp-json\/wp\/v2\/product_tag?post=36214"}],"curies":[{"name":"wp","href":"https:\/\/api.w.org\/{rel}","templated":true}]}}