{"id":36236,"date":"2025-09-01T11:08:19","date_gmt":"2025-09-01T11:08:19","guid":{"rendered":"https:\/\/alfaomega.tv\/librarie\/?post_type=product&#038;p=36236"},"modified":"2025-09-25T12:50:38","modified_gmt":"2025-09-25T12:50:38","slug":"zidirea","status":"publish","type":"product","link":"https:\/\/alfaomega.tv\/librarie\/produse\/identitate-crestere-spirituala-revelatie\/zidirea\/","title":{"rendered":"Zidirea"},"content":{"rendered":"<p>\u201eZIDIREA\u201d este pentru oricine care are dorin\u021ba s\u0103 ajute la avansarea \u00cemp\u0103r\u0103\u021biei lui Dumnezeu, s\u0103 aib\u0103 un impact asupra bisericilor lui Dumnezeu, \u0219i s\u0103 \u00ee\u0219i zideasc\u0103 o via\u021b\u0103 plin\u0103 de succes! Din 1994, Phillip Baker s-a dedicat cu mult\u0103 pasiune s\u0103 ridice lideri pentru \u00cemp\u0103r\u0103\u021bie. \u201eZIDIREA\u201d con\u021bine revela\u021bii, povestiri \u0219i 203 principii care au ajutat la echiparea a mii de lideri din \u00eentreaga lume pentru a face o diferen\u021b\u0103 \u00een genera\u021biile lor<\/p>\n","protected":false},"excerpt":{"rendered":"<p>Conducerea zide\u0219te: \u00cemp\u0103r\u0103\u021bia lui Dumnezeu, Bisericile Lui, \u0219i via\u021ba ta!<\/p>\n","protected":false},"featured_media":30668,"template":"","meta":{"_acf_changed":false},"product_brand":[],"product_cat":[21],"product_tag":[],"class_list":{"0":"post-36236","1":"product","2":"type-product","3":"status-publish","4":"has-post-thumbnail","6":"product_cat-identitate-crestere-spirituala-revelatie","7":"pa_autori-phillip-baker","8":"pa_format-carte-tiparita","9":"pa_format-carte-electronica","11":"first","12":"instock","13":"shipping-taxable","14":"purchasable","15":"product-type-variable"},"acf":[],"_links":{"self":[{"href":"https:\/\/alfaomega.tv\/librarie\/wp-json\/wp\/v2\/product\/36236","targetHints":{"allow":["GET"]}}],"collection":[{"href":"https:\/\/alfaomega.tv\/librarie\/wp-json\/wp\/v2\/product"}],"about":[{"href":"https:\/\/alfaomega.tv\/librarie\/wp-json\/wp\/v2\/types\/product"}],"wp:featuredmedia":[{"embeddable":true,"href":"https:\/\/alfaomega.tv\/librarie\/wp-json\/wp\/v2\/media\/30668"}],"wp:attachment":[{"href":"https:\/\/alfaomega.tv\/librarie\/wp-json\/wp\/v2\/media?parent=36236"}],"wp:term":[{"taxonomy":"product_brand","embeddable":true,"href":"https:\/\/alfaomega.tv\/librarie\/wp-json\/wp\/v2\/product_brand?post=36236"},{"taxonomy":"product_cat","embeddable":true,"href":"https:\/\/alfaomega.tv\/librarie\/wp-json\/wp\/v2\/product_cat?post=36236"},{"taxonomy":"product_tag","embeddable":true,"href":"https:\/\/alfaomega.tv\/librarie\/wp-json\/wp\/v2\/product_tag?post=36236"}],"curies":[{"name":"wp","href":"https:\/\/api.w.org\/{rel}","templated":true}]}}