{"id":36285,"date":"2025-09-08T08:53:57","date_gmt":"2025-09-08T08:53:57","guid":{"rendered":"https:\/\/alfaomega.tv\/librarie\/?post_type=product&#038;p=36285"},"modified":"2025-10-23T12:55:01","modified_gmt":"2025-10-23T12:55:01","slug":"dragoste-identitate-si-scop-ghidul-liderului","status":"publish","type":"product","link":"https:\/\/alfaomega.tv\/librarie\/produse\/resurse-pentru-copii\/dragoste-identitate-si-scop-ghidul-liderului\/","title":{"rendered":"Dragoste, identitate \u0219i scop &#8211; ghidul liderului"},"content":{"rendered":"<p class=\"p1\">\u00cenc\u0103 de la \u00eenceput, Dumnezeu ne-a ar\u0103tat DRAGOSTEA pe care ne-o poart\u0103, IDENTITATEA pe care o avem \u00een El, precum \u0219i care este SCOPUL nostru pe acest p\u0103m\u00e2nt. Isus a venit ca s\u0103 ne readuc\u0103 la ceea ce ne-a ar\u0103tat Dumnezeu chiar de la \u00eenceput.<\/p>\n<p class=\"p1\">Lec\u021biile din aceast\u0103 carte sunt adaptate dup\u0103 seria de echipare a pastorului Terry Moore, adic\u0103 dup\u0103 manualul Dragoste, identitate \u0219i scop. Aceste lec\u021bii sunt create pentru a-i \u00eenv\u0103\u021ba pe elevi despre planul original al lui Dumnezeu pentru ei \u0219i despre scopul pentru care au fost crea\u021bi.<\/p>\n","protected":false},"excerpt":{"rendered":"<p>Ghid de studiu pentru lideri, clasele I-III<\/p>\n","protected":false},"featured_media":36287,"template":"","meta":{"_acf_changed":false},"product_brand":[],"product_cat":[34],"product_tag":[],"class_list":{"0":"post-36285","1":"product","2":"type-product","3":"status-publish","4":"has-post-thumbnail","6":"product_cat-resurse-pentru-copii","7":"pa_autori-terry-moore","8":"pa_format-carte-tiparita","9":"pa_format-carte-electronica","11":"first","12":"instock","13":"shipping-taxable","14":"purchasable","15":"product-type-variable"},"acf":[],"_links":{"self":[{"href":"https:\/\/alfaomega.tv\/librarie\/wp-json\/wp\/v2\/product\/36285","targetHints":{"allow":["GET"]}}],"collection":[{"href":"https:\/\/alfaomega.tv\/librarie\/wp-json\/wp\/v2\/product"}],"about":[{"href":"https:\/\/alfaomega.tv\/librarie\/wp-json\/wp\/v2\/types\/product"}],"wp:featuredmedia":[{"embeddable":true,"href":"https:\/\/alfaomega.tv\/librarie\/wp-json\/wp\/v2\/media\/36287"}],"wp:attachment":[{"href":"https:\/\/alfaomega.tv\/librarie\/wp-json\/wp\/v2\/media?parent=36285"}],"wp:term":[{"taxonomy":"product_brand","embeddable":true,"href":"https:\/\/alfaomega.tv\/librarie\/wp-json\/wp\/v2\/product_brand?post=36285"},{"taxonomy":"product_cat","embeddable":true,"href":"https:\/\/alfaomega.tv\/librarie\/wp-json\/wp\/v2\/product_cat?post=36285"},{"taxonomy":"product_tag","embeddable":true,"href":"https:\/\/alfaomega.tv\/librarie\/wp-json\/wp\/v2\/product_tag?post=36285"}],"curies":[{"name":"wp","href":"https:\/\/api.w.org\/{rel}","templated":true}]}}