{"id":36298,"date":"2025-09-12T12:44:36","date_gmt":"2025-09-12T12:44:36","guid":{"rendered":"https:\/\/alfaomega.tv\/librarie\/?post_type=product&#038;p=36298"},"modified":"2025-09-18T09:30:01","modified_gmt":"2025-09-18T09:30:01","slug":"calatoria-ta-spre-vesnicie","status":"publish","type":"product","link":"https:\/\/alfaomega.tv\/librarie\/produse\/identitate-crestere-spirituala-revelatie\/calatoria-ta-spre-vesnicie\/","title":{"rendered":"C\u0103l\u0103toria ta spre ve\u0219nicie"},"content":{"rendered":"<p>Peste 46 de ani de cercetare biblic\u0103 aprofundat\u0103 sunt aduna\u021bi \u00een aceast\u0103 carte care dezv\u0103luie via\u021ba dup\u0103 ce un credincios moare \u0219i via\u021ba pentru urm\u0103torii 1.000 de ani \u0219i dincolo de aceasta. Unele dintre subiectele incluse sunt:<\/p>\n<ul>\n<li>Ce se \u00eent\u00e2mpl\u0103 cu sufletul \u0219i duhul \u00een momentul \u00een care un credincios moare?<\/li>\n<li>Unde se afl\u0103 duhurile credincio\u0219ilor \u0219i ale martirilor \u00een timp ce a\u0219teapt\u0103 \u00eenvierea?<\/li>\n<li>Ce se \u00eent\u00e2mpl\u0103 cu pruncii deceda\u021bi? Cei avorta\u021bi \u0219i cei pierdu\u021bi prin avort spontan?<\/li>\n<li>\u00ce\u021bi vei aminti evenimentele de pe p\u0103m\u00e2nt dup\u0103 ce mori? Va fi memoria ta vreodat\u0103 \u0219tears\u0103?<\/li>\n<li>Pot cei deceda\u021bi s\u0103 \u00ee\u021bi apar\u0103 \u00eentr-un vis sau \u00eentr-o viziune?<\/li>\n<li>Ce are loc \u00een cer \u00een timpul celor 7 ani de necaz (tribula\u021bie)?<\/li>\n<li>Ce vom experimenta la Cina Nun\u021bii Mielului?<\/li>\n<li>Ce se \u00eent\u00e2mpl\u0103 cu credincio\u0219ii atunci c\u00e2nd Hristos se \u00eentoarce pe p\u0103m\u00e2nt s\u0103 domneasc\u0103 timp de 1.000 de ani?<\/li>\n<li>Care sunt misterele Noului Ierusalim?<\/li>\n<\/ul>\n<p>Aceast\u0103 carte trateaz\u0103 aceste subiecte \u0219i multe altele, explic\u00e2nd numeroase teme care sunt adesea gre\u0219it \u00een\u021belese sau rareori explicate cre\u0219tinilor. Ea va r\u0103spunde multor \u00eentreb\u0103ri despre lumea viitoare a unui credincios.<\/p>\n","protected":false},"excerpt":{"rendered":"<p>Descoper\u0103 secretele vie\u021bii dup\u0103 moarte, ale cerului \u2014 galaxia tainic\u0103 a lui Dumnezeu, Cina Mielului, domnia de 1.000 de ani a lui Hristos pe p\u0103m\u00e2nt \u0219i via\u021ba \u00een Noul Ierusalim.<\/p>\n","protected":false},"featured_media":36302,"template":"","meta":{"_acf_changed":false},"product_brand":[],"product_cat":[21,24],"product_tag":[],"class_list":{"0":"post-36298","1":"product","2":"type-product","3":"status-publish","4":"has-post-thumbnail","6":"product_cat-identitate-crestere-spirituala-revelatie","7":"product_cat-intelegerea-vremurilor-israel","8":"pa_autori-perry-stone","9":"pa_format-carte-tiparita","10":"pa_format-carte-electronica","12":"first","13":"instock","14":"shipping-taxable","15":"purchasable","16":"product-type-variable"},"acf":[],"_links":{"self":[{"href":"https:\/\/alfaomega.tv\/librarie\/wp-json\/wp\/v2\/product\/36298","targetHints":{"allow":["GET"]}}],"collection":[{"href":"https:\/\/alfaomega.tv\/librarie\/wp-json\/wp\/v2\/product"}],"about":[{"href":"https:\/\/alfaomega.tv\/librarie\/wp-json\/wp\/v2\/types\/product"}],"wp:featuredmedia":[{"embeddable":true,"href":"https:\/\/alfaomega.tv\/librarie\/wp-json\/wp\/v2\/media\/36302"}],"wp:attachment":[{"href":"https:\/\/alfaomega.tv\/librarie\/wp-json\/wp\/v2\/media?parent=36298"}],"wp:term":[{"taxonomy":"product_brand","embeddable":true,"href":"https:\/\/alfaomega.tv\/librarie\/wp-json\/wp\/v2\/product_brand?post=36298"},{"taxonomy":"product_cat","embeddable":true,"href":"https:\/\/alfaomega.tv\/librarie\/wp-json\/wp\/v2\/product_cat?post=36298"},{"taxonomy":"product_tag","embeddable":true,"href":"https:\/\/alfaomega.tv\/librarie\/wp-json\/wp\/v2\/product_tag?post=36298"}],"curies":[{"name":"wp","href":"https:\/\/api.w.org\/{rel}","templated":true}]}}