{"id":36341,"date":"2025-09-19T07:03:24","date_gmt":"2025-09-19T07:03:24","guid":{"rendered":"https:\/\/alfaomega.tv\/librarie\/?post_type=product&#038;p=36341"},"modified":"2026-01-28T08:45:56","modified_gmt":"2026-01-28T08:45:56","slug":"vindecarea-duhului-de-orfan","status":"publish","type":"product","link":"https:\/\/alfaomega.tv\/librarie\/produse\/identitate-crestere-spirituala-revelatie\/vindecarea-duhului-de-orfan\/","title":{"rendered":"Vindec\u00e2nd duhul de orfan"},"content":{"rendered":"<p>\u00cen Vindecarea duhului de orfan, Leif Hetland exploreaz\u0103 un aspect central aflat la r\u0103d\u0103cina multor haosuri \u0219i diviziuni din lumea de ast\u0103zi \u2014 duhul de orfan. Tat\u0103l Dumnezeu a\u0219teapt\u0103 ca fiii S\u0103i preiubi\u021bi \u0219i fiicele Sale preaiubite s\u0103 \u00een\u021beleag\u0103 cine sunt \u0219i ai cui sunt, pentru ca to\u021bi s\u0103 poat\u0103 tr\u0103i din plin\u0103tatea adev\u0103ratei noastre identit\u0103\u021bi ca mo\u0219tenitori ai \u00cemp\u0103r\u0103\u021biei lui Dumnezeu. Din profunzimea experien\u021bei personale \u0219i dintr-o cunoa\u0219tere profund\u0103 a Scripturii, Leif aduce claritate asupra Duhului de \u00eenfiere al lui Dumnezeu, cu r\u0103spunsuri la \u00eentreb\u0103ri precum:<\/p>\n<ul>\n<li>Ce \u00eenseamn\u0103 s\u0103 fii \u201eadoptat\u201d de Tat\u0103l Dumnezeu?<\/li>\n<li>Cum este Isus un exemplu perfect al unui fiu care \u00ee\u0219i cunoa\u0219te adev\u0103rata identitate?<\/li>\n<li>Cum po\u021bi experimenta adev\u0103rata natur\u0103 \u0219i inima lui Dumnezeu pentru a tr\u0103i ca fiu sau fiic\u0103 preaiubit(\u0103)?<\/li>\n<\/ul>\n<p>\u00cenv\u0103\u021b\u0103tura profund\u0103 a lui Leif \u0219i m\u0103rturiile sale personale puternice aduc la lumin\u0103 ce \u00eenseamn\u0103 s\u0103 tr\u0103ie\u0219ti din locul identit\u0103\u021bii tale divine, bucur\u00e2ndu-te de libertatea pe care o caut\u0103 fiecare inim\u0103.<\/p>\n","protected":false},"excerpt":{"rendered":"<p>Experimenteaz\u0103 libertatea pe care o caut\u0103 fiecare inim\u0103<\/p>\n","protected":false},"featured_media":36344,"template":"","meta":{"_acf_changed":false},"product_brand":[],"product_cat":[21],"product_tag":[],"class_list":{"0":"post-36341","1":"product","2":"type-product","3":"status-publish","4":"has-post-thumbnail","6":"product_cat-identitate-crestere-spirituala-revelatie","7":"pa_autori-leif-hetland","8":"pa_format-carte-tiparita","9":"pa_format-carte-electronica","11":"first","12":"instock","13":"shipping-taxable","14":"purchasable","15":"product-type-variable"},"acf":[],"_links":{"self":[{"href":"https:\/\/alfaomega.tv\/librarie\/wp-json\/wp\/v2\/product\/36341","targetHints":{"allow":["GET"]}}],"collection":[{"href":"https:\/\/alfaomega.tv\/librarie\/wp-json\/wp\/v2\/product"}],"about":[{"href":"https:\/\/alfaomega.tv\/librarie\/wp-json\/wp\/v2\/types\/product"}],"wp:featuredmedia":[{"embeddable":true,"href":"https:\/\/alfaomega.tv\/librarie\/wp-json\/wp\/v2\/media\/36344"}],"wp:attachment":[{"href":"https:\/\/alfaomega.tv\/librarie\/wp-json\/wp\/v2\/media?parent=36341"}],"wp:term":[{"taxonomy":"product_brand","embeddable":true,"href":"https:\/\/alfaomega.tv\/librarie\/wp-json\/wp\/v2\/product_brand?post=36341"},{"taxonomy":"product_cat","embeddable":true,"href":"https:\/\/alfaomega.tv\/librarie\/wp-json\/wp\/v2\/product_cat?post=36341"},{"taxonomy":"product_tag","embeddable":true,"href":"https:\/\/alfaomega.tv\/librarie\/wp-json\/wp\/v2\/product_tag?post=36341"}],"curies":[{"name":"wp","href":"https:\/\/api.w.org\/{rel}","templated":true}]}}