{"id":36424,"date":"2025-09-25T12:45:29","date_gmt":"2025-09-25T12:45:29","guid":{"rendered":"https:\/\/alfaomega.tv\/librarie\/?post_type=product&#038;p=36424"},"modified":"2025-10-09T10:12:58","modified_gmt":"2025-10-09T10:12:58","slug":"ascensiunea-mentalitatii-globale-unice","status":"publish","type":"product","link":"https:\/\/alfaomega.tv\/librarie\/produse\/identitate-crestere-spirituala-revelatie\/ascensiunea-mentalitatii-globale-unice\/","title":{"rendered":"Ascensiunea mentalit\u0103\u021bii globale unice"},"content":{"rendered":"<p>Cu mii de ani \u00een urm\u0103, Biblia a profe\u021bit despre agenda global\u0103 a lui Anticrist pentru vremurile din urm\u0103. Guvernarea unic\u0103 mondial\u0103, economia mondial\u0103 \u0219i sistemul de \u00eenchinare mondial\u0103 profe\u021bite prind r\u0103d\u0103cini \u00een \u00eentreaga lume. Se creeaz\u0103 contextul pentru desf\u0103\u0219urarea scenariului biblic<em>\u00a0<\/em>al sf\u00e2r\u0219itului vremurilor.<br \/>\nPare intimidant s\u0103 d\u0103m la o parte masca intereselor ascunse care opereaz\u0103 \u00een lumea noastr\u0103. Frica ne amenin\u021b\u0103 \u0219i ne \u00eempinge spre o supunere t\u0103cut\u0103. Manipularea prin vinov\u0103\u021bie ne p\u0103c\u0103le\u0219te emo\u021bional cu scopul de a ne determina s\u0103 ne aliniem agendei globale. Cu toate acestea, nu trebuie s\u0103 fim \u00eenfrico\u0219a\u021bi sau intimida\u021bi.<br \/>\nAceast\u0103 carte urm\u0103re\u0219te s\u0103 ofere solu\u021bii nu doar s\u0103 listeze problemele legate de mentalitatea global\u0103 unic\u0103.<\/p>\n<p>Nu este timpul s\u0103 ne ascundem; dimpotriv\u0103, este timpul s\u0103 st\u0103m cu \u00eendr\u0103zneal\u0103 pe adev\u0103rul lui Dumnezeu.<\/p>\n<p>Unele dintre solu\u021biile prezentate \u00een aceast\u0103 carte includ:<\/p>\n<ul>\n<li>\u00cen\u021belege cum se ridic\u0103 aceasta mentalitate a unei lumi unificate.<\/li>\n<li>Descoper\u0103 planul lui Dumnezeu pentru a birui aceast\u0103 mentalitate \u00een via\u021ba ta personal\u0103.<\/li>\n<li>Fii preg\u0103tit pentru ve\u0219nicie.<\/li>\n<li>Fii echipat pentru aceast\u0103 b\u0103t\u0103lie.<\/li>\n<li>Stai tare pe zid ca un str\u0103jer credincios.<\/li>\n<li>Concentreaz\u0103-te asupra lui Isus.<\/li>\n<\/ul>\n<p>Biserica adev\u0103rat\u0103 are lumina vie\u021bii de care lumea aceasta r\u0103t\u0103cit\u0103 are nevoie disperat\u0103. Vom ceda \u00een fa\u021ba acestei mentalit\u0103\u021bi globale unice sau vom str\u0103luci ca un far \u00een \u00eentuneric?<\/p>\n","protected":false},"excerpt":{"rendered":"<p>Cum s\u0103 prosperi \u00een fa\u021ba amenin\u021b\u0103rii globalismului<\/p>\n","protected":false},"featured_media":36427,"template":"","meta":{"_acf_changed":false},"product_brand":[],"product_cat":[21,24],"product_tag":[],"class_list":{"0":"post-36424","1":"product","2":"type-product","3":"status-publish","4":"has-post-thumbnail","6":"product_cat-identitate-crestere-spirituala-revelatie","7":"product_cat-intelegerea-vremurilor-israel","8":"pa_autori-joshua-r-davis","9":"pa_format-carte-tiparita","10":"pa_format-carte-electronica","12":"first","13":"instock","14":"shipping-taxable","15":"purchasable","16":"product-type-variable"},"acf":[],"_links":{"self":[{"href":"https:\/\/alfaomega.tv\/librarie\/wp-json\/wp\/v2\/product\/36424","targetHints":{"allow":["GET"]}}],"collection":[{"href":"https:\/\/alfaomega.tv\/librarie\/wp-json\/wp\/v2\/product"}],"about":[{"href":"https:\/\/alfaomega.tv\/librarie\/wp-json\/wp\/v2\/types\/product"}],"wp:featuredmedia":[{"embeddable":true,"href":"https:\/\/alfaomega.tv\/librarie\/wp-json\/wp\/v2\/media\/36427"}],"wp:attachment":[{"href":"https:\/\/alfaomega.tv\/librarie\/wp-json\/wp\/v2\/media?parent=36424"}],"wp:term":[{"taxonomy":"product_brand","embeddable":true,"href":"https:\/\/alfaomega.tv\/librarie\/wp-json\/wp\/v2\/product_brand?post=36424"},{"taxonomy":"product_cat","embeddable":true,"href":"https:\/\/alfaomega.tv\/librarie\/wp-json\/wp\/v2\/product_cat?post=36424"},{"taxonomy":"product_tag","embeddable":true,"href":"https:\/\/alfaomega.tv\/librarie\/wp-json\/wp\/v2\/product_tag?post=36424"}],"curies":[{"name":"wp","href":"https:\/\/api.w.org\/{rel}","templated":true}]}}