{"id":36663,"date":"2025-10-20T13:43:31","date_gmt":"2025-10-20T13:43:31","guid":{"rendered":"https:\/\/alfaomega.tv\/librarie\/?post_type=product&#038;p=36663"},"modified":"2026-02-10T08:45:16","modified_gmt":"2026-02-10T08:45:16","slug":"biruind-spiritul-hienei","status":"publish","type":"product","link":"https:\/\/alfaomega.tv\/librarie\/produse\/identitate-crestere-spirituala-revelatie\/biruind-spiritul-hienei\/","title":{"rendered":"Biruind spiritul hienei"},"content":{"rendered":"<p>Satana \u0219i-a p\u0103strat cea mai grea artilerie pentru zilele din urm\u0103 pentru c\u0103 \u0219tie c\u00e2t de crucial\u0103 este aceast\u0103 perioad\u0103. Duhul hienei b\u00e2ntuie Biserica plin\u0103 de Duh ast\u0103zi \u0219i batjocore\u0219te lucrurile sfinte ale lui Dumnezeu. Hienele sunt ho\u021bi \u0219i fur\u0103 ceea ce nu le apar\u021bine.<\/p>\n<p>Dac\u0103 vrei s\u0103 c\u00e2\u0219tigi o lupt\u0103, trebuie s\u0103-\u021bi cuno\u0219ti inamicul. \u00cen aceast\u0103 carte, Tony va dezv\u0103lui:<\/p>\n<ul>\n<li>natura duhului hienei \u0219i cultura care \u00eel sus\u021bine<\/li>\n<li>ce a f\u0103cut Isus c\u00e2nd nu a g\u0103sit pe nimeni altcineva s\u0103 lupte<\/li>\n<li>cum s\u0103 r\u0103spunzi c\u00e2nd e\u0219ti atacat de acest duh al batjocurii \u0219i al jafului<\/li>\n<\/ul>\n<p>Hienele tremur\u0103 de fric\u0103 pentru c\u0103 Leul a r\u0103cnit! Biserica Dumnezeului celui viu \u2013 prin autoritatea Numelui lui Isus \u0219i puterea Duhului Sf\u00e2nt \u2013 este a\u0219ezat\u0103 \u00eentr-o pozi\u021bie din care poate s\u0103 pun\u0103 acest duh pe fug\u0103!<\/p>\n","protected":false},"excerpt":{"rendered":"<p>Cum lupt\u0103 Dumnezeu pentru tine \u0219i ce s\u0103 faci \u00een leg\u0103tur\u0103 cu inamicul t\u0103u<\/p>\n","protected":false},"featured_media":36666,"template":"","meta":{"_acf_changed":false},"product_brand":[],"product_cat":[21],"product_tag":[],"class_list":{"0":"post-36663","1":"product","2":"type-product","3":"status-publish","4":"has-post-thumbnail","6":"product_cat-identitate-crestere-spirituala-revelatie","7":"pa_autori-tony-suarez","8":"pa_format-carte-tiparita","9":"pa_format-carte-electronica","11":"first","12":"instock","13":"shipping-taxable","14":"purchasable","15":"product-type-variable"},"acf":[],"_links":{"self":[{"href":"https:\/\/alfaomega.tv\/librarie\/wp-json\/wp\/v2\/product\/36663","targetHints":{"allow":["GET"]}}],"collection":[{"href":"https:\/\/alfaomega.tv\/librarie\/wp-json\/wp\/v2\/product"}],"about":[{"href":"https:\/\/alfaomega.tv\/librarie\/wp-json\/wp\/v2\/types\/product"}],"wp:featuredmedia":[{"embeddable":true,"href":"https:\/\/alfaomega.tv\/librarie\/wp-json\/wp\/v2\/media\/36666"}],"wp:attachment":[{"href":"https:\/\/alfaomega.tv\/librarie\/wp-json\/wp\/v2\/media?parent=36663"}],"wp:term":[{"taxonomy":"product_brand","embeddable":true,"href":"https:\/\/alfaomega.tv\/librarie\/wp-json\/wp\/v2\/product_brand?post=36663"},{"taxonomy":"product_cat","embeddable":true,"href":"https:\/\/alfaomega.tv\/librarie\/wp-json\/wp\/v2\/product_cat?post=36663"},{"taxonomy":"product_tag","embeddable":true,"href":"https:\/\/alfaomega.tv\/librarie\/wp-json\/wp\/v2\/product_tag?post=36663"}],"curies":[{"name":"wp","href":"https:\/\/api.w.org\/{rel}","templated":true}]}}