{"id":36667,"date":"2025-10-20T13:46:31","date_gmt":"2025-10-20T13:46:31","guid":{"rendered":"https:\/\/alfaomega.tv\/librarie\/?post_type=product&#038;p=36667"},"modified":"2025-12-17T11:01:44","modified_gmt":"2025-12-17T11:01:44","slug":"vorbirea-in-limbi","status":"publish","type":"product","link":"https:\/\/alfaomega.tv\/librarie\/produse\/rugaciune-mijlocire\/vorbirea-in-limbi\/","title":{"rendered":"Vorbirea \u00een limbi"},"content":{"rendered":"<p>Ai vrea s\u0103 prime\u0219ti o cheie care s\u0103 descuie puterea lui Dumnezeu din tine? Aceast\u0103 cheie va accelera cre\u0219terea \u0219i maturizarea ta ca \u0219i credincios, \u00ee\u021bi va permite s\u0103 experimentezi lucrurile lui Dumnezeu care par imposibile pentru omul obi\u0219nuit \u0219i te va ajuta s\u0103 te bucuri de o intimitate mai profund\u0103 cu Domnul.<\/p>\n<p>\u201eVorbirea \u00een limbi \u2013 Resursa lui Dumnezeu pentru cre\u0219tere dinamic\u0103 \u0219i via\u021b\u0103 supranatural\u0103\u201d arat\u0103 cum po\u021bi primi toate aceste beneficii \u2014 \u0219i multe altele \u2014 prin Persoana Duhului Sf\u00e2nt. Plin\u0103 de versete biblice, aceast\u0103 carte \u00ee\u021bi va aprinde dorin\u021ba de a fi umplut din nou. \u00cen paginile ei vei \u00eenv\u0103\u021ba:<\/p>\n<ul>\n<li>De ce \u00eemputernicirea \u0219i darurile Duhului sunt at\u00e2t de importante \u00een umblarea \u0219i chemarea noastr\u0103 zilnic\u0103 ca \u0219i cre\u0219tini<\/li>\n<li>Cinci motive uimitoare \u0219i supranaturale pentru care ar trebui s\u0103 te rogi \u00een limbi<\/li>\n<li>Rolul rug\u0103ciunii \u00een limbi \u00een trezire<\/li>\n<li>Cum po\u021bi fi botezat \u00een Duhul Sf\u00e2nt \u0219i s\u0103 prime\u0219ti darul limbilor\u2026 \u0219i multe altele!<\/li>\n<\/ul>\n<p>Preg\u0103te\u0219te-te! Principiile din aceast\u0103 carte \u00ee\u021bi vor schimba via\u021ba!<\/p>\n","protected":false},"excerpt":{"rendered":"<p>Resursa lui Dumnezeu pentru cre\u0219tere dinamic\u0103 \u0219i via\u021b\u0103 supranatural\u0103<\/p>\n","protected":false},"featured_media":36673,"template":"","meta":{"_acf_changed":false},"product_brand":[],"product_cat":[22],"product_tag":[],"class_list":{"0":"post-36667","1":"product","2":"type-product","3":"status-publish","4":"has-post-thumbnail","6":"product_cat-rugaciune-mijlocire","7":"pa_autori-patricia-king","8":"pa_format-carte-tiparita","9":"pa_format-carte-electronica","11":"first","12":"instock","13":"shipping-taxable","14":"purchasable","15":"product-type-variable"},"acf":[],"_links":{"self":[{"href":"https:\/\/alfaomega.tv\/librarie\/wp-json\/wp\/v2\/product\/36667","targetHints":{"allow":["GET"]}}],"collection":[{"href":"https:\/\/alfaomega.tv\/librarie\/wp-json\/wp\/v2\/product"}],"about":[{"href":"https:\/\/alfaomega.tv\/librarie\/wp-json\/wp\/v2\/types\/product"}],"wp:featuredmedia":[{"embeddable":true,"href":"https:\/\/alfaomega.tv\/librarie\/wp-json\/wp\/v2\/media\/36673"}],"wp:attachment":[{"href":"https:\/\/alfaomega.tv\/librarie\/wp-json\/wp\/v2\/media?parent=36667"}],"wp:term":[{"taxonomy":"product_brand","embeddable":true,"href":"https:\/\/alfaomega.tv\/librarie\/wp-json\/wp\/v2\/product_brand?post=36667"},{"taxonomy":"product_cat","embeddable":true,"href":"https:\/\/alfaomega.tv\/librarie\/wp-json\/wp\/v2\/product_cat?post=36667"},{"taxonomy":"product_tag","embeddable":true,"href":"https:\/\/alfaomega.tv\/librarie\/wp-json\/wp\/v2\/product_tag?post=36667"}],"curies":[{"name":"wp","href":"https:\/\/api.w.org\/{rel}","templated":true}]}}