{"id":36674,"date":"2025-10-20T13:48:48","date_gmt":"2025-10-20T13:48:48","guid":{"rendered":"https:\/\/alfaomega.tv\/librarie\/?post_type=product&#038;p=36674"},"modified":"2025-10-22T09:32:02","modified_gmt":"2025-10-22T09:32:02","slug":"rostiri-in-credinta-pentru-libertate-financiara","status":"publish","type":"product","link":"https:\/\/alfaomega.tv\/librarie\/produse\/identitate-crestere-spirituala-revelatie\/rostiri-in-credinta-pentru-libertate-financiara\/","title":{"rendered":"Rostiri \u00een credin\u021b\u0103 pentru libertate financiar\u0103"},"content":{"rendered":"<p>Isus a venit pentru ca ho\u021bul \u0219i devoratorul s\u0103 fie nimici\u021bi, iar tu s\u0103 po\u021bi cunoa\u0219te \u0219i tr\u0103i abunden\u021ba \u00een via\u021b\u0103 \u2014 inclusiv abunden\u021ba \u00een provizii. Nu doar c\u0103 Dumnezeu este pe deplin capabil s\u0103-\u0218i binecuv\u00e2nteze poporul \u00een mijlocul oric\u0103rui climat sau context economic (uit\u0103-te la Avraam, Isaac \u0219i Iacov \u2014 \u0219i asta era sub Vechiul Leg\u0103m\u00e2nt), dar El ne-a dat \u0219i uneltele prin care s\u0103 putem apuca abunden\u021ba chiar acum.<br \/>\n\u00cen aceast\u0103 carte, Patricia King \u00ee\u021bi deschide ochii asupra planului lui Dumnezeu de prosperitate pentru tine \u0219i \u00ee\u021bi ofer\u0103 decrete puternice, bazate pe Scriptur\u0103, pentru a deschide ferestrele cerului \u0219i a elibera binecuv\u00e2nt\u0103rile asupra vie\u021bii tale.<br \/>\nCuv\u00e2ntul lui Dumnezeu nu se \u00eentoarce niciodat\u0103 f\u0103r\u0103 rod. El aduce \u00eentotdeauna roade. Apuc\u0103 aceste decrete \u0219i prime\u0219te-\u021bi desc\u0103tu\u0219area financiar\u0103!<\/p>\n<p>\u201eDecretele Cuv\u00e2ntului transform\u0103 vie\u021bi. Cu ani \u00een urm\u0103, Domnul m-a \u00eenv\u0103\u021bat despre puterea Decretelor Cuv\u00e2ntului \u00een domeniul desc\u0103tu\u0219\u0103rii financiare. Cuv\u00e2ntul lui Dumnezeu este adev\u0103r, iar c\u00e2nd proclami acest adev\u0103r cu o credin\u021b\u0103 puternic\u0103 \u0219i neclintit\u0103, vei trece peste orice blocaj sau barier\u0103 din via\u021ba ta. Adev\u0103rul Lui biruie \u00eentotdeauna!\u201d \u2014 Patricia King<\/p>\n","protected":false},"excerpt":{"rendered":"<p>Nu e\u0219ti menit(\u0103) s\u0103 tr\u0103ie\u0219ti \u00een lipsuri.<\/p>\n","protected":false},"featured_media":36677,"template":"","meta":{"_acf_changed":false},"product_brand":[],"product_cat":[21],"product_tag":[],"class_list":{"0":"post-36674","1":"product","2":"type-product","3":"status-publish","4":"has-post-thumbnail","6":"product_cat-identitate-crestere-spirituala-revelatie","7":"pa_autori-patricia-king","8":"pa_format-carte-tiparita","9":"pa_format-carte-electronica","11":"first","12":"instock","13":"shipping-taxable","14":"purchasable","15":"product-type-variable"},"acf":[],"_links":{"self":[{"href":"https:\/\/alfaomega.tv\/librarie\/wp-json\/wp\/v2\/product\/36674","targetHints":{"allow":["GET"]}}],"collection":[{"href":"https:\/\/alfaomega.tv\/librarie\/wp-json\/wp\/v2\/product"}],"about":[{"href":"https:\/\/alfaomega.tv\/librarie\/wp-json\/wp\/v2\/types\/product"}],"wp:featuredmedia":[{"embeddable":true,"href":"https:\/\/alfaomega.tv\/librarie\/wp-json\/wp\/v2\/media\/36677"}],"wp:attachment":[{"href":"https:\/\/alfaomega.tv\/librarie\/wp-json\/wp\/v2\/media?parent=36674"}],"wp:term":[{"taxonomy":"product_brand","embeddable":true,"href":"https:\/\/alfaomega.tv\/librarie\/wp-json\/wp\/v2\/product_brand?post=36674"},{"taxonomy":"product_cat","embeddable":true,"href":"https:\/\/alfaomega.tv\/librarie\/wp-json\/wp\/v2\/product_cat?post=36674"},{"taxonomy":"product_tag","embeddable":true,"href":"https:\/\/alfaomega.tv\/librarie\/wp-json\/wp\/v2\/product_tag?post=36674"}],"curies":[{"name":"wp","href":"https:\/\/api.w.org\/{rel}","templated":true}]}}