{"id":36877,"date":"2025-10-30T11:51:19","date_gmt":"2025-10-30T11:51:19","guid":{"rendered":"https:\/\/alfaomega.tv\/librarie\/?post_type=product&#038;p=36877"},"modified":"2026-03-10T11:32:18","modified_gmt":"2026-03-10T11:32:18","slug":"imparatia-cu-susul-in-jos","status":"publish","type":"product","link":"https:\/\/alfaomega.tv\/librarie\/produse\/identitate-crestere-spirituala-revelatie\/imparatia-cu-susul-in-jos\/","title":{"rendered":"\u00cemp\u0103r\u0103\u021bia cu susul \u00een jos"},"content":{"rendered":"<p data-start=\"0\" data-end=\"473\">\u00cen c\u0103l\u0103toriile \u0219i vorbirile mele \u00een biserici din \u00eentreaga lume, am observat c\u0103 mul\u021bi credincio\u0219i nu au auzit \u00eenc\u0103 adev\u0103rata Evanghelie a lui Yeshua \u0219i a \u00cemp\u0103r\u0103\u021biei Sale. Yeshua este Dumnezeu, Creatorul tuturor lucrurilor, \u0219i a venit nu doar s\u0103 ne ierte p\u0103catele, ci s\u0103 ne transforme dup\u0103 chipul S\u0103u. Lucrarea Duhului Sf\u00e2nt este esen\u021bial\u0103 \u00een acest proces \u2014 El ne convinge, ne \u00eent\u0103re\u0219te \u0219i ne ajut\u0103 s\u0103 p\u0103zim poruncile lui Dumnezeu, ca s\u0103 fim schimba\u021bi \u201edin slav\u0103 \u00een slav\u0103\u201d.<\/p>\n<p data-start=\"475\" data-end=\"859\">\u00cemp\u0103r\u0103\u021bia pe care Yeshua o zide\u0219te nu este una omeneasc\u0103 sau egoist\u0103, ci una a ascult\u0103rii \u0219i a sfin\u021beniei. Harul nu \u00eenseamn\u0103 libertatea de a p\u0103c\u0103tui, ci chemarea de a fi transforma\u021bi \u00een asem\u0103narea lui Dumnezeu. A\u0219a cum primii ucenici au \u00een\u021beles gre\u0219it natura \u00cemp\u0103r\u0103\u021biei, \u0219i noi putem fi ispiti\u021bi s\u0103 reducem mesajul Evangheliei la o versiune convenabil\u0103, adaptat\u0103 dorin\u021belor noastre.<\/p>\n<p data-start=\"861\" data-end=\"1172\">Acest curs de ucenicie \u00ee\u0219i propune s\u0103 clarifice adev\u0103rata perspectiv\u0103 asupra \u00cemp\u0103r\u0103\u021biei lui Dumnezeu \u0219i s\u0103 ne ajute s\u0103 tr\u0103im ca ambasadori ai ei. Scopul s\u0103u este s\u0103 fac\u0103 Scriptura simpl\u0103, clar\u0103 \u0219i aplicabil\u0103, a\u0219a cum se citea \u0219i se explica pe vremuri Cuv\u00e2ntul lui Dumnezeu, pentru ca to\u021bi s\u0103-l poat\u0103 \u00een\u021belege.<\/p>\n","protected":false},"excerpt":{"rendered":"<p>Transforma\u021bi pentru a reflecta \u00cemp\u0103r\u0103\u021bia lui Dumnezeu<\/p>\n","protected":false},"featured_media":36880,"template":"","meta":{"_acf_changed":false},"product_brand":[],"product_cat":[21],"product_tag":[447,443,452,461,460,450,444,448,451,449],"class_list":{"0":"post-36877","1":"product","2":"type-product","3":"status-publish","4":"has-post-thumbnail","6":"product_cat-identitate-crestere-spirituala-revelatie","7":"product_tag-alfa-omega","8":"product_tag-carte","9":"product_tag-chad-holland","10":"product_tag-cu-susul-in-jos","11":"product_tag-imparatia","12":"product_tag-isus","13":"product_tag-librarie-alfa-omega","14":"product_tag-librarie-crestina","15":"product_tag-pdf","16":"product_tag-produse-crestine","17":"pa_autori-chad-holland","18":"pa_format-carte-tiparita","19":"pa_format-carte-electronica","21":"first","22":"instock","23":"shipping-taxable","24":"purchasable","25":"product-type-variable"},"acf":[],"_links":{"self":[{"href":"https:\/\/alfaomega.tv\/librarie\/wp-json\/wp\/v2\/product\/36877","targetHints":{"allow":["GET"]}}],"collection":[{"href":"https:\/\/alfaomega.tv\/librarie\/wp-json\/wp\/v2\/product"}],"about":[{"href":"https:\/\/alfaomega.tv\/librarie\/wp-json\/wp\/v2\/types\/product"}],"wp:featuredmedia":[{"embeddable":true,"href":"https:\/\/alfaomega.tv\/librarie\/wp-json\/wp\/v2\/media\/36880"}],"wp:attachment":[{"href":"https:\/\/alfaomega.tv\/librarie\/wp-json\/wp\/v2\/media?parent=36877"}],"wp:term":[{"taxonomy":"product_brand","embeddable":true,"href":"https:\/\/alfaomega.tv\/librarie\/wp-json\/wp\/v2\/product_brand?post=36877"},{"taxonomy":"product_cat","embeddable":true,"href":"https:\/\/alfaomega.tv\/librarie\/wp-json\/wp\/v2\/product_cat?post=36877"},{"taxonomy":"product_tag","embeddable":true,"href":"https:\/\/alfaomega.tv\/librarie\/wp-json\/wp\/v2\/product_tag?post=36877"}],"curies":[{"name":"wp","href":"https:\/\/api.w.org\/{rel}","templated":true}]}}