{"id":37077,"date":"2025-11-11T09:40:41","date_gmt":"2025-11-11T09:40:41","guid":{"rendered":"https:\/\/alfaomega.tv\/librarie\/?post_type=product&#038;p=37077"},"modified":"2026-03-10T11:29:04","modified_gmt":"2026-03-10T11:29:04","slug":"ramasita","status":"publish","type":"product","link":"https:\/\/alfaomega.tv\/librarie\/produse\/slujind-trupul-lui-hristos\/ramasita\/","title":{"rendered":"R\u0103m\u0103\u0219i\u021ba"},"content":{"rendered":"<p>Tr\u0103im \u00een profunda culminare a vremurilor de pe urm\u0103, iar un lucru este sigur: suntem pe punctul de a fi martorii unei acceler\u0103ri f\u0103r\u0103 precedent a ordinii \u0219i restaur\u0103rii divine. Dar cum va \u00eemplini Domnul acest lucru? El caut\u0103 un grup devotat de oameni care s\u0103 duc\u0103 mai departe planurile \u0219i scopurile Sale pe p\u0103m\u00e2nt. Acest grup, cunoscut sub numele de r\u0103m\u0103\u0219i\u021ba, nu este doar un grup oarecare, ci unul cunoscut doar de Dumnezeu, \u00een suveranitatea Sa divin\u0103. Scripturile dezv\u0103luie un tipar \u0219i un factor de calificare pe care ace\u0219ti indivizi, ale\u0219i de Dumnezeu, \u00eel \u00eentruchipeaz\u0103.<br \/>\n\u00cen aceast\u0103 carte, vreau s\u0103 \u00eemp\u0103rt\u0103\u0219esc cu tine tiparele \u0219i factorii esen\u021biali de calificare care ne vor preg\u0103ti s\u0103 devenim genul de oameni care declan\u0219eaz\u0103 planurile \u0219i scopurile lui Dumnezeu pe p\u0103m\u00e2nt.<\/p>\n","protected":false},"excerpt":{"rendered":"<p>Cartea \u021aefania<\/p>\n","protected":false},"featured_media":37080,"template":"","meta":{"_acf_changed":false},"product_brand":[],"product_cat":[19],"product_tag":[450,446,444,448,451,449,459],"class_list":{"0":"post-37077","1":"product","2":"type-product","3":"status-publish","4":"has-post-thumbnail","6":"product_cat-slujind-trupul-lui-hristos","7":"product_tag-isus","8":"product_tag-james-singh","9":"product_tag-librarie-alfa-omega","10":"product_tag-librarie-crestina","11":"product_tag-pdf","12":"product_tag-produse-crestine","13":"product_tag-ramasita","14":"pa_autori-james-singh","15":"pa_format-carte-tiparita","16":"pa_format-carte-electronica","18":"first","19":"instock","20":"shipping-taxable","21":"purchasable","22":"product-type-variable"},"acf":[],"_links":{"self":[{"href":"https:\/\/alfaomega.tv\/librarie\/wp-json\/wp\/v2\/product\/37077","targetHints":{"allow":["GET"]}}],"collection":[{"href":"https:\/\/alfaomega.tv\/librarie\/wp-json\/wp\/v2\/product"}],"about":[{"href":"https:\/\/alfaomega.tv\/librarie\/wp-json\/wp\/v2\/types\/product"}],"wp:featuredmedia":[{"embeddable":true,"href":"https:\/\/alfaomega.tv\/librarie\/wp-json\/wp\/v2\/media\/37080"}],"wp:attachment":[{"href":"https:\/\/alfaomega.tv\/librarie\/wp-json\/wp\/v2\/media?parent=37077"}],"wp:term":[{"taxonomy":"product_brand","embeddable":true,"href":"https:\/\/alfaomega.tv\/librarie\/wp-json\/wp\/v2\/product_brand?post=37077"},{"taxonomy":"product_cat","embeddable":true,"href":"https:\/\/alfaomega.tv\/librarie\/wp-json\/wp\/v2\/product_cat?post=37077"},{"taxonomy":"product_tag","embeddable":true,"href":"https:\/\/alfaomega.tv\/librarie\/wp-json\/wp\/v2\/product_tag?post=37077"}],"curies":[{"name":"wp","href":"https:\/\/api.w.org\/{rel}","templated":true}]}}