{"id":37081,"date":"2025-11-11T09:42:59","date_gmt":"2025-11-11T09:42:59","guid":{"rendered":"https:\/\/alfaomega.tv\/librarie\/?post_type=product&#038;p=37081"},"modified":"2026-03-10T11:24:24","modified_gmt":"2026-03-10T11:24:24","slug":"frica-de-domnul","status":"publish","type":"product","link":"https:\/\/alfaomega.tv\/librarie\/produse\/identitate-crestere-spirituala-revelatie\/frica-de-domnul\/","title":{"rendered":"Frica de Domnul"},"content":{"rendered":"<p>T\u00e2nje\u0219ti dup\u0103 c\u0103l\u0103uzirea zilnic\u0103 a lui Dumnezeu \u0219i dore\u0219ti s\u0103 fii un vas folositor \u00een slujba Lui?<\/p>\n<p>Aceast\u0103 carte ofer\u0103 o solu\u021bie simpl\u0103, dar puternic\u0103, numit\u0103 Frica de Domnul. Evanghelistul James Singh dezv\u0103luie secretele \u00een\u021belegerii a ceea ce \u00eenseamn\u0103 s\u0103 ai reveren\u021b\u0103 fa\u021b\u0103 de Dumnezeu \u0219i cum po\u021bi cultiva aceast\u0103 fric\u0103 sf\u00e2nt\u0103.<\/p>\n<p>Aplic\u0103 principiile acestea \u0219i revendic\u0103 promisiuni precum a avea privirea Domnului \u00eendreptat\u0103 asupra ta, a avea ocrotirea \u00eengerilor \u0219i a beneficia din abunden\u021b\u0103 de binecuv\u00e2nt\u0103rilor Sale. C\u0103utarea \u00een\u021belepciunii trebuie s\u0103 \u00eenceap\u0103 din partea ta cu frica de Domnul.<\/p>\n","protected":false},"excerpt":{"rendered":"<p>T\u00e2nje\u0219ti dup\u0103 c\u0103l\u0103uzirea zilnic\u0103 a lui Dumnezeu \u0219i dore\u0219ti s\u0103 fii un vas folositor \u00een slujba Lui? Aceast\u0103 carte ofer\u0103 o solu\u021bie simpl\u0103, dar puternic\u0103, numit\u0103 Frica de Domnul. Evanghelistul James Singh dezv\u0103luie secretele \u00een\u021belegerii a ceea ce \u00eenseamn\u0103 s\u0103 ai reveren\u021b\u0103 fa\u021b\u0103 de Dumnezeu \u0219i cum po\u021bi cultiva aceast\u0103 fric\u0103 sf\u00e2nt\u0103. Aplic\u0103 principiile acestea [&hellip;]<\/p>\n","protected":false},"featured_media":37084,"template":"","meta":{"_acf_changed":false},"product_brand":[],"product_cat":[21],"product_tag":[],"class_list":{"0":"post-37081","1":"product","2":"type-product","3":"status-publish","4":"has-post-thumbnail","6":"product_cat-identitate-crestere-spirituala-revelatie","7":"pa_autori-james-singh","8":"pa_format-carte-tiparita","9":"pa_format-carte-electronica","11":"first","12":"instock","13":"shipping-taxable","14":"purchasable","15":"product-type-variable"},"acf":[],"_links":{"self":[{"href":"https:\/\/alfaomega.tv\/librarie\/wp-json\/wp\/v2\/product\/37081","targetHints":{"allow":["GET"]}}],"collection":[{"href":"https:\/\/alfaomega.tv\/librarie\/wp-json\/wp\/v2\/product"}],"about":[{"href":"https:\/\/alfaomega.tv\/librarie\/wp-json\/wp\/v2\/types\/product"}],"wp:featuredmedia":[{"embeddable":true,"href":"https:\/\/alfaomega.tv\/librarie\/wp-json\/wp\/v2\/media\/37084"}],"wp:attachment":[{"href":"https:\/\/alfaomega.tv\/librarie\/wp-json\/wp\/v2\/media?parent=37081"}],"wp:term":[{"taxonomy":"product_brand","embeddable":true,"href":"https:\/\/alfaomega.tv\/librarie\/wp-json\/wp\/v2\/product_brand?post=37081"},{"taxonomy":"product_cat","embeddable":true,"href":"https:\/\/alfaomega.tv\/librarie\/wp-json\/wp\/v2\/product_cat?post=37081"},{"taxonomy":"product_tag","embeddable":true,"href":"https:\/\/alfaomega.tv\/librarie\/wp-json\/wp\/v2\/product_tag?post=37081"}],"curies":[{"name":"wp","href":"https:\/\/api.w.org\/{rel}","templated":true}]}}