{"id":37085,"date":"2025-11-11T09:45:47","date_gmt":"2025-11-11T09:45:47","guid":{"rendered":"https:\/\/alfaomega.tv\/librarie\/?post_type=product&#038;p=37085"},"modified":"2026-03-10T11:21:14","modified_gmt":"2026-03-10T11:21:14","slug":"imi-veti-auzi-vocea","status":"publish","type":"product","link":"https:\/\/alfaomega.tv\/librarie\/produse\/slujind-trupul-lui-hristos\/imi-veti-auzi-vocea\/","title":{"rendered":"\u00cemi ve\u021bi auzi vocea"},"content":{"rendered":"<p>De la \u00eenceputul crea\u021biei, Dumnezeu a vorbit \u00een mod continuu omului. I-a vorbit lui Adam zilnic \u00een r\u0103coarea zilei. L-a \u00eenv\u0103\u021bat pe Noe s\u0103 construiasc\u0103 o arc\u0103. I-a spus lui Avraam s\u0103 \u00ee\u0219i lase \u021bara, poporul \u0219i casa tat\u0103lui s\u0103u ca s\u0103 mearg\u0103 \u00een \u021bara \u00een care \u00eel va conduce \u0219i i-a promis c\u0103 va fi un om mare \u0219i tat\u0103l unei na\u021biuni. Dumnezeu i-a vorbit lui Moise \u0219i i-a spus s\u0103-i elibereze pe israeli\u021bi din m\u00e2inile dictatoriale ale lui Faraon. Domnul i-a vorbit \u0219i lui Iosua, David, Isaia, Ieremia, Iosif, precum \u0219i multora din Noul Testament.<\/p>\n","protected":false},"excerpt":{"rendered":"<p>De la \u00eenceputul crea\u021biei, Dumnezeu a vorbit \u00een mod continuu omului. I-a vorbit lui Adam zilnic \u00een r\u0103coarea zilei. L-a \u00eenv\u0103\u021bat pe Noe s\u0103 construiasc\u0103 o arc\u0103. I-a spus lui Avraam s\u0103 \u00ee\u0219i lase \u021bara, poporul \u0219i casa tat\u0103lui s\u0103u ca s\u0103 mearg\u0103 \u00een \u021bara \u00een care \u00eel va conduce \u0219i i-a promis c\u0103 va [&hellip;]<\/p>\n","protected":false},"featured_media":37088,"template":"","meta":{"_acf_changed":false},"product_brand":[],"product_cat":[19],"product_tag":[],"class_list":{"0":"post-37085","1":"product","2":"type-product","3":"status-publish","4":"has-post-thumbnail","6":"product_cat-slujind-trupul-lui-hristos","7":"pa_autori-james-singh","8":"pa_format-carte-tiparita","9":"pa_format-carte-electronica","11":"first","12":"instock","13":"shipping-taxable","14":"purchasable","15":"product-type-variable"},"acf":[],"_links":{"self":[{"href":"https:\/\/alfaomega.tv\/librarie\/wp-json\/wp\/v2\/product\/37085","targetHints":{"allow":["GET"]}}],"collection":[{"href":"https:\/\/alfaomega.tv\/librarie\/wp-json\/wp\/v2\/product"}],"about":[{"href":"https:\/\/alfaomega.tv\/librarie\/wp-json\/wp\/v2\/types\/product"}],"wp:featuredmedia":[{"embeddable":true,"href":"https:\/\/alfaomega.tv\/librarie\/wp-json\/wp\/v2\/media\/37088"}],"wp:attachment":[{"href":"https:\/\/alfaomega.tv\/librarie\/wp-json\/wp\/v2\/media?parent=37085"}],"wp:term":[{"taxonomy":"product_brand","embeddable":true,"href":"https:\/\/alfaomega.tv\/librarie\/wp-json\/wp\/v2\/product_brand?post=37085"},{"taxonomy":"product_cat","embeddable":true,"href":"https:\/\/alfaomega.tv\/librarie\/wp-json\/wp\/v2\/product_cat?post=37085"},{"taxonomy":"product_tag","embeddable":true,"href":"https:\/\/alfaomega.tv\/librarie\/wp-json\/wp\/v2\/product_tag?post=37085"}],"curies":[{"name":"wp","href":"https:\/\/api.w.org\/{rel}","templated":true}]}}