{"id":37090,"date":"2025-11-11T09:48:35","date_gmt":"2025-11-11T09:48:35","guid":{"rendered":"https:\/\/alfaomega.tv\/librarie\/?post_type=product&#038;p=37090"},"modified":"2026-03-10T11:18:17","modified_gmt":"2026-03-10T11:18:17","slug":"numele-lui-este-satnam","status":"publish","type":"product","link":"https:\/\/alfaomega.tv\/librarie\/produse\/identitate-crestere-spirituala-revelatie\/numele-lui-este-satnam\/","title":{"rendered":"Numele lui este Satnam"},"content":{"rendered":"<p>Aceast\u0103 carte s-a n\u0103scut din c\u0103utarea mea dup\u0103 ADEV\u0102R. Aceast\u0103 c\u0103utare a aprins \u0219i a sus\u021binut pasiunea mea pentru ADEV\u0102R de-a lungul multor ani, iar aceast\u0103 pasiune o \u00eemp\u0103rt\u0103\u0219esc \u00een paginile care urmeaz\u0103. Ca sikh, am t\u00e2njit dup\u0103 ADEV\u0102R asemenea multora, \u0219i \u00een c\u0103utarea mea am g\u0103sit ADEV\u0102RUL \u00een persoana lui ISUS HRISTOS, Fiul Dumnezeului celui viu. Titlul acestei c\u0103r\u021bi este NUMELE LUI ESTE SATNAM. \u201eSAT\u201d \u00eenseamn\u0103 adev\u0103r, iar \u201eNAM\u201d \u00eenseamn\u0103 nume. Aceast\u0103 carte \u00ee\u021bi va st\u00e2rni apetitul la nivelul duhului, sufletului, a inimii \u0219i a min\u021bii c\u0103tre Lumina Suprem\u0103 sau Param-Jot, a\u0219a cum este descris\u0103 de sikh\u0219i.<\/p>\n","protected":false},"excerpt":{"rendered":"<p>Conceptul m\u00e2ntuirii \u00een cre\u0219tinism \u0219i sikhism<\/p>\n","protected":false},"featured_media":37093,"template":"","meta":{"_acf_changed":false},"product_brand":[],"product_cat":[21],"product_tag":[447,443,450,446,444,448,451,449,445],"class_list":{"0":"post-37090","1":"product","2":"type-product","3":"status-publish","4":"has-post-thumbnail","6":"product_cat-identitate-crestere-spirituala-revelatie","7":"product_tag-alfa-omega","8":"product_tag-carte","9":"product_tag-isus","10":"product_tag-james-singh","11":"product_tag-librarie-alfa-omega","12":"product_tag-librarie-crestina","13":"product_tag-pdf","14":"product_tag-produse-crestine","15":"product_tag-satnam","16":"pa_autori-james-singh","17":"pa_format-carte-tiparita","18":"pa_format-carte-electronica","20":"first","21":"instock","22":"shipping-taxable","23":"purchasable","24":"product-type-variable"},"acf":[],"_links":{"self":[{"href":"https:\/\/alfaomega.tv\/librarie\/wp-json\/wp\/v2\/product\/37090","targetHints":{"allow":["GET"]}}],"collection":[{"href":"https:\/\/alfaomega.tv\/librarie\/wp-json\/wp\/v2\/product"}],"about":[{"href":"https:\/\/alfaomega.tv\/librarie\/wp-json\/wp\/v2\/types\/product"}],"wp:featuredmedia":[{"embeddable":true,"href":"https:\/\/alfaomega.tv\/librarie\/wp-json\/wp\/v2\/media\/37093"}],"wp:attachment":[{"href":"https:\/\/alfaomega.tv\/librarie\/wp-json\/wp\/v2\/media?parent=37090"}],"wp:term":[{"taxonomy":"product_brand","embeddable":true,"href":"https:\/\/alfaomega.tv\/librarie\/wp-json\/wp\/v2\/product_brand?post=37090"},{"taxonomy":"product_cat","embeddable":true,"href":"https:\/\/alfaomega.tv\/librarie\/wp-json\/wp\/v2\/product_cat?post=37090"},{"taxonomy":"product_tag","embeddable":true,"href":"https:\/\/alfaomega.tv\/librarie\/wp-json\/wp\/v2\/product_tag?post=37090"}],"curies":[{"name":"wp","href":"https:\/\/api.w.org\/{rel}","templated":true}]}}