{"id":37098,"date":"2025-11-11T09:53:45","date_gmt":"2025-11-11T09:53:45","guid":{"rendered":"https:\/\/alfaomega.tv\/librarie\/?post_type=product&#038;p=37098"},"modified":"2026-03-10T11:09:37","modified_gmt":"2026-03-10T11:09:37","slug":"altarul-pangarit","status":"publish","type":"product","link":"https:\/\/alfaomega.tv\/librarie\/produse\/slujind-trupul-lui-hristos\/altarul-pangarit\/","title":{"rendered":"Altarul p\u00e2ng\u0103rit"},"content":{"rendered":"<p>1 \u00cemp\u0103ra\u021bi 18 descrie o vreme c\u00e2nd na\u021biunea lui Israel era divizat\u0103, r\u0103t\u0103cind \u00een idolatrie \u0219i uit\u00e2nd de leg\u0103m\u00e2ntul ei cu Dumnezeu. Dumnezeu a ridicat un proroc numit Ilie care avea o povar\u0103 sf\u00e2nt\u0103 \u2013 s\u0103 restaureze ceea ce fusese p\u00e2ng\u0103rit. El a rezidit altarul Domnului \u0219i a adus o jertf\u0103 pl\u0103cut\u0103 lui Dumnezeu, atr\u0103g\u00e2nd astfel foc din cer.<br \/>\nAst\u0103zi, ne afl\u0103m \u00eentr-un moment asem\u0103n\u0103tor. Lumea este destr\u0103mat\u0103. Genera\u021bii de credincio\u0219i cad prad\u0103 apostaziei. Cuv\u00e2ntul sacru este uitat. \u0218i totu\u0219i, povestea nu s-a \u00eencheiat.<br \/>\nProrocul Maleahi a vestit c\u0103 \u00eenainte de ziua cea mare \u0219i \u00eenfrico\u0219at\u0103 a Domnului, Dumnezeu va trimite din nou duhul lui Ilie \u2013 ca s\u0103 \u00eentoarc\u0103 inimile, s\u0103 vindece genera\u021biile \u0219i s\u0103 cheme oamenii \u00eenapoi la El. Dumnezeu \u00ce\u0219i restaureaz\u0103 altarul, nu pe v\u00e2rfuri de mun\u021bi, ci \u00een inimile noastre.<br \/>\nAltarul p\u00e2ng\u0103rit este un apel oportun de a recunoa\u0219te fr\u00e2ngerea interioar\u0103 \u0219i de a ne \u00eentoarce la Dumnezeul care \u00eenc\u0103 r\u0103spunde cu foc.<\/p>\n","protected":false},"excerpt":{"rendered":"<p>Cartea lui Maleahi<\/p>\n","protected":false},"featured_media":37101,"template":"","meta":{"_acf_changed":false},"product_brand":[],"product_cat":[19],"product_tag":[],"class_list":{"0":"post-37098","1":"product","2":"type-product","3":"status-publish","4":"has-post-thumbnail","6":"product_cat-slujind-trupul-lui-hristos","7":"pa_autori-james-singh","8":"pa_format-carte-tiparita","9":"pa_format-carte-electronica","11":"first","12":"instock","13":"shipping-taxable","14":"purchasable","15":"product-type-variable"},"acf":[],"_links":{"self":[{"href":"https:\/\/alfaomega.tv\/librarie\/wp-json\/wp\/v2\/product\/37098","targetHints":{"allow":["GET"]}}],"collection":[{"href":"https:\/\/alfaomega.tv\/librarie\/wp-json\/wp\/v2\/product"}],"about":[{"href":"https:\/\/alfaomega.tv\/librarie\/wp-json\/wp\/v2\/types\/product"}],"wp:featuredmedia":[{"embeddable":true,"href":"https:\/\/alfaomega.tv\/librarie\/wp-json\/wp\/v2\/media\/37101"}],"wp:attachment":[{"href":"https:\/\/alfaomega.tv\/librarie\/wp-json\/wp\/v2\/media?parent=37098"}],"wp:term":[{"taxonomy":"product_brand","embeddable":true,"href":"https:\/\/alfaomega.tv\/librarie\/wp-json\/wp\/v2\/product_brand?post=37098"},{"taxonomy":"product_cat","embeddable":true,"href":"https:\/\/alfaomega.tv\/librarie\/wp-json\/wp\/v2\/product_cat?post=37098"},{"taxonomy":"product_tag","embeddable":true,"href":"https:\/\/alfaomega.tv\/librarie\/wp-json\/wp\/v2\/product_tag?post=37098"}],"curies":[{"name":"wp","href":"https:\/\/api.w.org\/{rel}","templated":true}]}}