{"id":37118,"date":"2025-11-13T13:40:34","date_gmt":"2025-11-13T13:40:34","guid":{"rendered":"https:\/\/alfaomega.tv\/librarie\/?post_type=product&#038;p=37118"},"modified":"2025-12-08T09:45:17","modified_gmt":"2025-12-08T09:45:17","slug":"cum-sa-cresti-in-rabdare","status":"publish","type":"product","link":"https:\/\/alfaomega.tv\/librarie\/produse\/identitate-crestere-spirituala-revelatie\/cum-sa-cresti-in-rabdare\/","title":{"rendered":"Cum s\u0103 cre\u0219ti \u00een r\u0103bdare"},"content":{"rendered":"<p>Aceast\u0103 serie de bro\u0219uri semnate de Joyce Meyer ofer\u0103 \u00eendrumare practic\u0103 \u0219i \u00eencurajare spiritual\u0103 pentru vindecare emo\u021bional\u0103, cre\u0219tere personal\u0103 \u0219i aprofundarea rela\u021biei cu Dumnezeu.<\/p>\n<p>Prin teme precum respingerea, rug\u0103ciunea, auzirea lui Dumnezeu, anxietatea, r\u0103bdarea, iertarea \u0219i eliberarea de vinov\u0103\u021bie, cititorul este \u00eencurajat s\u0103 p\u0103\u0219easc\u0103 \u00eentr-o via\u021b\u0103 mai lini\u0219tit\u0103, echilibrat\u0103 \u0219i plin\u0103 de \u00eencredere.<\/p>\n<p>&nbsp;<\/p>\n<p>&nbsp;<\/p>\n<p>Cuv\u00e2ntul <i>\u201er\u0103bdare\u201d<\/i> \u00eenseamn\u0103 \u201e\u00eendelung r\u0103bd\u0103tor, bl\u00e2nd; constant \u00een toate circumstan\u021bele\u201d.<\/p>\n<p>Adesea asociem r\u0103bdarea cu a\u0219teptarea, \u0219i pe bun\u0103 dreptate. Cu toate acestea, r\u0103bdarea nu \u00eenseamn\u0103 doar a a\u0219tepta &#8211; cu to\u021bii vom avea de a\u0219teptat, fie c\u0103 ne place sau nu. Dar r\u0103bdarea este modul \u00een care ac\u021bion\u0103m \u00een timp ce a\u0219tept\u0103m.<\/p>\n<p>Cred c\u0103 Domnul vrea s\u0103 foloseasc\u0103 aceast\u0103 carte pentru a avea un impact puternic asupra vie\u021bii tale. Pentru c\u0103 r\u0103bdarea nu numai c\u0103 te va ajuta s\u0103 rezi\u0219ti \u00een timp ce a\u0219tep\u021bi promisiunea, dar \u00ee\u021bi va permite \u0219i s\u0103 te bucuri de c\u0103l\u0103torie p\u00e2n\u0103 acolo.<\/p>\n","protected":false},"excerpt":{"rendered":"<p>O carte care te \u00eenva\u021b\u0103 s\u0103 tr\u0103ie\u0219ti r\u0103bdarea ca pe o atitudine de \u00eencredere \u0219i bucurie \u00een timp ce a\u0219tep\u021bi promisiunile lui Dumnezeu, nu doar ca pe o perioad\u0103 de a\u0219teptare<\/p>\n","protected":false},"featured_media":37120,"template":"","meta":{"_acf_changed":false},"product_brand":[],"product_cat":[21,15],"product_tag":[],"class_list":{"0":"post-37118","1":"product","2":"type-product","3":"status-publish","4":"has-post-thumbnail","6":"product_cat-identitate-crestere-spirituala-revelatie","7":"product_cat-uncategorized","8":"pa_autori-joyce-meyer","9":"pa_format-carte-electronica","11":"first","12":"instock","13":"shipping-taxable","14":"purchasable","15":"product-type-variable","16":"has-default-attributes"},"acf":[],"_links":{"self":[{"href":"https:\/\/alfaomega.tv\/librarie\/wp-json\/wp\/v2\/product\/37118","targetHints":{"allow":["GET"]}}],"collection":[{"href":"https:\/\/alfaomega.tv\/librarie\/wp-json\/wp\/v2\/product"}],"about":[{"href":"https:\/\/alfaomega.tv\/librarie\/wp-json\/wp\/v2\/types\/product"}],"wp:featuredmedia":[{"embeddable":true,"href":"https:\/\/alfaomega.tv\/librarie\/wp-json\/wp\/v2\/media\/37120"}],"wp:attachment":[{"href":"https:\/\/alfaomega.tv\/librarie\/wp-json\/wp\/v2\/media?parent=37118"}],"wp:term":[{"taxonomy":"product_brand","embeddable":true,"href":"https:\/\/alfaomega.tv\/librarie\/wp-json\/wp\/v2\/product_brand?post=37118"},{"taxonomy":"product_cat","embeddable":true,"href":"https:\/\/alfaomega.tv\/librarie\/wp-json\/wp\/v2\/product_cat?post=37118"},{"taxonomy":"product_tag","embeddable":true,"href":"https:\/\/alfaomega.tv\/librarie\/wp-json\/wp\/v2\/product_tag?post=37118"}],"curies":[{"name":"wp","href":"https:\/\/api.w.org\/{rel}","templated":true}]}}