{"id":37123,"date":"2025-11-13T13:43:22","date_gmt":"2025-11-13T13:43:22","guid":{"rendered":"https:\/\/alfaomega.tv\/librarie\/?post_type=product&#038;p=37123"},"modified":"2025-12-08T09:44:11","modified_gmt":"2025-12-08T09:44:11","slug":"cum-sa-invingi-anxietatea","status":"publish","type":"product","link":"https:\/\/alfaomega.tv\/librarie\/produse\/identitate-crestere-spirituala-revelatie\/cum-sa-invingi-anxietatea\/","title":{"rendered":"Cum s\u0103 \u00eenvingi anxietatea"},"content":{"rendered":"<p>Aceast\u0103 serie de bro\u0219uri semnate de Joyce Meyer ofer\u0103 \u00eendrumare practic\u0103 \u0219i \u00eencurajare spiritual\u0103 pentru vindecare emo\u021bional\u0103, cre\u0219tere personal\u0103 \u0219i aprofundarea rela\u021biei cu Dumnezeu.<\/p>\n<p>Prin teme precum respingerea, rug\u0103ciunea, auzirea lui Dumnezeu, anxietatea, r\u0103bdarea, iertarea \u0219i eliberarea de vinov\u0103\u021bie, cititorul este \u00eencurajat s\u0103 p\u0103\u0219easc\u0103 \u00eentr-o via\u021b\u0103 mai lini\u0219tit\u0103, echilibrat\u0103 \u0219i plin\u0103 de \u00eencredere.<\/p>\n<p>&nbsp;<\/p>\n<p>&nbsp;<\/p>\n<p>C\u00e2nd spun cuv\u00e2ntul \u201eanxietate\u201d, sunt sigur c\u0103 are un \u00een\u021beles pu\u021bin diferit pentru fiecare. Ea vine sub diverse forme \u0219i ne poate face s\u0103 ne sim\u021bim \u00eengrijora\u021bi, speria\u021bi \u0219i chiar bolnavi.<\/p>\n<p>Indiferent prin ce treci ast\u0103zi &#8211; indiferent c\u00e2t de intimidant\u0103 pare situa\u021bia ta, indiferent c\u00e2t de stresante sunt lucrurile \u0219i indiferent c\u00e2t de descurajant\u0103 poate p\u0103rea via\u021ba &#8211; aminte\u0219te-\u021bi \u00eentotdeauna c\u0103 <b><i>Dumnezeu te iube\u0219te<\/i><\/b>.<\/p>\n","protected":false},"excerpt":{"rendered":"<p>O invita\u021bie la \u00eencredere \u0219i lini\u0219te, ar\u0103t\u00e2nd cum dragostea lui Dumnezeu poate aduce pace \u00een mijlocul grijilor, fricilor \u0219i situa\u021biilor stresante<\/p>\n","protected":false},"featured_media":37125,"template":"","meta":{"_acf_changed":false},"product_brand":[],"product_cat":[21,15],"product_tag":[],"class_list":{"0":"post-37123","1":"product","2":"type-product","3":"status-publish","4":"has-post-thumbnail","6":"product_cat-identitate-crestere-spirituala-revelatie","7":"product_cat-uncategorized","8":"pa_autori-joyce-meyer","9":"pa_format-carte-electronica","11":"first","12":"instock","13":"shipping-taxable","14":"purchasable","15":"product-type-variable","16":"has-default-attributes"},"acf":[],"_links":{"self":[{"href":"https:\/\/alfaomega.tv\/librarie\/wp-json\/wp\/v2\/product\/37123","targetHints":{"allow":["GET"]}}],"collection":[{"href":"https:\/\/alfaomega.tv\/librarie\/wp-json\/wp\/v2\/product"}],"about":[{"href":"https:\/\/alfaomega.tv\/librarie\/wp-json\/wp\/v2\/types\/product"}],"wp:featuredmedia":[{"embeddable":true,"href":"https:\/\/alfaomega.tv\/librarie\/wp-json\/wp\/v2\/media\/37125"}],"wp:attachment":[{"href":"https:\/\/alfaomega.tv\/librarie\/wp-json\/wp\/v2\/media?parent=37123"}],"wp:term":[{"taxonomy":"product_brand","embeddable":true,"href":"https:\/\/alfaomega.tv\/librarie\/wp-json\/wp\/v2\/product_brand?post=37123"},{"taxonomy":"product_cat","embeddable":true,"href":"https:\/\/alfaomega.tv\/librarie\/wp-json\/wp\/v2\/product_cat?post=37123"},{"taxonomy":"product_tag","embeddable":true,"href":"https:\/\/alfaomega.tv\/librarie\/wp-json\/wp\/v2\/product_tag?post=37123"}],"curies":[{"name":"wp","href":"https:\/\/api.w.org\/{rel}","templated":true}]}}