{"id":37126,"date":"2025-11-13T13:47:25","date_gmt":"2025-11-13T13:47:25","guid":{"rendered":"https:\/\/alfaomega.tv\/librarie\/?post_type=product&#038;p=37126"},"modified":"2025-12-08T09:31:40","modified_gmt":"2025-12-08T09:31:40","slug":"cum-sa-invingi-respingerea","status":"publish","type":"product","link":"https:\/\/alfaomega.tv\/librarie\/produse\/identitate-crestere-spirituala-revelatie\/cum-sa-invingi-respingerea\/","title":{"rendered":"Cum s\u0103 \u00eenvingi respingerea"},"content":{"rendered":"<p>Aceast\u0103 serie de bro\u0219uri semnate de Joyce Meyer ofer\u0103 \u00eendrumare practic\u0103 \u0219i \u00eencurajare spiritual\u0103 pentru vindecare emo\u021bional\u0103, cre\u0219tere personal\u0103 \u0219i aprofundarea rela\u021biei cu Dumnezeu.<\/p>\n<p>Prin teme precum respingerea, rug\u0103ciunea, auzirea lui Dumnezeu, anxietatea, r\u0103bdarea, iertarea \u0219i eliberarea de vinov\u0103\u021bie, cititorul este \u00eencurajat s\u0103 p\u0103\u0219easc\u0103 \u00eentr-o via\u021b\u0103 mai lini\u0219tit\u0103, echilibrat\u0103 \u0219i plin\u0103 de \u00eencredere.<\/p>\n<p>&nbsp;<\/p>\n<p>&nbsp;<\/p>\n<p>Cu to\u021bii experiment\u0103m respingerea la un moment dat \u00een via\u021ba noastr\u0103. Fie c\u0103 suntem tachina\u021bi \u00een copil\u0103rie, trecem printr-un divor\u021b dureros sau chiar suferim abuzuri sub o form\u0103 sau alta, respingerea are poten\u021bialul de a produce efecte de lung\u0103 durat\u0103 \u015fi de a ne provoca mult\u0103 durere emo\u021bional\u0103.<\/p>\n<p>Dac\u0103 te confrun\u021bi cu r\u0103ni din trecut, te \u00eencurajez s\u0103 te \u00eentorci la Cel care nu te va respinge niciodat\u0103.<\/p>\n<p>Permite Cuv\u00e2ntului S\u0103u s\u0103 \u00ee\u021bi vindece mintea \u015fi emo\u021biile. Pe m\u0103sur\u0103 ce o faci, vei descoperi dragostea \u015fi acceptarea Sa uimitoare&#8230; \u015fi vei experimenta vindecarea de durerea cauzat\u0103 de respingere.<\/p>\n","protected":false},"excerpt":{"rendered":"<p>O bro\u0219ur\u0103 care te ajut\u0103 s\u0103-\u021bi vindeci r\u0103nile emo\u021bionale ale respingerii, descoperind iubirea \u0219i acceptarea lui Dumnezeu care aduc restaurare \u0219i pace<\/p>\n","protected":false},"featured_media":37128,"template":"","meta":{"_acf_changed":false},"product_brand":[],"product_cat":[21,15],"product_tag":[],"class_list":{"0":"post-37126","1":"product","2":"type-product","3":"status-publish","4":"has-post-thumbnail","6":"product_cat-identitate-crestere-spirituala-revelatie","7":"product_cat-uncategorized","8":"pa_autori-joyce-meyer","9":"pa_format-carte-electronica","11":"first","12":"instock","13":"shipping-taxable","14":"purchasable","15":"product-type-variable","16":"has-default-attributes"},"acf":[],"_links":{"self":[{"href":"https:\/\/alfaomega.tv\/librarie\/wp-json\/wp\/v2\/product\/37126","targetHints":{"allow":["GET"]}}],"collection":[{"href":"https:\/\/alfaomega.tv\/librarie\/wp-json\/wp\/v2\/product"}],"about":[{"href":"https:\/\/alfaomega.tv\/librarie\/wp-json\/wp\/v2\/types\/product"}],"wp:featuredmedia":[{"embeddable":true,"href":"https:\/\/alfaomega.tv\/librarie\/wp-json\/wp\/v2\/media\/37128"}],"wp:attachment":[{"href":"https:\/\/alfaomega.tv\/librarie\/wp-json\/wp\/v2\/media?parent=37126"}],"wp:term":[{"taxonomy":"product_brand","embeddable":true,"href":"https:\/\/alfaomega.tv\/librarie\/wp-json\/wp\/v2\/product_brand?post=37126"},{"taxonomy":"product_cat","embeddable":true,"href":"https:\/\/alfaomega.tv\/librarie\/wp-json\/wp\/v2\/product_cat?post=37126"},{"taxonomy":"product_tag","embeddable":true,"href":"https:\/\/alfaomega.tv\/librarie\/wp-json\/wp\/v2\/product_tag?post=37126"}],"curies":[{"name":"wp","href":"https:\/\/api.w.org\/{rel}","templated":true}]}}