{"id":37137,"date":"2025-11-19T14:41:34","date_gmt":"2025-11-19T14:41:34","guid":{"rendered":"https:\/\/alfaomega.tv\/librarie\/?post_type=product&#038;p=37137"},"modified":"2026-03-10T10:53:12","modified_gmt":"2026-03-10T10:53:12","slug":"vei-trai-si-nu-vei-muri","status":"publish","type":"product","link":"https:\/\/alfaomega.tv\/librarie\/produse\/identitate-crestere-spirituala-revelatie\/vei-trai-si-nu-vei-muri\/","title":{"rendered":"Vei tr\u0103i \u0219i nu vei muri"},"content":{"rendered":"<p>\u00cen <i>Vei tr\u0103i \u0219i nu vei muri<\/i>, Margaret Green \u00eei \u00eencurajeaz\u0103 pe cititori s\u0103 priveasc\u0103 dincolo de circumstan\u021bele lor \u0219i s\u0103 se sprijine pe Cuv\u00e2ntul puternic al lui Dumnezeu pentru eliberare din orice suferin\u021b\u0103 \u2014 fie ea emo\u021bional\u0103 sau fizic\u0103. Ea le reaminte\u0219te cititorilor de marile miracole ale lui Isus Hristos \u0219i de modul \u00een care El poate aduce \u0219i oferi via\u021b\u0103 chiar \u0219i din situa\u021biile dificile \u0219i moarte cu care te-ai putea confrunta. Aceast\u0103 scurt\u0103 carte este plin\u0103 de scriptur\u0103 \u0219i de revela\u021bii puternice, pe care le po\u021bi personaliza \u0219i aplica situa\u021biei tale, \u00eent\u0103rindu-\u021bi, re\u00eennoindu-\u021bi \u0219i <b>catapult\u00e2ndu-\u021bi<\/b> credin\u021ba \u00eentr-o dimensiune mai \u00eenalt\u0103 \u00een acest proces!<\/p>\n<p><i>Vei tr\u0103i \u0219i nu vei muri<\/i> se \u00eencheie cu m\u0103rturia dinamic\u0103 a profetesei Green despre tot ceea ce a dep\u0103\u0219it: o copil\u0103rie tr\u0103it\u0103 \u00een s\u0103r\u0103cie extrem\u0103, o familie disfunc\u021bional\u0103 plin\u0103 de abuz, precum \u0219i evadarea miraculoas\u0103 dintr-un atac sexual violent, \u00een timp ce declara numele m\u0103re\u021b al lui Isus Hristos.<\/p>\n<p>\u00cen cele din urm\u0103, ea poveste\u0219te istoria puternic\u0103 despre cum Dumnezeu a vindecat-o \u00een mod supranatural de o sentin\u021b\u0103 medical\u0103 de moarte \u0219i a eliberat-o din robia neiert\u0103rii.<\/p>\n<p>Dac\u0103 te confrun\u021bi cu adversitate \u0219i cau\u021bi solu\u021bii victorioase, revela\u021bie spiritual\u0103 \u0219i descoperiri supranaturale <b>\u00een mijlocul<\/b> circumstan\u021belor \u0219i dificult\u0103\u021bilor tale, <i>Vei tr\u0103i \u0219i nu vei muri<\/i> este lectura perfect\u0103 pentru tine!<\/p>\n","protected":false},"excerpt":{"rendered":"<p>Victorie supranatural\u0103 \u00eempotriva \u00eemprejur\u0103rilor potrivnice<\/p>\n","protected":false},"featured_media":37140,"template":"","meta":{"_acf_changed":false},"product_brand":[],"product_cat":[21],"product_tag":[],"class_list":{"0":"post-37137","1":"product","2":"type-product","3":"status-publish","4":"has-post-thumbnail","6":"product_cat-identitate-crestere-spirituala-revelatie","7":"pa_autori-margaret-g-green","8":"pa_format-carte-tiparita","9":"pa_format-carte-electronica","11":"first","12":"instock","13":"shipping-taxable","14":"purchasable","15":"product-type-variable"},"acf":[],"_links":{"self":[{"href":"https:\/\/alfaomega.tv\/librarie\/wp-json\/wp\/v2\/product\/37137","targetHints":{"allow":["GET"]}}],"collection":[{"href":"https:\/\/alfaomega.tv\/librarie\/wp-json\/wp\/v2\/product"}],"about":[{"href":"https:\/\/alfaomega.tv\/librarie\/wp-json\/wp\/v2\/types\/product"}],"wp:featuredmedia":[{"embeddable":true,"href":"https:\/\/alfaomega.tv\/librarie\/wp-json\/wp\/v2\/media\/37140"}],"wp:attachment":[{"href":"https:\/\/alfaomega.tv\/librarie\/wp-json\/wp\/v2\/media?parent=37137"}],"wp:term":[{"taxonomy":"product_brand","embeddable":true,"href":"https:\/\/alfaomega.tv\/librarie\/wp-json\/wp\/v2\/product_brand?post=37137"},{"taxonomy":"product_cat","embeddable":true,"href":"https:\/\/alfaomega.tv\/librarie\/wp-json\/wp\/v2\/product_cat?post=37137"},{"taxonomy":"product_tag","embeddable":true,"href":"https:\/\/alfaomega.tv\/librarie\/wp-json\/wp\/v2\/product_tag?post=37137"}],"curies":[{"name":"wp","href":"https:\/\/api.w.org\/{rel}","templated":true}]}}