{"id":37141,"date":"2025-11-19T14:44:35","date_gmt":"2025-11-19T14:44:35","guid":{"rendered":"https:\/\/alfaomega.tv\/librarie\/?post_type=product&#038;p=37141"},"modified":"2026-03-10T10:48:31","modified_gmt":"2026-03-10T10:48:31","slug":"cum-sa-iti-dezvolti-cele-cinci-simturi-spirituale","status":"publish","type":"product","link":"https:\/\/alfaomega.tv\/librarie\/produse\/identitate-crestere-spirituala-revelatie\/cum-sa-iti-dezvolti-cele-cinci-simturi-spirituale\/","title":{"rendered":"Cum s\u0103 \u00ee\u021bi dezvol\u021bi cele cinci sim\u021buri spirituale"},"content":{"rendered":"<p>\u021ai s-a p\u0103rut vreodat\u0103 c\u0103 \u00cemp\u0103r\u0103\u021bia este at\u00e2t de aproape \u00eenc\u00e2t aproape po\u021bi s\u0103 o atingi? Ei, bine, a\u0219a este. Po\u021bi s\u0103 o atingi. S\u0103 nu mai vorbim de faptul c\u0103 o po\u021bi vedea, auzi, mirosi \u0219i gusta.<\/p>\n<p>Lumea spiritual\u0103 nev\u0103zut\u0103 este la fel de real\u0103 ca cea vizibil\u0103. De fapt, Scripturile ne spun c\u0103 este chiar mai real\u0103 (Evrei 11:3). Iar \u00een acela\u0219i fel \u00een care Dumnezeu ne-a dat cinci sim\u021buri naturale prin care s\u0103 interac\u021bion\u0103m cu lumea fizic\u0103, El ne-a dat cinci sim\u021buri spirituale prin care s\u0103 ne conect\u0103m cu lumea supranatural\u0103.<\/p>\n<p>\u00cen cartea de fa\u021b\u0103, Patricia King \u00eemp\u0103rt\u0103\u0219e\u0219te din bog\u0103\u021bia ei de experien\u021be \u0219i revela\u021bii cu scopul de a te ajuta s\u0103 \u00een\u021belegi sim\u021burile spirituale \u0219i cum s\u0103 le dezvol\u021bi. Aceast\u0103 carte nu este doar despre cunoa\u0219tere, ci ea este o poart\u0103 \u00eenspre experien\u021be supranaturale. Dac\u0103 e\u0219ti dornic s\u0103 auzi, s\u0103 vezi, s\u0103 gu\u0219ti, s\u0103 miro\u0219i \u0219i s\u0103 atingi mai mult din lumea spiritual\u0103 din jurul t\u0103u, cite\u0219te aceste pagini \u0219i preg\u0103te\u0219te-te s\u0103 se deschid\u0103 \u00eenaintea ta t\u0103r\u00e2muri cu totul noi.<\/p>\n","protected":false},"excerpt":{"rendered":"<p>Auzi, vezi, gust\u0103, miroase \u0219i atinge lumea invizibil\u0103 din jurul t\u0103u<\/p>\n","protected":false},"featured_media":37144,"template":"","meta":{"_acf_changed":false},"product_brand":[],"product_cat":[21],"product_tag":[],"class_list":{"0":"post-37141","1":"product","2":"type-product","3":"status-publish","4":"has-post-thumbnail","6":"product_cat-identitate-crestere-spirituala-revelatie","7":"pa_autori-patricia-king","8":"pa_format-carte-tiparita","9":"pa_format-carte-electronica","11":"first","12":"instock","13":"shipping-taxable","14":"purchasable","15":"product-type-variable"},"acf":[],"_links":{"self":[{"href":"https:\/\/alfaomega.tv\/librarie\/wp-json\/wp\/v2\/product\/37141","targetHints":{"allow":["GET"]}}],"collection":[{"href":"https:\/\/alfaomega.tv\/librarie\/wp-json\/wp\/v2\/product"}],"about":[{"href":"https:\/\/alfaomega.tv\/librarie\/wp-json\/wp\/v2\/types\/product"}],"wp:featuredmedia":[{"embeddable":true,"href":"https:\/\/alfaomega.tv\/librarie\/wp-json\/wp\/v2\/media\/37144"}],"wp:attachment":[{"href":"https:\/\/alfaomega.tv\/librarie\/wp-json\/wp\/v2\/media?parent=37141"}],"wp:term":[{"taxonomy":"product_brand","embeddable":true,"href":"https:\/\/alfaomega.tv\/librarie\/wp-json\/wp\/v2\/product_brand?post=37141"},{"taxonomy":"product_cat","embeddable":true,"href":"https:\/\/alfaomega.tv\/librarie\/wp-json\/wp\/v2\/product_cat?post=37141"},{"taxonomy":"product_tag","embeddable":true,"href":"https:\/\/alfaomega.tv\/librarie\/wp-json\/wp\/v2\/product_tag?post=37141"}],"curies":[{"name":"wp","href":"https:\/\/api.w.org\/{rel}","templated":true}]}}