{"id":37145,"date":"2025-11-19T14:47:06","date_gmt":"2025-11-19T14:47:06","guid":{"rendered":"https:\/\/alfaomega.tv\/librarie\/?post_type=product&#038;p=37145"},"modified":"2026-03-10T10:36:22","modified_gmt":"2026-03-10T10:36:22","slug":"ungerea-de-reumplere","status":"publish","type":"product","link":"https:\/\/alfaomega.tv\/librarie\/produse\/identitate-crestere-spirituala-revelatie\/ungerea-de-reumplere\/","title":{"rendered":"Ungerea de reumplere"},"content":{"rendered":"<p>Este <strong>o tain\u0103 plin\u0103 de putere<\/strong> care te va porni pe calea reumplerii miraculoase \u0219i a cre\u0219terii \u00een tot ceea ce te prive\u0219te \u2013 putere fizic\u0103, dragoste, timp, purtare de grij\u0103, daruri, ungere \u0219i orice altceva care curge dinspre tine spre Dumnezeu \u0219i spre cei din jur.<\/p>\n<p>Imagineaz\u0103-\u021bi c\u0103&#8230;<\/p>\n<ul>\n<li>d\u0103ruie\u0219ti bani din contul t\u0103u bancar \u0219i contul \u00ee\u021bi este imediat reumplut \u0219i \u00eenmul\u021bit.<\/li>\n<li>\u00ee\u021bi sacrifici timpul pentru a-\u021bi sluji un prieten \u00een nevoie \u0219i apoi descoperi c\u0103 timpul t\u0103u a fost suplinit \u00een mod supranatural, astfel \u00eenc\u00e2t acum ai ore din bel\u0219ug la dispozi\u021bie.<\/li>\n<li>\u00ee\u021bi consumi t\u0103ria pentru a-L sluji pe Domnul \u0219i pe ceilal\u021bi \u0219i, exact c\u00e2nd \u00eencepi s\u0103 te sim\u021bi gol, un val proasp\u0103t de putere te umple imediat.<\/li>\n<\/ul>\n<p>Cartea de fa\u021b\u0103 \u00eemp\u0103rt\u0103\u0219e\u0219te aceast\u0103 revela\u021bie de la Dumnezeu prin exemple biblice, perspective \u0219i chei, precum \u0219i prin aplica\u021bii practice, m\u0103rturii personale \u0219i decrete pentru activare.<\/p>\n","protected":false},"excerpt":{"rendered":"<p>Chei pentru a tr\u0103i \u00een cre\u0219tere supranatural\u0103<\/p>\n","protected":false},"featured_media":37148,"template":"","meta":{"_acf_changed":false},"product_brand":[],"product_cat":[21],"product_tag":[],"class_list":{"0":"post-37145","1":"product","2":"type-product","3":"status-publish","4":"has-post-thumbnail","6":"product_cat-identitate-crestere-spirituala-revelatie","7":"pa_autori-patricia-king","8":"pa_format-carte-tiparita","9":"pa_format-carte-electronica","11":"first","12":"instock","13":"shipping-taxable","14":"purchasable","15":"product-type-variable"},"acf":[],"_links":{"self":[{"href":"https:\/\/alfaomega.tv\/librarie\/wp-json\/wp\/v2\/product\/37145","targetHints":{"allow":["GET"]}}],"collection":[{"href":"https:\/\/alfaomega.tv\/librarie\/wp-json\/wp\/v2\/product"}],"about":[{"href":"https:\/\/alfaomega.tv\/librarie\/wp-json\/wp\/v2\/types\/product"}],"wp:featuredmedia":[{"embeddable":true,"href":"https:\/\/alfaomega.tv\/librarie\/wp-json\/wp\/v2\/media\/37148"}],"wp:attachment":[{"href":"https:\/\/alfaomega.tv\/librarie\/wp-json\/wp\/v2\/media?parent=37145"}],"wp:term":[{"taxonomy":"product_brand","embeddable":true,"href":"https:\/\/alfaomega.tv\/librarie\/wp-json\/wp\/v2\/product_brand?post=37145"},{"taxonomy":"product_cat","embeddable":true,"href":"https:\/\/alfaomega.tv\/librarie\/wp-json\/wp\/v2\/product_cat?post=37145"},{"taxonomy":"product_tag","embeddable":true,"href":"https:\/\/alfaomega.tv\/librarie\/wp-json\/wp\/v2\/product_tag?post=37145"}],"curies":[{"name":"wp","href":"https:\/\/api.w.org\/{rel}","templated":true}]}}