{"id":37171,"date":"2025-11-19T15:12:28","date_gmt":"2025-11-19T15:12:28","guid":{"rendered":"https:\/\/alfaomega.tv\/librarie\/?post_type=product&#038;p=37171"},"modified":"2025-12-08T09:47:01","modified_gmt":"2025-12-08T09:47:01","slug":"liber-de-vina-si-condamnare","status":"publish","type":"product","link":"https:\/\/alfaomega.tv\/librarie\/produse\/identitate-crestere-spirituala-revelatie\/liber-de-vina-si-condamnare\/","title":{"rendered":"Liber de vin\u0103 \u0219i condamnare"},"content":{"rendered":"<p>Aceast\u0103 serie de bro\u0219uri semnate de Joyce Meyer ofer\u0103 \u00eendrumare practic\u0103 \u0219i \u00eencurajare spiritual\u0103 pentru vindecare emo\u021bional\u0103, cre\u0219tere personal\u0103 \u0219i aprofundarea rela\u021biei cu Dumnezeu.<\/p>\n<p>Prin teme precum respingerea, rug\u0103ciunea, auzirea lui Dumnezeu, anxietatea, r\u0103bdarea, iertarea \u0219i eliberarea de vinov\u0103\u021bie, cititorul este \u00eencurajat s\u0103 p\u0103\u0219easc\u0103 \u00eentr-o via\u021b\u0103 mai lini\u0219tit\u0103, echilibrat\u0103 \u0219i plin\u0103 de \u00eencredere.<\/p>\n<p>&nbsp;<\/p>\n<p>&nbsp;<\/p>\n<p>&nbsp;<\/p>\n<p>Te sim\u021bi vreodat\u0103 vinovat? Ai vreodat\u0103 o vag\u0103 senza\u021bie c\u0103 ceva nu este \u00een regul\u0103 sau c\u0103 nu te po\u021bi ridica la \u00een\u0103l\u021bimea a\u0219tept\u0103rilor? \u021ai se pare dificil s\u0103 prime\u0219ti iertarea lui Dumnezeu&#8230; sau ai zile \u00een care e\u0219ti convins c\u0103 El nu este prea mul\u021bumit de tine? Ei bine, dac\u0103 da, nu e\u0219ti singur.<\/p>\n<p>Oriunde te-ai afla ast\u0103zi, pot spune cu certitudine c\u0103 nu este voia lui Dumnezeu ca tu s\u0103 te sim\u021bi vinovat, condamnat sau s\u0103 ai o p\u0103rere proast\u0103 despre tine \u00een vreun fel. Dimpotriv\u0103 &#8211; Dumnezeu vrea s\u0103 \u00ee\u021bi tr\u0103ie\u0219ti via\u021ba sim\u021bindu-te \u00eendr\u0103zne\u021b, \u00eencrez\u0103tor, iertat \u0219i liber.<\/p>\n","protected":false},"excerpt":{"rendered":"<p>O bro\u0219ur\u0103 care te \u00eencurajeaz\u0103 s\u0103 renun\u021bi la sentimentul de vinov\u0103\u021bie \u0219i auto-condamnare, tr\u0103ind cu \u00eencredere, iertare \u0219i libertate a\u0219a cum Dumnezeu inten\u021bioneaz\u0103 pentru tine<\/p>\n","protected":false},"featured_media":37174,"template":"","meta":{"_acf_changed":false},"product_brand":[],"product_cat":[21],"product_tag":[],"class_list":{"0":"post-37171","1":"product","2":"type-product","3":"status-publish","4":"has-post-thumbnail","6":"product_cat-identitate-crestere-spirituala-revelatie","7":"pa_autori-joyce-meyer","8":"pa_format-carte-electronica","10":"first","11":"instock","12":"shipping-taxable","13":"purchasable","14":"product-type-variable","15":"has-default-attributes"},"acf":[],"_links":{"self":[{"href":"https:\/\/alfaomega.tv\/librarie\/wp-json\/wp\/v2\/product\/37171","targetHints":{"allow":["GET"]}}],"collection":[{"href":"https:\/\/alfaomega.tv\/librarie\/wp-json\/wp\/v2\/product"}],"about":[{"href":"https:\/\/alfaomega.tv\/librarie\/wp-json\/wp\/v2\/types\/product"}],"wp:featuredmedia":[{"embeddable":true,"href":"https:\/\/alfaomega.tv\/librarie\/wp-json\/wp\/v2\/media\/37174"}],"wp:attachment":[{"href":"https:\/\/alfaomega.tv\/librarie\/wp-json\/wp\/v2\/media?parent=37171"}],"wp:term":[{"taxonomy":"product_brand","embeddable":true,"href":"https:\/\/alfaomega.tv\/librarie\/wp-json\/wp\/v2\/product_brand?post=37171"},{"taxonomy":"product_cat","embeddable":true,"href":"https:\/\/alfaomega.tv\/librarie\/wp-json\/wp\/v2\/product_cat?post=37171"},{"taxonomy":"product_tag","embeddable":true,"href":"https:\/\/alfaomega.tv\/librarie\/wp-json\/wp\/v2\/product_tag?post=37171"}],"curies":[{"name":"wp","href":"https:\/\/api.w.org\/{rel}","templated":true}]}}