{"id":37382,"date":"2026-01-14T12:20:13","date_gmt":"2026-01-14T12:20:13","guid":{"rendered":"https:\/\/alfaomega.tv\/librarie\/?post_type=product&#038;p=37382"},"modified":"2026-01-16T15:11:37","modified_gmt":"2026-01-16T15:11:37","slug":"ghid-de-post-pentru-incepatori","status":"publish","type":"product","link":"https:\/\/alfaomega.tv\/librarie\/produse\/bazele-crestinismului-ucenicizare\/ghid-de-post-pentru-incepatori\/","title":{"rendered":"Ghid de post pentru \u00eencep\u0103tori"},"content":{"rendered":"<p>Postul nu trebuie s\u0103 fie complicat.<\/p>\n<p>Nu exist\u0103 o lips\u0103 de g\u00e2nduri \u0219i opinii c\u00e2nd vine vorba despre post, motiv pentru care mul\u021bi cre\u0219tini se simt cople\u0219i\u021bi \u0219i descuraja\u021bi chiar \u00eenainte de a \u00eencepe.<\/p>\n<p>\u00cen <b>Ghid de post pentru \u00eencep\u0103tori<\/b>, pastorul Vladimir Savchuk \u00eemp\u0103rt\u0103\u0219e\u0219te perspective simple, practice \u0219i (cel mai important) biblice despre ce trebuie s\u0103 \u0219tii, de ce o faci \u0219i ce beneficii spirituale po\u021bi a\u0219tepta \u00een via\u021ba ta. Este concis, u\u0219or de citit dintr-o \u0219edin\u021b\u0103 \u0219i suficient de valoros \u00eenc\u00e2t s\u0103 revii la el din nou \u0219i din nou.<\/p>\n<p>Dac\u0103 e\u0219ti gata s\u0103 afli mai multe despre post \u0219i cum poate debloca binecuv\u00e2nt\u0103ri naturale \u0219i supranaturale \u00een via\u021ba ta, aceast\u0103 carte \u00ee\u021bi va ar\u0103ta cum.<\/p>\n","protected":false},"excerpt":{"rendered":"<p>Simplu. Practic. Biblic.<\/p>\n","protected":false},"featured_media":37387,"template":"","meta":{"_acf_changed":false},"product_brand":[],"product_cat":[31,21,19],"product_tag":[],"class_list":{"0":"post-37382","1":"product","2":"type-product","3":"status-publish","4":"has-post-thumbnail","6":"product_cat-bazele-crestinismului-ucenicizare","7":"product_cat-identitate-crestere-spirituala-revelatie","8":"product_cat-slujind-trupul-lui-hristos","9":"pa_autori-vladimir-savchuk","10":"pa_format-carte-tiparita","11":"pa_format-carte-electronica","13":"first","14":"instock","15":"shipping-taxable","16":"purchasable","17":"product-type-variable"},"acf":[],"_links":{"self":[{"href":"https:\/\/alfaomega.tv\/librarie\/wp-json\/wp\/v2\/product\/37382","targetHints":{"allow":["GET"]}}],"collection":[{"href":"https:\/\/alfaomega.tv\/librarie\/wp-json\/wp\/v2\/product"}],"about":[{"href":"https:\/\/alfaomega.tv\/librarie\/wp-json\/wp\/v2\/types\/product"}],"wp:featuredmedia":[{"embeddable":true,"href":"https:\/\/alfaomega.tv\/librarie\/wp-json\/wp\/v2\/media\/37387"}],"wp:attachment":[{"href":"https:\/\/alfaomega.tv\/librarie\/wp-json\/wp\/v2\/media?parent=37382"}],"wp:term":[{"taxonomy":"product_brand","embeddable":true,"href":"https:\/\/alfaomega.tv\/librarie\/wp-json\/wp\/v2\/product_brand?post=37382"},{"taxonomy":"product_cat","embeddable":true,"href":"https:\/\/alfaomega.tv\/librarie\/wp-json\/wp\/v2\/product_cat?post=37382"},{"taxonomy":"product_tag","embeddable":true,"href":"https:\/\/alfaomega.tv\/librarie\/wp-json\/wp\/v2\/product_tag?post=37382"}],"curies":[{"name":"wp","href":"https:\/\/api.w.org\/{rel}","templated":true}]}}