{"id":37401,"date":"2026-01-16T15:16:25","date_gmt":"2026-01-16T15:16:25","guid":{"rendered":"https:\/\/alfaomega.tv\/librarie\/?post_type=product&#038;p=37401"},"modified":"2026-03-10T10:43:21","modified_gmt":"2026-03-10T10:43:21","slug":"fauritorii-trezirii","status":"publish","type":"product","link":"https:\/\/alfaomega.tv\/librarie\/produse\/identitate-crestere-spirituala-revelatie\/fauritorii-trezirii\/","title":{"rendered":"F\u0103uritorii trezirii"},"content":{"rendered":"<p>Poate c\u0103 unul dintre marile obstacole \u00een calea urm\u0103toarei mari treziri este faptul c\u0103 mul\u021bi credincio\u0219i sunt foarte preocupa\u021bi de conceptul, care doar sun\u0103 spiritual, de \u201ea a\u0219tepta ca Dumnezeu s\u0103 lucreze\u201d. Aceast\u0103 a\u0219teptare implic\u0103 rug\u0103ciuni fierbin\u021bi, organizare de evenimente \u0219i multe discu\u021bii. De\u0219i rug\u0103ciunea este absolut necesar\u0103 \u0219i evenimentele pot fi catalizatori pentru lucrarea lui Dumnezeu, nu cumva a\u0219tept\u0103m ceva ce Dumnezeu ne-a dat deja?<\/p>\n<p><strong>Duhul Sf\u00e2nt a fost deja turnat, dar <\/strong><em><strong>ce<\/strong><\/em><strong> facem noi cu prezen\u021ba Lui?<\/strong><\/p>\n<p>Evanghelistul \u0219i omul trezirii\u00a0Tony Suarez, crede c\u0103 oriunde merge un credincios umplut cu Duhul Sf\u00e2nt\u00a0ar trebui ca\u00a0o lucrare de trezire a lui Dumnezeu s\u0103 ia fiin\u021b\u0103. De ce? Pentru c\u0103 Duhul Sf\u00e2nt, Duhul Trezirii, este \u00een tine. Aceasta \u00eenseamn\u0103 s\u0103 umbli \u00een identitatea ta de om al trezirii!<\/p>\n<p>Pe m\u0103sur\u0103 ce \u00een\u021belegi \u0219i aplici aceast\u0103 \u00eenv\u0103\u021b\u0103tur\u0103, vei\u2026<\/p>\n<ul>\n<li>Schimba atmosfera prin puterea Duhului Sf\u00e2nt care locuie\u0219te \u00een tine.<\/li>\n<li>Lua autoritate asupra puterilor \u00eentunericului dintr-o persoan\u0103 sau dintr-un loc.<\/li>\n<li>Umple casa, locul de munc\u0103 sau \u0219coala ta cu prezen\u021ba lui Dumnezeu.<\/li>\n<li>Intra \u00een identitatea ta de om al trezirii, unde devii mi\u0219carea lui Dumnezeu pentru care ai a\u0219teptat \u0219i te-ai rugat.<\/li>\n<\/ul>\n<p>A sosit timpul s\u0103 <strong>fii<\/strong>\u00a0lucrarea lui Dumnezeu pentru care te-ai rugat. Trezirea este aici! Este timpul s\u0103 p\u0103\u0219e\u0219ti \u00een lucrarea lui Dumnezeu!<\/p>\n","protected":false},"excerpt":{"rendered":"<p>Fii lucrarea lui Dumnezeu pentru care te-ai rugat!<\/p>\n","protected":false},"featured_media":37404,"template":"","meta":{"_acf_changed":false},"product_brand":[],"product_cat":[21],"product_tag":[],"class_list":{"0":"post-37401","1":"product","2":"type-product","3":"status-publish","4":"has-post-thumbnail","6":"product_cat-identitate-crestere-spirituala-revelatie","7":"pa_autori-tony-suarez","8":"pa_format-carte-tiparita","9":"pa_format-carte-electronica","11":"first","12":"instock","13":"shipping-taxable","14":"purchasable","15":"product-type-variable"},"acf":[],"_links":{"self":[{"href":"https:\/\/alfaomega.tv\/librarie\/wp-json\/wp\/v2\/product\/37401","targetHints":{"allow":["GET"]}}],"collection":[{"href":"https:\/\/alfaomega.tv\/librarie\/wp-json\/wp\/v2\/product"}],"about":[{"href":"https:\/\/alfaomega.tv\/librarie\/wp-json\/wp\/v2\/types\/product"}],"wp:featuredmedia":[{"embeddable":true,"href":"https:\/\/alfaomega.tv\/librarie\/wp-json\/wp\/v2\/media\/37404"}],"wp:attachment":[{"href":"https:\/\/alfaomega.tv\/librarie\/wp-json\/wp\/v2\/media?parent=37401"}],"wp:term":[{"taxonomy":"product_brand","embeddable":true,"href":"https:\/\/alfaomega.tv\/librarie\/wp-json\/wp\/v2\/product_brand?post=37401"},{"taxonomy":"product_cat","embeddable":true,"href":"https:\/\/alfaomega.tv\/librarie\/wp-json\/wp\/v2\/product_cat?post=37401"},{"taxonomy":"product_tag","embeddable":true,"href":"https:\/\/alfaomega.tv\/librarie\/wp-json\/wp\/v2\/product_tag?post=37401"}],"curies":[{"name":"wp","href":"https:\/\/api.w.org\/{rel}","templated":true}]}}