{"id":37405,"date":"2026-01-16T15:24:11","date_gmt":"2026-01-16T15:24:11","guid":{"rendered":"https:\/\/alfaomega.tv\/librarie\/?post_type=product&#038;p=37405"},"modified":"2026-03-10T10:32:24","modified_gmt":"2026-03-10T10:32:24","slug":"primele-roade","status":"publish","type":"product","link":"https:\/\/alfaomega.tv\/librarie\/produse\/identitate-crestere-spirituala-revelatie\/primele-roade\/","title":{"rendered":"Primele roade"},"content":{"rendered":"<p><b><span style=\"color: #26282a;\">\u201eC\u00e2nd \u00cei dai lui Dumnezeu ce ai mai bun, El binecuv\u00e2nteaz\u0103 restul.\u201d<\/span><\/b><\/p>\n<p><span style=\"color: #26282a;\">Exist\u0103 o ordine divin\u0103 care deblocheaz\u0103 alinierea supranatural\u0103 \u2014 iar aceasta \u00eencepe cu Primele roade.<\/span><br \/>\n<b><br \/>\n<\/b><span style=\"color: #26282a;\">\u00cen<\/span><span style=\"color: #26282a;\"><i>Primele roade: Aliniaz\u0103-\u021bi via\u021ba pentru a fi binecuv\u00e2ntat \u0219i pentru a-\u021bi \u00eemplini menirea <\/i><\/span><span style=\"color: #26282a;\">descoperi un principiu biblic puternic care deblocheaz\u0103 binecuv\u00e2ntarea, alinierea \u0219i transformarea genera\u021bional\u0103. Vei descoperi:<\/span><b><br \/>\n<\/b><\/p>\n<ul>\n<li><span style=\"color: #26282a;\">Fundamentele biblice ale Primelor roade \u2014 \u0219i de ce sunt relevante ast\u0103zi<\/span><\/li>\n<li><span style=\"color: #26282a;\">Cum s\u0103 rupi mentalit\u0103\u021bile s\u0103r\u0103ciei \u0219i ciclurile de \u00eent\u00e2rziere<\/span><\/li>\n<li><span style=\"color: #26282a;\">Rolul lui <b>Rosh Chodesh<\/b> \u00een alinierea ta personal\u0103<\/span><\/li>\n<li><span style=\"color: #26282a;\">Diferen\u021ba dintre zeciuieli, daruri \u0219i Primele roade<\/span><\/li>\n<li><span style=\"color: #26282a;\">Cum s\u0103 umbli \u00een provizii sus\u021binute \u0219i scop al \u00cemp\u0103r\u0103\u021biei<\/span><\/li>\n<\/ul>\n<p><span style=\"color: #26282a;\">Fie c\u0103 te afli \u00eentr-un sezon de lips\u0103, tranzi\u021bie sau bel\u0219ug, <i>Primele roade<\/i> ofer\u0103 o hart\u0103 profetic\u0103 pentru realinierea vie\u021bii tale cu timpul lui Dumnezeu. Prime\u0219te provizia Sa \u0219i tr\u0103ie\u0219te-\u021bi scopul cu claritate \u0219i \u00eendr\u0103zneal\u0103. Acum este timpul s\u0103-I aduci lui Dumnezeu ce ai mai bun \u0219i s\u0103-L vezi cum binecuv\u00e2nteaz\u0103 restul!<\/span><\/p>\n","protected":false},"excerpt":{"rendered":"<p>Aliniaz\u0103-\u021bi via\u021ba pentru a fii binecuv\u00e2ntat \u0219i pentru a-\u021bi \u00eemplini menirea<\/p>\n","protected":false},"featured_media":37408,"template":"","meta":{"_acf_changed":false},"product_brand":[],"product_cat":[21],"product_tag":[],"class_list":{"0":"post-37405","1":"product","2":"type-product","3":"status-publish","4":"has-post-thumbnail","6":"product_cat-identitate-crestere-spirituala-revelatie","7":"pa_autori-chuck-d-pierce","8":"pa_format-carte-tiparita","9":"pa_format-carte-electronica","11":"first","12":"instock","13":"shipping-taxable","14":"purchasable","15":"product-type-variable"},"acf":[],"_links":{"self":[{"href":"https:\/\/alfaomega.tv\/librarie\/wp-json\/wp\/v2\/product\/37405","targetHints":{"allow":["GET"]}}],"collection":[{"href":"https:\/\/alfaomega.tv\/librarie\/wp-json\/wp\/v2\/product"}],"about":[{"href":"https:\/\/alfaomega.tv\/librarie\/wp-json\/wp\/v2\/types\/product"}],"wp:featuredmedia":[{"embeddable":true,"href":"https:\/\/alfaomega.tv\/librarie\/wp-json\/wp\/v2\/media\/37408"}],"wp:attachment":[{"href":"https:\/\/alfaomega.tv\/librarie\/wp-json\/wp\/v2\/media?parent=37405"}],"wp:term":[{"taxonomy":"product_brand","embeddable":true,"href":"https:\/\/alfaomega.tv\/librarie\/wp-json\/wp\/v2\/product_brand?post=37405"},{"taxonomy":"product_cat","embeddable":true,"href":"https:\/\/alfaomega.tv\/librarie\/wp-json\/wp\/v2\/product_cat?post=37405"},{"taxonomy":"product_tag","embeddable":true,"href":"https:\/\/alfaomega.tv\/librarie\/wp-json\/wp\/v2\/product_tag?post=37405"}],"curies":[{"name":"wp","href":"https:\/\/api.w.org\/{rel}","templated":true}]}}