{"id":37409,"date":"2026-01-16T15:26:58","date_gmt":"2026-01-16T15:26:58","guid":{"rendered":"https:\/\/alfaomega.tv\/librarie\/?post_type=product&#038;p=37409"},"modified":"2026-03-10T10:29:22","modified_gmt":"2026-03-10T10:29:22","slug":"calea","status":"publish","type":"product","link":"https:\/\/alfaomega.tv\/librarie\/produse\/identitate-crestere-spirituala-revelatie\/calea\/","title":{"rendered":"Calea"},"content":{"rendered":"<p class=\"western\" lang=\"ro-RO\" align=\"justify\"><span style=\"font-family: Times New Roman, serif;\"><span style=\"font-size: medium;\">PASUL #1 \u2013 R\u0102M\u00c2I PE CALE<\/span><\/span><\/p>\n<p class=\"western\" lang=\"ro-RO\" align=\"justify\"><span style=\"font-family: Times New Roman, serif;\"><span style=\"font-size: medium;\">O c\u0103snicie reu\u0219it\u0103 nu este o destina\u021bie, este o CALE! Scopul fiec\u0103rui cuplu este s\u0103 r\u0103m\u00e2n\u0103 pe acea CALE. \u00cen capitolele \u0219i <\/span><\/span><span style=\"font-family: Times New Roman, serif;\"><span style=\"font-size: medium;\"><span lang=\"en-US\">\u201c<\/span><\/span><\/span><span style=\"font-family: Times New Roman, serif;\"><span style=\"font-size: medium;\">pa\u0219ii\u201d care urmeaz\u0103, eu \u0219i Laura v\u0103 vom \u00eemp\u0103rt\u0103\u0219i c\u00e2\u021biva pa\u0219i SIMPLII \u0219i dinamici pentru a avea o c\u0103snicie \u00eemplinit\u0103. Aceast\u0103 carte nu se refer\u0103 la nimic foarte spiritual. Fiecare pagin\u0103 va con\u021bine ceva simplu, clar, amuzant, revelator, ceva \u00een care v\u0103 ve\u021bi putea reg\u0103si, ceva ce ve\u021bi putea \u00eemp\u0103rt\u0103\u0219i, ceva memorabil, \u0219i ceva ce ve\u021bi putea aplica astfel \u00eenc\u00e2t c\u0103snicia voastr\u0103 s\u0103 se \u00eendrepte spre un loc care poate fi numit SPECIAL. <\/span><\/span><\/p>\n<p class=\"western\" lang=\"ro-RO\" align=\"justify\">\u201c<span style=\"font-family: Times New Roman, serif;\"><span style=\"font-size: medium;\">CALEA\u201d este plin\u0103 de revela\u021bii, povestiri \u0219i 265 de \u201ePA\u0218I\u201d care vor ajuta c\u0103snicia ta s\u0103 mearg\u0103 mai departe pe CALE. Phillip \u0219i Laura au parte de o c\u0103snicie SPECIAL\u0102 \u0219i ei \u00ee\u0219i doresc ca \u0219i tu s\u0103 ai parte de una. <\/span><\/span><\/p>\n","protected":false},"excerpt":{"rendered":"<p>O c\u0103snicie reu\u0219it\u0103 nu este o destina\u021bie, este o CALE<\/p>\n","protected":false},"featured_media":37412,"template":"","meta":{"_acf_changed":false},"product_brand":[],"product_cat":[21],"product_tag":[],"class_list":{"0":"post-37409","1":"product","2":"type-product","3":"status-publish","4":"has-post-thumbnail","6":"product_cat-identitate-crestere-spirituala-revelatie","7":"pa_autori-phillip-baker","8":"pa_format-carte-tiparita","9":"pa_format-carte-electronica","11":"first","12":"instock","13":"shipping-taxable","14":"purchasable","15":"product-type-variable"},"acf":[],"_links":{"self":[{"href":"https:\/\/alfaomega.tv\/librarie\/wp-json\/wp\/v2\/product\/37409","targetHints":{"allow":["GET"]}}],"collection":[{"href":"https:\/\/alfaomega.tv\/librarie\/wp-json\/wp\/v2\/product"}],"about":[{"href":"https:\/\/alfaomega.tv\/librarie\/wp-json\/wp\/v2\/types\/product"}],"wp:featuredmedia":[{"embeddable":true,"href":"https:\/\/alfaomega.tv\/librarie\/wp-json\/wp\/v2\/media\/37412"}],"wp:attachment":[{"href":"https:\/\/alfaomega.tv\/librarie\/wp-json\/wp\/v2\/media?parent=37409"}],"wp:term":[{"taxonomy":"product_brand","embeddable":true,"href":"https:\/\/alfaomega.tv\/librarie\/wp-json\/wp\/v2\/product_brand?post=37409"},{"taxonomy":"product_cat","embeddable":true,"href":"https:\/\/alfaomega.tv\/librarie\/wp-json\/wp\/v2\/product_cat?post=37409"},{"taxonomy":"product_tag","embeddable":true,"href":"https:\/\/alfaomega.tv\/librarie\/wp-json\/wp\/v2\/product_tag?post=37409"}],"curies":[{"name":"wp","href":"https:\/\/api.w.org\/{rel}","templated":true}]}}