{"id":37505,"date":"2026-02-10T14:51:15","date_gmt":"2026-02-10T14:51:15","guid":{"rendered":"https:\/\/alfaomega.tv\/librarie\/?post_type=product&#038;p=37505"},"modified":"2026-03-18T08:56:45","modified_gmt":"2026-03-18T08:56:45","slug":"pledoarie-pentru-neprihanire","status":"publish","type":"product","link":"https:\/\/alfaomega.tv\/librarie\/produse\/restaurare-vindecare-eliberare\/pledoarie-pentru-neprihanire\/","title":{"rendered":"Pledoarie pentru neprihanire"},"content":{"rendered":"<p>Studiul prezint\u0103, \u00eentr-o form\u0103 simpl\u0103 \u0219i u\u0219or de \u00een\u021beles, dragostea Domnului Isus Hristos \u0219i puterea Duhului Sf\u00e2nt aduc\u0103toare de pace \u0219i speran\u021b\u0103 credincio\u0219ilor care caut\u0103 s\u0103 \u00een\u021beleag\u0103 tainele f\u0103r\u0103delegii \u0219i modul \u00een care vr\u0103jma\u0219ul lucreaz\u0103 \u00een via\u021ba lor. Te invit\u0103m s\u0103 ni te al\u0103turi \u00een descoperirea simplit\u0103\u021bii Evangheliei \u0219i a biruin\u021bei care ne apar\u021bine \u00een orice situa\u021bie. Fie ca tu s\u0103 fii binecuv\u00e2ntat cu o descoperire ad\u00e2nc\u0103 a adev\u0103rului lui Isus Hristos, care te va ajuta s\u0103 tr\u0103ie\u0219ti via\u021ba aceea din bel\u0219ug pentru care El a murit ca s\u0103 \u021bi-o d\u0103ruiasc\u0103.<\/p>\n<p>Marjorie Cole, fondatoarea Life Recovery, a lucrat mai bine de 30 de ani \u00een domeniul consilierii \u0219i al eliber\u0103rii \u00een calitate de \u00eenv\u0103\u021b\u0103tor \u0219i consilier. Ea are un master \u00een psihologie de consiliere \u0219i dependen\u021b\u0103 chimic\u0103. Fiind un \u00eenv\u0103\u021b\u0103tor excelent al Bibliei \u0219i vorbitor la conferin\u021be, ea a c\u0103l\u0103torit at\u00e2t la nivel na\u021bional, c\u00e2t \u0219i interna\u021bional \u0219i a ajutat mii de oameni s\u0103 aplice principiile scripturale \u00een via\u021ba lor, conduc\u00e2ndu-i la adev\u0103r \u0219i la o nou\u0103 libertate \u00een Hristos.<\/p>\n","protected":false},"excerpt":{"rendered":"<p>Pledoarie pentru neprih\u0103nire este un studiu biblic care abordeaz\u0103 aspectele fundamentale ale m\u00e2ntuirii \u0219i sfin\u021birii noastre. El ofer\u0103 o \u00een\u021belegere biblic\u0103 de baz\u0103 a modului \u00een care for\u021bele demonice p\u0103trund, se manifest\u0103 \u0219i ac\u021bioneaz\u0103 \u00een via\u021ba \u0219i \u00een situa\u021biile de zi cu zi, lupt\u00e2nd \u00eempotriva m\u00e2ntuirii noastre.<\/p>\n","protected":false},"featured_media":37507,"template":"","meta":{"_acf_changed":false},"product_brand":[],"product_cat":[25],"product_tag":[],"class_list":{"0":"post-37505","1":"product","2":"type-product","3":"status-publish","4":"has-post-thumbnail","6":"product_cat-restaurare-vindecare-eliberare","7":"pa_autori-marjorie-cole","8":"pa_format-carte-tiparita","10":"first","11":"instock","12":"shipping-taxable","13":"purchasable","14":"product-type-variable","15":"has-default-attributes"},"acf":[],"_links":{"self":[{"href":"https:\/\/alfaomega.tv\/librarie\/wp-json\/wp\/v2\/product\/37505","targetHints":{"allow":["GET"]}}],"collection":[{"href":"https:\/\/alfaomega.tv\/librarie\/wp-json\/wp\/v2\/product"}],"about":[{"href":"https:\/\/alfaomega.tv\/librarie\/wp-json\/wp\/v2\/types\/product"}],"wp:featuredmedia":[{"embeddable":true,"href":"https:\/\/alfaomega.tv\/librarie\/wp-json\/wp\/v2\/media\/37507"}],"wp:attachment":[{"href":"https:\/\/alfaomega.tv\/librarie\/wp-json\/wp\/v2\/media?parent=37505"}],"wp:term":[{"taxonomy":"product_brand","embeddable":true,"href":"https:\/\/alfaomega.tv\/librarie\/wp-json\/wp\/v2\/product_brand?post=37505"},{"taxonomy":"product_cat","embeddable":true,"href":"https:\/\/alfaomega.tv\/librarie\/wp-json\/wp\/v2\/product_cat?post=37505"},{"taxonomy":"product_tag","embeddable":true,"href":"https:\/\/alfaomega.tv\/librarie\/wp-json\/wp\/v2\/product_tag?post=37505"}],"curies":[{"name":"wp","href":"https:\/\/api.w.org\/{rel}","templated":true}]}}