{"id":37512,"date":"2026-02-10T14:58:27","date_gmt":"2026-02-10T14:58:27","guid":{"rendered":"https:\/\/alfaomega.tv\/librarie\/?post_type=product&#038;p=37512"},"modified":"2026-02-10T15:02:23","modified_gmt":"2026-02-10T15:02:23","slug":"frangand-valul-tacerii","status":"publish","type":"product","link":"https:\/\/alfaomega.tv\/librarie\/produse\/intelegerea-vremurilor-israel\/frangand-valul-tacerii\/","title":{"rendered":"Frangand valul tacerii"},"content":{"rendered":"<p>Fiecare na\u021biune poart\u0103 propria sa povar\u0103 de vinov\u0103\u021bie \u0219i traum\u0103 care este transmis\u0103 din genera\u021bie \u00een genera\u021bie, \u00een timp ce un V\u0103l al t\u0103cerii \u00eempiedic\u0103 reconcilierea, vindecarea \u0219i restaurarea. Pastorul, teologul \u0219i activistul german, jobst Bittner, scrie \u00een lumina experien\u021bei istoriei germane. Hitler \u0219i Holocaustul au provocat o eclips\u0103 spiritual\u0103 \u00een Germania \u0219i au acoperit genera\u021bii \u00eentregi cu un V\u0103l al T\u0103cerii. Ast\u0103zi, Germania este binecuv\u00e2ntat\u0103 \u0219i \u021bara \u201eharului nemeritat\u201d. Dac\u0103 ruperea v\u0103lului t\u0103cerii a fost posibil\u0103 \u00een Germania, cu c\u00e2t mai mult \u00een via\u021ba, familia \u0219i na\u021biunea dumneavoastr\u0103? Printr-un amestec captivant de istorie, teologie \u0219i psihologie, Jobst Bittner ofer\u0103 o perspectiv\u0103 curajoas\u0103 \u0219i plin\u0103 de discern\u0103m\u00e2nt asupra acestui V\u0103l al t\u0103cerii \u0219i dovede\u0219te c\u0103 greutatea istoriei poate fi ridicat\u0103. Este o interven\u021bie puternic\u0103 \u0219i practic\u0103 \u0219i un ghid spiritual pentru a ne revendica autoritatea prin dezr\u0103d\u0103cinarea tuturor ten-den\u021belor distructive de a acoperi trecutul, descoperirea propriei istorii familiale, redescoperirea r\u0103d\u0103cinilor evreie\u0219ti ale credin\u021bei noastre \u0219i trecerea la ac\u021biune. Odat\u0103 ce v\u0103lul este ridicat, poate \u00eencepe adev\u0103rata vindecare, restaurare \u0219i schimbare.<\/p>\n<p>Pastorul Jobst Bittner are un masterat \u00een teologie \u0219i, \u00eempreun\u0103 cu so\u021bia sa Charlotte, a fondat ministere \u00een \u00eentreaga lume. Este pre\u0219edinte al TOS Ministries \u0219i ini\u021biator al mi\u0219c\u0103rii interna\u021bionale Mar\u0219ul Vie\u021bii, care a avut loc \u00een peste 80 de ora\u0219e din 12 \u021b\u0103ri. Unul dintre efectele derivate este Mar\u0219ul Amintirii, desf\u0103\u0219urat \u00een peste 50 de ora\u0219e din SUA. Pe l\u00e2ng\u0103 aceast\u0103 slujire apostolic\u0103 de pionierat, Jobst Bittner \u021bine conferin\u021be pe cinci continente.<\/p>\n","protected":false},"excerpt":{"rendered":"<p>V\u0103lul t\u0103cerii te prive\u0219te mai mult dec\u00e2t crezi. \u00cel \u00eent\u00e2lne\u0219ti la fiecare pas, fie \u00een via\u021ba ta personal\u0103, \u00een familia ta, \u00een biserica sau congrega\u021bia ta, fie \u00een ora\u0219ele \u0219i na\u021biunile tale. V\u0103lul T\u0103cerii este motivul r\u0103celii interioare, al singur\u0103t\u0103\u021bii \u0219i al sentimentului de a fi pierdut \u00een \u00eentuneric. Odat\u0103 ce \u00eel rupe\u021bi, ve\u021bi putea primi binecuv\u00e2ntarea incomensurabil\u0103 a lui Dumnezeu \u0219i autoritatea de a v\u0103 schimba \u00eemprejurimile cu iubirea Sa.<\/p>\n","protected":false},"featured_media":37514,"template":"","meta":{"_acf_changed":false},"product_brand":[],"product_cat":[24],"product_tag":[],"class_list":{"0":"post-37512","1":"product","2":"type-product","3":"status-publish","4":"has-post-thumbnail","6":"product_cat-intelegerea-vremurilor-israel","7":"pa_autori-jobst-bittner","8":"pa_format-carte-tiparita","10":"first","11":"instock","12":"shipping-taxable","13":"purchasable","14":"product-type-variable","15":"has-default-attributes"},"acf":[],"_links":{"self":[{"href":"https:\/\/alfaomega.tv\/librarie\/wp-json\/wp\/v2\/product\/37512","targetHints":{"allow":["GET"]}}],"collection":[{"href":"https:\/\/alfaomega.tv\/librarie\/wp-json\/wp\/v2\/product"}],"about":[{"href":"https:\/\/alfaomega.tv\/librarie\/wp-json\/wp\/v2\/types\/product"}],"wp:featuredmedia":[{"embeddable":true,"href":"https:\/\/alfaomega.tv\/librarie\/wp-json\/wp\/v2\/media\/37514"}],"wp:attachment":[{"href":"https:\/\/alfaomega.tv\/librarie\/wp-json\/wp\/v2\/media?parent=37512"}],"wp:term":[{"taxonomy":"product_brand","embeddable":true,"href":"https:\/\/alfaomega.tv\/librarie\/wp-json\/wp\/v2\/product_brand?post=37512"},{"taxonomy":"product_cat","embeddable":true,"href":"https:\/\/alfaomega.tv\/librarie\/wp-json\/wp\/v2\/product_cat?post=37512"},{"taxonomy":"product_tag","embeddable":true,"href":"https:\/\/alfaomega.tv\/librarie\/wp-json\/wp\/v2\/product_tag?post=37512"}],"curies":[{"name":"wp","href":"https:\/\/api.w.org\/{rel}","templated":true}]}}