{"id":37521,"date":"2026-02-12T14:20:55","date_gmt":"2026-02-12T14:20:55","guid":{"rendered":"https:\/\/alfaomega.tv\/librarie\/?post_type=product&#038;p=37521"},"modified":"2026-02-12T14:22:43","modified_gmt":"2026-02-12T14:22:43","slug":"codurile-finale-si-revenirea-lui-hristos","status":"publish","type":"product","link":"https:\/\/alfaomega.tv\/librarie\/produse\/intelegerea-vremurilor-israel\/codurile-finale-si-revenirea-lui-hristos\/","title":{"rendered":"Codurile finale \u0219i revenirea lui Hristos"},"content":{"rendered":"<p>\u00cen noua sa carte de referin\u021b\u0103 cu profe\u021bii despre vremurile din urm\u0103, Perry Stone descoper\u0103 informa\u021bii uimitoare care descifreaz\u0103 coduri antice. Aceste coduri ascund secrete pentru genera\u021bia noastr\u0103, care indic\u0103 revenirea lui Hristos! Citi\u021bi despre: \u2022 Descifrarea \u0219i \u00een\u021belegerea sistemului de coduri al lui Dumnezeu \u2022 Codurile profetice ale celor dou\u0103 ora\u0219e \u2022 Linkul China \u2013 Ciclurile virusului \u2013 un ecou al codurilor antice ale Imperiului Roman \u2022 Codul durerilor facerii din cel de-al treilea trimestru \u2022 Codurile Americii \u2013 Paralele cu istoria antic\u0103 \u2022 Codurile Imperiului Roman \u2013 Moartea con\u0219tiin\u021bei \u0219i condamnarea Americii \u2022 Codul Pompei \u0219i cuv\u00e2ntul cu \u201eJ\u201d interzis \u2022 Codul \u00eenc\u0103lc\u0103rii \u2013 De ce a fost spart gardul viu al Americii \u2022 Dezlegarea uimitorului cod Methuselah \u2022 Viitorul cod al chipului fiarei \u2022 Dezlegarea codului semnului fiarei \u2022 Interpretarea codului ciudatelor semne cosmice \u2022 Codurile templelor care ascund Apocalipsa r\u0103pirii \u2022 Fondatorii Americii \u0219i codurile Imperiului Roman \u2022 Codul banilor \u2013 Indiciul dinaintea declinului Imperiului \u2022 Codul profe\u021biei celor \u0219aptezeci de s\u0103pt\u0103m\u00e2ni \u2022 Codul lui Adam \u0219i cei \u0219aptezeci de ani lips\u0103 \u2022 Transferul de putere ce va veni dinspre Vest \u00eenapoi spre Est \u2022 Cine poate sc\u0103pa de ce va veni pe P\u0103m\u00e2nt? \u2022 Codurile finale \u2013 avertiz\u0103ri pentru Biseric\u0103 Un important \u201ecuv\u00e2nt pentru acum\u201d din partea unuia dintre cei mai informa\u021bi slujitori profetici ai lumii.<\/p>\n<p>Evanghelistul Perry Stone Jr. este fondatorul \u0219i pre\u0219edintele Misiunii Voice of Evangelism Outreach Ministries din Cleveland, TN. El a este autorul unei colec\u021bii extinse de c\u0103r\u021bi, CD-uri \u0219i DVD-uri \u0219i gazda programului Manna-fest, o emisiune de televiziune s\u0103pt\u0103m\u00e2nal\u0103 difuzat\u0103 pe sute de canale cre\u0219tine din \u00eentreaga lume. Misiunea Voice of Evangelism are un club lunar de CD-uri Manna, Partner Strike Force \u0219i o revist\u0103 trimestrial\u0103, care este expediat\u0103 prin \u021bar\u0103.<\/p>\n","protected":false},"excerpt":{"rendered":"<p>20 DE CAPITOLE DE PERSPECTIVE PROFETICE NOI, INCLUSIV ASUPRA ROLULUI VIRUSULUI COVID-19 \u00ceNTRE SEMNELE BIBLICE ALE VREMURILOR DIN URM\u0102<\/p>\n","protected":false},"featured_media":37523,"template":"","meta":{"_acf_changed":false},"product_brand":[],"product_cat":[24],"product_tag":[],"class_list":{"0":"post-37521","1":"product","2":"type-product","3":"status-publish","4":"has-post-thumbnail","6":"product_cat-intelegerea-vremurilor-israel","7":"pa_autori-perry-stone","8":"pa_format-carte-tiparita","10":"first","11":"instock","12":"shipping-taxable","13":"purchasable","14":"product-type-variable"},"acf":[],"_links":{"self":[{"href":"https:\/\/alfaomega.tv\/librarie\/wp-json\/wp\/v2\/product\/37521","targetHints":{"allow":["GET"]}}],"collection":[{"href":"https:\/\/alfaomega.tv\/librarie\/wp-json\/wp\/v2\/product"}],"about":[{"href":"https:\/\/alfaomega.tv\/librarie\/wp-json\/wp\/v2\/types\/product"}],"wp:featuredmedia":[{"embeddable":true,"href":"https:\/\/alfaomega.tv\/librarie\/wp-json\/wp\/v2\/media\/37523"}],"wp:attachment":[{"href":"https:\/\/alfaomega.tv\/librarie\/wp-json\/wp\/v2\/media?parent=37521"}],"wp:term":[{"taxonomy":"product_brand","embeddable":true,"href":"https:\/\/alfaomega.tv\/librarie\/wp-json\/wp\/v2\/product_brand?post=37521"},{"taxonomy":"product_cat","embeddable":true,"href":"https:\/\/alfaomega.tv\/librarie\/wp-json\/wp\/v2\/product_cat?post=37521"},{"taxonomy":"product_tag","embeddable":true,"href":"https:\/\/alfaomega.tv\/librarie\/wp-json\/wp\/v2\/product_tag?post=37521"}],"curies":[{"name":"wp","href":"https:\/\/api.w.org\/{rel}","templated":true}]}}