{"id":37835,"date":"2026-03-11T13:58:41","date_gmt":"2026-03-11T13:58:41","guid":{"rendered":"https:\/\/alfaomega.tv\/librarie\/?post_type=product&#038;p=37835"},"modified":"2026-03-11T14:11:43","modified_gmt":"2026-03-11T14:11:43","slug":"analizeaza-si-executa","status":"publish","type":"product","link":"https:\/\/alfaomega.tv\/librarie\/produse\/identitate-crestere-spirituala-revelatie\/analizeaza-si-executa\/","title":{"rendered":"Analizeaz\u0103 \u0219i execut\u0103"},"content":{"rendered":"<p>Cuvinte precum \u201eanalizeaz\u0103\u201d \u0219i \u201eexecut\u0103\u201d nu par s\u0103 se potriveasc\u0103 unui model religios al chem\u0103rii noastre ca Ekklesia Domnului. Exact. Nu \u00eencerc\u0103m s\u0103 urm\u0103m modele religioase. Dorim s\u0103 m activa\u021bi pe deplin \u00een ceea ce Dumnezeu ne-a creat s\u0103 m \u2014 aceia care analizeaz\u0103 ceea ce El ne-a vorbit \u0219i apoi pun \u00een aplicare cu precizie. Principiul decretelor izvor\u0103\u0219te din inima Tat\u0103lui. Dumnezeu folose\u0219te vocile noastre pentru a aduce la \u00eemplinire ceea ce este \u00een inima Sa. F\u0103c\u00e2nd aceasta, vom \u00eencepe s\u0103 vedem clar c\u0103 principiile legii folosite \u00een via\u021ba de zi cu zi, \u00een birourile \u0219i instan\u021bele juridice, ne ofer\u0103 o \u00een\u021belegere de baz\u0103 a legii pe care Dumnezeu a format-o \u00een vie\u021bile noastre pentru a aduce ordine, strategie \u0219i autoritate \u00een lumea \u00een care tr\u0103im. Aceast\u0103 lucrare este dedicat\u0103 jurisdic\u021biei \u0219i pozi\u021bion\u0103rii spirituale, lumin\u00e2nd drepturile legale pe care le avem ca i \u0219i ice. Tom \u0219i Lisa arat\u0103 foarte clar c\u0103 in uen\u021ba noastr\u0103 nu este o simpl\u0103 \u00eent\u00e2mplare \u2014 ea este ferm ancorat\u0103 \u00een decrete cere\u0219ti \u0219i declara\u021bii divine. A rma\u021bia puternic\u0103 \u201eEste scris\u201d surprinde esen\u021ba autorit\u0103\u021bii legale profunde care r\u0103sun\u0103 \u00een \u00eentreaga aceast\u0103 lucrare transformatoare. \u201eAnalizeaz\u0103 \u0219i Execut\u0103\u201d dep\u0103\u0219e\u0219te rolul unui simplu ghid; devine un manual de r\u0103zboi cuprinz\u0103tor pentru revendicarea locului t\u0103u legitim \u00een \u00cemp\u0103r\u0103\u021bie \u0219i pentru rea\u0219ezarea teritoriului \u00een care Duhul Sf\u00e2nt te-a desemnat. \u00cemplete\u0219te cu putere teme precum identitatea, strategia \u0219i legitimitatea spiritual\u0103, eliber\u00e2nd o bog\u0103\u021bie de revela\u021bie care \u00eei \u00eemputernice\u0219te pe cititori s\u0103 se implice profund \u00een pozi\u021bia lor ca \u201ea\u0219eza\u021bi \u00eempreun\u0103\u201d cu Regele Yeshua.<\/p>\n","protected":false},"excerpt":{"rendered":"<p>\u201eLaudele lui Dumnezeu s\u0103 e \u00een gura lor, \u015fi sabia cu dou\u0103 t\u0103i\u015furi, \u00een m\u00e2na lor, ca s\u0103 fac\u0103 r\u0103zbunare asupra neamurilor \u015fi s\u0103 pedepseasc\u0103 popoarele; s\u0103 lege pe \u00eemp\u0103ra\u0163ii lor cu lan\u0163uri, \u015fi pe mai marii lor, cu obezi de er, ca s\u0103 aduc\u0103 la \u00eendeplinire \u00eempotriva lor judecata scris\u0103! Aceasta este o cinste pentru to\u0163i credincio\u015fii Lui. L\u0103uda\u0163i pe Domnul! \u201d (Psalmul 149:6-9)<\/p>\n","protected":false},"featured_media":37837,"template":"","meta":{"_acf_changed":false},"product_brand":[],"product_cat":[21],"product_tag":[],"class_list":{"0":"post-37835","1":"product","2":"type-product","3":"status-publish","4":"has-post-thumbnail","6":"product_cat-identitate-crestere-spirituala-revelatie","7":"pa_autori-dr-thomas-schlueter","8":"pa_format-carte-tiparita","9":"pa_format-carte-electronica","11":"first","12":"instock","13":"shipping-taxable","14":"purchasable","15":"product-type-variable"},"acf":[],"_links":{"self":[{"href":"https:\/\/alfaomega.tv\/librarie\/wp-json\/wp\/v2\/product\/37835","targetHints":{"allow":["GET"]}}],"collection":[{"href":"https:\/\/alfaomega.tv\/librarie\/wp-json\/wp\/v2\/product"}],"about":[{"href":"https:\/\/alfaomega.tv\/librarie\/wp-json\/wp\/v2\/types\/product"}],"wp:featuredmedia":[{"embeddable":true,"href":"https:\/\/alfaomega.tv\/librarie\/wp-json\/wp\/v2\/media\/37837"}],"wp:attachment":[{"href":"https:\/\/alfaomega.tv\/librarie\/wp-json\/wp\/v2\/media?parent=37835"}],"wp:term":[{"taxonomy":"product_brand","embeddable":true,"href":"https:\/\/alfaomega.tv\/librarie\/wp-json\/wp\/v2\/product_brand?post=37835"},{"taxonomy":"product_cat","embeddable":true,"href":"https:\/\/alfaomega.tv\/librarie\/wp-json\/wp\/v2\/product_cat?post=37835"},{"taxonomy":"product_tag","embeddable":true,"href":"https:\/\/alfaomega.tv\/librarie\/wp-json\/wp\/v2\/product_tag?post=37835"}],"curies":[{"name":"wp","href":"https:\/\/api.w.org\/{rel}","templated":true}]}}