{"id":37844,"date":"2026-03-12T12:55:49","date_gmt":"2026-03-12T12:55:49","guid":{"rendered":"https:\/\/alfaomega.tv\/librarie\/?post_type=product&#038;p=37844"},"modified":"2026-03-24T07:20:05","modified_gmt":"2026-03-24T07:20:05","slug":"inima-coplesita-de-iubirea-tatalui","status":"publish","type":"product","link":"https:\/\/alfaomega.tv\/librarie\/produse\/slujind-trupul-lui-hristos\/inima-coplesita-de-iubirea-tatalui\/","title":{"rendered":"Inima cople\u0219it\u0103 de iubire a Tat\u0103lui"},"content":{"rendered":"<p>Exist\u0103 o dorin\u021b\u0103 \u021besut\u0103 \u00een fecare inim\u0103 omeneasc\u0103 \u2014 dorin\u021ba de a fi v\u0103zut, cunoscut \u0219i iubit necondi\u021bionat. Mul\u021bi poart\u0103 r\u0103ni ascunse de la ta\u021bi care au fost absen\u021bi, distan\u021bi, exigen\u021bi sau pur \u0219i simplu ei \u00een\u0219i\u0219i fr\u00e2n\u021bi. Totu\u0219i, dincolo de ecare poveste p\u0103m\u00e2nteasc\u0103 se a \u0103 un Tat\u0103 ceresc a c\u0103rui iubire este mai ad\u00e2nc\u0103 dec\u00e2t e\u0219ecurile noastre, mai bun\u0103 dec\u00e2t neajunsurile noastre \u0219i mai puternic\u0103 dec\u00e2t durerea noastr\u0103. Inima cople\u0219it\u0103 de iubire a Tat\u0103lui este o c\u0103l\u0103torie \u00een aceast\u0103 iubire. Prin Scriptur\u0103, m\u0103rturie personal\u0103 \u0219i ani de slujire \u00een na\u021biuni, dr. Bruno Ierullo desco per\u0103 inima Tat\u0103lui nu ca pe o doctrin\u0103 de studiat, ci ca pe o \u00eent\u00e2lnire care schimb\u0103 via\u021ba. Aceasta nu este doar o carte despre vindecare \u2014 este o invita\u021bie de a veni acas\u0103. S\u0103 te odihne\u0219ti. S\u0103 prime\u0219ti. S\u0103 i restaurat. S\u0103 descoperi c\u0103 iubirea Tat\u0103lui nu se m\u0103soar\u0103\u2026 ea se revars\u0103. Fie c\u0103 ai umblat cu Dumnezeu de mul\u021bi ani sau abia \u00eencepi, acest mesaj va trezi speran\u021b\u0103, va \u00eenmuia inima \u0219i va aprinde o capacitate mai mare de a iubi, de a ierta \u0219i de a tr\u0103i \u00een libertatea de a pe deplin acceptat. Vino \u0219i \u00eent\u00e2lne\u0219te-L pe Tat\u0103l. Inima Lui deja se \u00eendreapt\u0103 spre a ta.<\/p>\n","protected":false},"excerpt":{"rendered":"<p>Dr. Bruno Ierullo este CEO \u0219i Pre\u0219edinte al United in Christ \u2013 Canada \u0219i SUA \u0219i Ambasador global pentru unitatea Bisericii \u00een cadrul Catch e Fire World. Lider cheie \u00een timpul trezirii spirituale de la Toronto, el a slujit la nivel interna\u021bional timp de peste trei decenii, construind pun\u021bi \u00eentre denomina\u021biuni \u0219i culturi. Lucrarea vie\u021bii sale este s\u0103 elibereze iubirea Tat\u0103lui, s\u0103 promoveze unitatea \u00een Trupul lui Hristos \u0219i s\u0103 echipeze lideri pentru seceri\u0219ul global.<\/p>\n","protected":false},"featured_media":37848,"template":"","meta":{"_acf_changed":false},"product_brand":[],"product_cat":[19],"product_tag":[],"class_list":{"0":"post-37844","1":"product","2":"type-product","3":"status-publish","4":"has-post-thumbnail","6":"product_cat-slujind-trupul-lui-hristos","7":"pa_autori-bruno-ierullo","8":"pa_format-carte-tiparita","9":"pa_format-carte-electronica","11":"first","12":"instock","13":"shipping-taxable","14":"purchasable","15":"product-type-variable"},"acf":[],"_links":{"self":[{"href":"https:\/\/alfaomega.tv\/librarie\/wp-json\/wp\/v2\/product\/37844","targetHints":{"allow":["GET"]}}],"collection":[{"href":"https:\/\/alfaomega.tv\/librarie\/wp-json\/wp\/v2\/product"}],"about":[{"href":"https:\/\/alfaomega.tv\/librarie\/wp-json\/wp\/v2\/types\/product"}],"wp:featuredmedia":[{"embeddable":true,"href":"https:\/\/alfaomega.tv\/librarie\/wp-json\/wp\/v2\/media\/37848"}],"wp:attachment":[{"href":"https:\/\/alfaomega.tv\/librarie\/wp-json\/wp\/v2\/media?parent=37844"}],"wp:term":[{"taxonomy":"product_brand","embeddable":true,"href":"https:\/\/alfaomega.tv\/librarie\/wp-json\/wp\/v2\/product_brand?post=37844"},{"taxonomy":"product_cat","embeddable":true,"href":"https:\/\/alfaomega.tv\/librarie\/wp-json\/wp\/v2\/product_cat?post=37844"},{"taxonomy":"product_tag","embeddable":true,"href":"https:\/\/alfaomega.tv\/librarie\/wp-json\/wp\/v2\/product_tag?post=37844"}],"curies":[{"name":"wp","href":"https:\/\/api.w.org\/{rel}","templated":true}]}}