{"id":37991,"date":"2026-03-31T15:44:16","date_gmt":"2026-03-31T15:44:16","guid":{"rendered":"https:\/\/alfaomega.tv\/librarie\/?post_type=product&#038;p=37991"},"modified":"2026-03-31T16:20:09","modified_gmt":"2026-03-31T16:20:09","slug":"aliniere","status":"publish","type":"product","link":"https:\/\/alfaomega.tv\/librarie\/produse\/crestinul-si-societatea\/aliniere\/","title":{"rendered":"Aliniere &#8211; Reorganizez cele mai importante lucruri pe care le am"},"content":{"rendered":"","protected":false},"excerpt":{"rendered":"<p>Al doilea pas \u00een transformarea mea este s\u0103 m\u0103 aliniez cu \u00cemp\u0103r\u0103\u021bia lui Dumnezeu, \u00een special prin valorificarea celor dou\u0103 resurse esen\u021biale: timpul \u0219i banii.<\/p>\n","protected":false},"featured_media":37994,"template":"","meta":{"_acf_changed":false},"product_brand":[],"product_cat":[30],"product_tag":[],"class_list":{"0":"post-37991","1":"product","2":"type-product","3":"status-publish","4":"has-post-thumbnail","6":"product_cat-crestinul-si-societatea","7":"pa_autori-kent-beverly-mattox","8":"pa_format-carte-tiparita","9":"pa_format-carte-electronica","11":"first","12":"instock","13":"shipping-taxable","14":"purchasable","15":"product-type-variable"},"acf":[],"_links":{"self":[{"href":"https:\/\/alfaomega.tv\/librarie\/wp-json\/wp\/v2\/product\/37991","targetHints":{"allow":["GET"]}}],"collection":[{"href":"https:\/\/alfaomega.tv\/librarie\/wp-json\/wp\/v2\/product"}],"about":[{"href":"https:\/\/alfaomega.tv\/librarie\/wp-json\/wp\/v2\/types\/product"}],"wp:featuredmedia":[{"embeddable":true,"href":"https:\/\/alfaomega.tv\/librarie\/wp-json\/wp\/v2\/media\/37994"}],"wp:attachment":[{"href":"https:\/\/alfaomega.tv\/librarie\/wp-json\/wp\/v2\/media?parent=37991"}],"wp:term":[{"taxonomy":"product_brand","embeddable":true,"href":"https:\/\/alfaomega.tv\/librarie\/wp-json\/wp\/v2\/product_brand?post=37991"},{"taxonomy":"product_cat","embeddable":true,"href":"https:\/\/alfaomega.tv\/librarie\/wp-json\/wp\/v2\/product_cat?post=37991"},{"taxonomy":"product_tag","embeddable":true,"href":"https:\/\/alfaomega.tv\/librarie\/wp-json\/wp\/v2\/product_tag?post=37991"}],"curies":[{"name":"wp","href":"https:\/\/api.w.org\/{rel}","templated":true}]}}