{"id":37997,"date":"2026-03-31T16:02:55","date_gmt":"2026-03-31T16:02:55","guid":{"rendered":"https:\/\/alfaomega.tv\/librarie\/?post_type=product&#038;p=37997"},"modified":"2026-03-31T16:02:55","modified_gmt":"2026-03-31T16:02:55","slug":"trimitere-binecuvantez-oamenii-pe-care-dumnezeu-ii-pune-in-jurul-meu","status":"publish","type":"product","link":"https:\/\/alfaomega.tv\/librarie\/produse\/crestinul-si-societatea\/trimitere-binecuvantez-oamenii-pe-care-dumnezeu-ii-pune-in-jurul-meu\/","title":{"rendered":"Trimitere &#8211; Binecuv\u00e2ntez oamenii pe care Dumnezeu \u00eei pune \u00een jurul meu"},"content":{"rendered":"","protected":false},"excerpt":{"rendered":"<p>Biserica exist\u0103 oriunde merg oamenii lui Dumnezeu. Ca atare, lu\u0103m mesajul \u00cemp\u0103r\u0103\u021biei cu noi. \u00cens\u0103rcinarea noastr\u0103 este s\u0103 binecuv\u00e2nt\u0103m oamenii pe care \u00eei \u00eent\u00e2lnim, \u00eent\u0103rind conexiunile divine.<\/p>\n","protected":false},"featured_media":38000,"template":"","meta":{"_acf_changed":false},"product_brand":[],"product_cat":[30],"product_tag":[],"class_list":{"0":"post-37997","1":"product","2":"type-product","3":"status-publish","4":"has-post-thumbnail","6":"product_cat-crestinul-si-societatea","7":"pa_autori-kent-beverly-mattox","8":"pa_format-carte-tiparita","9":"pa_format-carte-electronica","11":"first","12":"instock","13":"shipping-taxable","14":"purchasable","15":"product-type-variable"},"acf":[],"_links":{"self":[{"href":"https:\/\/alfaomega.tv\/librarie\/wp-json\/wp\/v2\/product\/37997","targetHints":{"allow":["GET"]}}],"collection":[{"href":"https:\/\/alfaomega.tv\/librarie\/wp-json\/wp\/v2\/product"}],"about":[{"href":"https:\/\/alfaomega.tv\/librarie\/wp-json\/wp\/v2\/types\/product"}],"wp:featuredmedia":[{"embeddable":true,"href":"https:\/\/alfaomega.tv\/librarie\/wp-json\/wp\/v2\/media\/38000"}],"wp:attachment":[{"href":"https:\/\/alfaomega.tv\/librarie\/wp-json\/wp\/v2\/media?parent=37997"}],"wp:term":[{"taxonomy":"product_brand","embeddable":true,"href":"https:\/\/alfaomega.tv\/librarie\/wp-json\/wp\/v2\/product_brand?post=37997"},{"taxonomy":"product_cat","embeddable":true,"href":"https:\/\/alfaomega.tv\/librarie\/wp-json\/wp\/v2\/product_cat?post=37997"},{"taxonomy":"product_tag","embeddable":true,"href":"https:\/\/alfaomega.tv\/librarie\/wp-json\/wp\/v2\/product_tag?post=37997"}],"curies":[{"name":"wp","href":"https:\/\/api.w.org\/{rel}","templated":true}]}}