{"id":38003,"date":"2026-03-31T16:12:54","date_gmt":"2026-03-31T16:12:54","guid":{"rendered":"https:\/\/alfaomega.tv\/librarie\/?post_type=product&#038;p=38003"},"modified":"2026-03-31T16:19:45","modified_gmt":"2026-03-31T16:19:45","slug":"imputernicire-implinindu-mi-menirea-fiind-in-prezenta-lui-dumnezeu-oriunde-pasesc","status":"publish","type":"product","link":"https:\/\/alfaomega.tv\/librarie\/produse\/crestinul-si-societatea\/imputernicire-implinindu-mi-menirea-fiind-in-prezenta-lui-dumnezeu-oriunde-pasesc\/","title":{"rendered":"\u00cemputernicire &#8211; \u00cemplinindu-mi menirea + fiind \u00een prezen\u021ba lui Dumnezeu oriunde p\u0103\u0219esc"},"content":{"rendered":"","protected":false},"excerpt":{"rendered":"<p>Iau valorile \u00cemp\u0103r\u0103\u021biei cu mine oriunde merg. Biserica nu este un loc; Biserica este un popor. Nu mergem la &#8222;biseric\u0103&#8221;; mergem ca &#8222;Biseric\u0103&#8221;.<\/p>\n","protected":false},"featured_media":38006,"template":"","meta":{"_acf_changed":false},"product_brand":[],"product_cat":[30],"product_tag":[],"class_list":{"0":"post-38003","1":"product","2":"type-product","3":"status-publish","4":"has-post-thumbnail","6":"product_cat-crestinul-si-societatea","7":"pa_autori-kent-beverly-mattox","8":"pa_format-carte-tiparita","9":"pa_format-carte-electronica","11":"first","12":"instock","13":"shipping-taxable","14":"purchasable","15":"product-type-variable"},"acf":[],"_links":{"self":[{"href":"https:\/\/alfaomega.tv\/librarie\/wp-json\/wp\/v2\/product\/38003","targetHints":{"allow":["GET"]}}],"collection":[{"href":"https:\/\/alfaomega.tv\/librarie\/wp-json\/wp\/v2\/product"}],"about":[{"href":"https:\/\/alfaomega.tv\/librarie\/wp-json\/wp\/v2\/types\/product"}],"wp:featuredmedia":[{"embeddable":true,"href":"https:\/\/alfaomega.tv\/librarie\/wp-json\/wp\/v2\/media\/38006"}],"wp:attachment":[{"href":"https:\/\/alfaomega.tv\/librarie\/wp-json\/wp\/v2\/media?parent=38003"}],"wp:term":[{"taxonomy":"product_brand","embeddable":true,"href":"https:\/\/alfaomega.tv\/librarie\/wp-json\/wp\/v2\/product_brand?post=38003"},{"taxonomy":"product_cat","embeddable":true,"href":"https:\/\/alfaomega.tv\/librarie\/wp-json\/wp\/v2\/product_cat?post=38003"},{"taxonomy":"product_tag","embeddable":true,"href":"https:\/\/alfaomega.tv\/librarie\/wp-json\/wp\/v2\/product_tag?post=38003"}],"curies":[{"name":"wp","href":"https:\/\/api.w.org\/{rel}","templated":true}]}}