{"id":38009,"date":"2026-03-31T16:18:47","date_gmt":"2026-03-31T16:18:47","guid":{"rendered":"https:\/\/alfaomega.tv\/librarie\/?post_type=product&#038;p=38009"},"modified":"2026-03-31T16:18:47","modified_gmt":"2026-03-31T16:18:47","slug":"identitate-descopar-cine-m-a-creat-dumnezeu-sa-fiu-intr-un-mod-unic","status":"publish","type":"product","link":"https:\/\/alfaomega.tv\/librarie\/produse\/crestinul-si-societatea\/identitate-descopar-cine-m-a-creat-dumnezeu-sa-fiu-intr-un-mod-unic\/","title":{"rendered":"Identitate &#8211; Descop\u0103r cine m-a creat Dumnezeu s\u0103 fiu \u00eentr-un mod unic"},"content":{"rendered":"","protected":false},"excerpt":{"rendered":"<p>Unicitatea mea este un dar de la \u00censu\u0219i Dumnezeu. Importan\u021ba mea se datoreaz\u0103 identit\u0103\u021bii mele, mult mai mult dec\u00e2t ac\u021biunilor mele. Impactul pe care \u00eel am asupra lumii este o rev\u0103rsare a cine sunt.<\/p>\n","protected":false},"featured_media":38012,"template":"","meta":{"_acf_changed":false},"product_brand":[],"product_cat":[30],"product_tag":[],"class_list":{"0":"post-38009","1":"product","2":"type-product","3":"status-publish","4":"has-post-thumbnail","6":"product_cat-crestinul-si-societatea","7":"pa_autori-kent-beverly-mattox","8":"pa_format-carte-tiparita","9":"pa_format-carte-electronica","11":"first","12":"instock","13":"shipping-taxable","14":"purchasable","15":"product-type-variable"},"acf":[],"_links":{"self":[{"href":"https:\/\/alfaomega.tv\/librarie\/wp-json\/wp\/v2\/product\/38009","targetHints":{"allow":["GET"]}}],"collection":[{"href":"https:\/\/alfaomega.tv\/librarie\/wp-json\/wp\/v2\/product"}],"about":[{"href":"https:\/\/alfaomega.tv\/librarie\/wp-json\/wp\/v2\/types\/product"}],"wp:featuredmedia":[{"embeddable":true,"href":"https:\/\/alfaomega.tv\/librarie\/wp-json\/wp\/v2\/media\/38012"}],"wp:attachment":[{"href":"https:\/\/alfaomega.tv\/librarie\/wp-json\/wp\/v2\/media?parent=38009"}],"wp:term":[{"taxonomy":"product_brand","embeddable":true,"href":"https:\/\/alfaomega.tv\/librarie\/wp-json\/wp\/v2\/product_brand?post=38009"},{"taxonomy":"product_cat","embeddable":true,"href":"https:\/\/alfaomega.tv\/librarie\/wp-json\/wp\/v2\/product_cat?post=38009"},{"taxonomy":"product_tag","embeddable":true,"href":"https:\/\/alfaomega.tv\/librarie\/wp-json\/wp\/v2\/product_tag?post=38009"}],"curies":[{"name":"wp","href":"https:\/\/api.w.org\/{rel}","templated":true}]}}