{"id":38030,"date":"2026-04-01T11:35:17","date_gmt":"2026-04-01T11:35:17","guid":{"rendered":"https:\/\/alfaomega.tv\/librarie\/?post_type=product&#038;p=38030"},"modified":"2026-04-01T11:35:35","modified_gmt":"2026-04-01T11:35:35","slug":"dimensiunea-inaltarii-exercitarea-autoritatii-imparatiei-pentru-a-depasi-circumstantele-si-impotrivirile","status":"publish","type":"product","link":"https:\/\/alfaomega.tv\/librarie\/produse\/identitate-crestere-spirituala-revelatie\/dimensiunea-inaltarii-exercitarea-autoritatii-imparatiei-pentru-a-depasi-circumstantele-si-impotrivirile\/","title":{"rendered":"Dimensiunea \u00een\u0103l\u021b\u0103rii &#8211; Exercitarea autorit\u0103\u021bii \u00cemp\u0103r\u0103\u021biei pentru a dep\u0103\u0219i circumstan\u021bele \u0219i \u00eempotrivirile"},"content":{"rendered":"<p>\u00ceMPOTRIVE\u0218TE-TE \u00ceNTUNERICULUI DIN LOCURILE CERE\u0218TI!<br \/>\nTe sim\u021bi cople\u0219it, chiar dac\u0103 \u00cel ai pe Duhul Sf\u00e2nt \u00een tine? Noul Testament abund\u0103 de promisiuni divine ce ofer\u0103 modelul unei vie\u021bi miraculoase. \u00cens\u0103 mul\u021bi cre\u0219tini nici nu \u0219tiu despre mo\u0219tenirea lor cereasc\u0103 \u0219i nu-\u0219i ating pe<br \/>\ndeplin poten\u021bialul \u00een via\u021b\u0103. Nu e\u0219ti doar un spectator la victoria lui Hristos! E\u0219ti un participant la aceasta, st\u00e2nd al\u0103turi de El \u00een locurile cere\u0219ti. De \u00eendat\u0103 ce te vei repozi\u021biona, vei vedea c\u0103 via\u021ba \u021bi se va umple cu miracole, autoritate \u0219i vei c\u0103p\u0103ta st\u0103p\u00e2nire<br \/>\nasupra puterilor \u00eentunericului.<\/p>\n<p>Isaac Pitre, voce profetic\u0103 \u0219i \u00eenv\u0103\u021b\u0103tor biblic dinamic, dezv\u0103luie cu m\u0103iestrie mandatul divin de a-\u021bi revendica locul de drept al\u0103turi de Isus \u00een locurile cere\u0219ti. E\u0219ti chemat s\u0103 \u00ee\u021bi exerci\u021bi autoritatea pe care o ai \u00een \u00cemp\u0103r\u0103\u021bie, dezl\u0103n\u021buind plin\u0103tatea puterii \u00eenvierii lui Isus \u2013 mo\u0219tenirea ta! Preg\u0103te\u0219te-te s\u0103 fii profund transformat pe m\u0103sur\u0103 ce vei \u00eenv\u0103\u021ba s\u0103:<br \/>\n\u2022 Ac\u021bionezi din locul supranatural al autorit\u0103\u021bii ascensionale, unde e\u0219ti<br \/>\na\u0219ezat al\u0103turi de Isus.<br \/>\n\u2022 Zdrobe\u0219ti planurile \u0219i puterile \u00eentunericului, pun\u00e2nd \u00een aplicare planul<br \/>\netern al lui Dumnezeu de a nimici for\u021bele celui r\u0103u prin intermediul unor<br \/>\noameni ca tine, care sunt \u00eemputernici\u021bi de Duhul Sf\u00e2nt.<br \/>\n\u2022 Pui \u00een aplicare planurile \u0219i scopurile cerului \u00een via\u021ba ta.<\/p>\n","protected":false},"excerpt":{"rendered":"<p>Isaac Pitre este pre\u0219edintele Isaac Pitre Ministries, precum \u0219i liderul re\u021belei globale II Kings ce are baza \u00een Dallas, Texas. Isaac c\u0103l\u0103tore\u0219te \u00een toat\u0103 lumea, slujind \u00een<br \/>\ncadrul multor conferin\u021be \u0219i re\u021bele de televiziune cre\u0219tine. Cea mai mare dorin\u021b\u0103 a lui Isaac este s\u0103 vad\u0103 \u00cemp\u0103r\u0103\u021bia lui Dumnezeu manifest\u00e2ndu-se pe p\u0103m\u00e2nt precum \u00een cer, dar \u0219i s\u0103 vad\u0103 fiecare persoan\u0103, b\u0103rbat sau femeie, accept\u00e2ndu-\u0219i identitatea ce i-a fost d\u0103ruit\u0103 de Dumnezeu.<\/p>\n","protected":false},"featured_media":38032,"template":"","meta":{"_acf_changed":false},"product_brand":[],"product_cat":[21],"product_tag":[],"class_list":{"0":"post-38030","1":"product","2":"type-product","3":"status-publish","4":"has-post-thumbnail","6":"product_cat-identitate-crestere-spirituala-revelatie","7":"pa_autori-pitre-isaac","8":"pa_format-carte-tiparita","10":"first","11":"instock","12":"shipping-taxable","13":"purchasable","14":"product-type-variable","15":"has-default-attributes"},"acf":[],"_links":{"self":[{"href":"https:\/\/alfaomega.tv\/librarie\/wp-json\/wp\/v2\/product\/38030","targetHints":{"allow":["GET"]}}],"collection":[{"href":"https:\/\/alfaomega.tv\/librarie\/wp-json\/wp\/v2\/product"}],"about":[{"href":"https:\/\/alfaomega.tv\/librarie\/wp-json\/wp\/v2\/types\/product"}],"wp:featuredmedia":[{"embeddable":true,"href":"https:\/\/alfaomega.tv\/librarie\/wp-json\/wp\/v2\/media\/38032"}],"wp:attachment":[{"href":"https:\/\/alfaomega.tv\/librarie\/wp-json\/wp\/v2\/media?parent=38030"}],"wp:term":[{"taxonomy":"product_brand","embeddable":true,"href":"https:\/\/alfaomega.tv\/librarie\/wp-json\/wp\/v2\/product_brand?post=38030"},{"taxonomy":"product_cat","embeddable":true,"href":"https:\/\/alfaomega.tv\/librarie\/wp-json\/wp\/v2\/product_cat?post=38030"},{"taxonomy":"product_tag","embeddable":true,"href":"https:\/\/alfaomega.tv\/librarie\/wp-json\/wp\/v2\/product_tag?post=38030"}],"curies":[{"name":"wp","href":"https:\/\/api.w.org\/{rel}","templated":true}]}}