{"id":38081,"date":"2026-04-15T10:50:22","date_gmt":"2026-04-15T10:50:22","guid":{"rendered":"https:\/\/alfaomega.tv\/librarie\/?post_type=product&#038;p=38081"},"modified":"2026-04-15T11:09:59","modified_gmt":"2026-04-15T11:09:59","slug":"dumnezeul-lui-israel-40-de-promisiuni-vesnice-pentru-israel-si-pentru-noi","status":"publish","type":"product","link":"https:\/\/alfaomega.tv\/librarie\/produse\/intelegerea-vremurilor-israel\/dumnezeul-lui-israel-40-de-promisiuni-vesnice-pentru-israel-si-pentru-noi\/","title":{"rendered":"Dumnezeul lui Israel &#8211; 40 de promisiuni ve\u0219nice pentru Israel \u0219i pentru noi"},"content":{"rendered":"<p>Israelul este zilnic \u00een centrul aten\u021biei mass-media. \u00cen urma evenimentelor politice actuale din Israel \u0219i din Orientul Mijlociu, criticile violente antisemite la adresa Israelului cresc pe zi ce trece. Pare o repetare a tiparelor care se manifest\u0103 de peste 4.000 de ani, secol dup\u0103 secol, \u00eempotriva acestui popor evreu special \u0219i a acestei \u021b\u0103ri speciale, Israel. Dar ce p\u0103rere are Cel Prea\u00eenalt despre toate acestea? Are Biblia ceva de spus despre toate acestea? Se apropie sf\u00e2r\u0219itul lumii? Sau, cel pu\u021bin, sf\u00e2r\u0219itul acestei p\u0103r\u021bi a istoriei lumii? Sau este Israelul cel mai mare semn de n\u0103dejde pe care l-a v\u0103zut vreodat\u0103 omenirea? \u00cen aceast\u0103 bro\u0219ur\u0103, reverendul Willem J. J. Glashouwer analizeaz\u0103 patruzeci de promisiuni ve\u0219nice pe care Dumnezeul lui Israel le face poporului Israel \u0219i nou\u0103. Garan\u021bii ve\u0219nice pentru pace \u0219i dreptate din Ierusalim \u00een \u00eentreaga lume.<\/p>\n<p>Rev. Willem J. J. Glashouwer (n\u0103scut \u00een 1944) este un slujitor emerit \u00een Biserica Reformat\u0103 Olandez\u0103 (acum PKN) \u0219i a fost un pionier al Companiei Evanghelice de Radiodifuziune a Re\u021belei Na\u021bionale de Televiziune Olandeze, al Academiei Evanghelice \u0219i al \u0218colii Evanghelice de Jurnalism. El este implicat de mul\u021bi ani \u00een lucrarea Christians for Israel (Cre\u0219tini pentru Israel,n. tr. ) din Olanda. \u00cen 1999 a devenit pre\u0219edinte al organiza\u021biei Christians for Israel International.La data de 20 februarie 2010, Rev. Willem J. J. Glashouwer a primit distinc\u021bia de Cavaler al Ordinului Orange-Nassau. Willem este c\u0103s\u0103torit cu Marianne de peste 50 de ani \u0219i au \u00eempreun\u0103 patru copii \u0219i opt nepo\u021bi.<\/p>\n","protected":false},"excerpt":{"rendered":"<p>Israelul este zilnic \u00een centrul aten\u021biei mass-media. \u00cen urma evenimentelor politice actuale din Israel \u0219i din Orientul Mijlociu, criticile violente antisemite la adresa Israelului cresc pe zi ce trece. Pare o repetare a tiparelor care se manifest\u0103 de peste 4.000 de ani, secol dup\u0103 secol, \u00eempotriva acestui popor evreu special \u0219i a acestei \u021b\u0103ri speciale, [&hellip;]<\/p>\n","protected":false},"featured_media":38085,"template":"","meta":{"_acf_changed":false},"product_brand":[],"product_cat":[24],"product_tag":[],"class_list":{"0":"post-38081","1":"product","2":"type-product","3":"status-publish","4":"has-post-thumbnail","6":"product_cat-intelegerea-vremurilor-israel","7":"pa_autori-willem-j-j-glashouwer","8":"pa_format-carte-tiparita","9":"pa_format-carte-electronica","11":"first","12":"instock","13":"shipping-taxable","14":"purchasable","15":"product-type-variable"},"acf":[],"_links":{"self":[{"href":"https:\/\/alfaomega.tv\/librarie\/wp-json\/wp\/v2\/product\/38081","targetHints":{"allow":["GET"]}}],"collection":[{"href":"https:\/\/alfaomega.tv\/librarie\/wp-json\/wp\/v2\/product"}],"about":[{"href":"https:\/\/alfaomega.tv\/librarie\/wp-json\/wp\/v2\/types\/product"}],"wp:featuredmedia":[{"embeddable":true,"href":"https:\/\/alfaomega.tv\/librarie\/wp-json\/wp\/v2\/media\/38085"}],"wp:attachment":[{"href":"https:\/\/alfaomega.tv\/librarie\/wp-json\/wp\/v2\/media?parent=38081"}],"wp:term":[{"taxonomy":"product_brand","embeddable":true,"href":"https:\/\/alfaomega.tv\/librarie\/wp-json\/wp\/v2\/product_brand?post=38081"},{"taxonomy":"product_cat","embeddable":true,"href":"https:\/\/alfaomega.tv\/librarie\/wp-json\/wp\/v2\/product_cat?post=38081"},{"taxonomy":"product_tag","embeddable":true,"href":"https:\/\/alfaomega.tv\/librarie\/wp-json\/wp\/v2\/product_tag?post=38081"}],"curies":[{"name":"wp","href":"https:\/\/api.w.org\/{rel}","templated":true}]}}