{"id":38088,"date":"2026-04-15T11:02:40","date_gmt":"2026-04-15T11:02:40","guid":{"rendered":"https:\/\/alfaomega.tv\/librarie\/?post_type=product&#038;p=38088"},"modified":"2026-04-15T12:03:54","modified_gmt":"2026-04-15T12:03:54","slug":"mijlocire-si-aliyah-mijlocire-pentru-intoarcerea-poporului-evreu","status":"publish","type":"product","link":"https:\/\/alfaomega.tv\/librarie\/produse\/intelegerea-vremurilor-israel\/mijlocire-si-aliyah-mijlocire-pentru-intoarcerea-poporului-evreu\/","title":{"rendered":"Mijlocire \u0219i Aliyah &#8211; Mijlocire pentru \u00eentoarcerea poporului evreu"},"content":{"rendered":"<p>\u201e\u00cen sf\u00e2r\u0219it \u2013 o carte bun\u0103 care face leg\u0103tura \u00eentre rug\u0103ciune \u0219i Aliyah \u2013 o carte pe care Pat Frame este singura \u00een m\u0103sur\u0103 s\u0103 o scrie. Av\u00e2nd o dragoste pe care Dumnezeu i-a dat-o pentru poporul evreu \u0219i o chemare clar\u0103 la slujire, Pat se afl\u0103 de mul\u021bi ani \u00een prima linie a mi\u0219c\u0103rii Aliyah. Aceast\u0103 carte \u00eembin\u0103 o \u00eenv\u0103\u021b\u0103tur\u0103 biblic\u0103 solid\u0103 despre rug\u0103ciune \u0219i \u00eemplinirea profe\u021biilor cu vasta ei experien\u021b\u0103 din Europa de Est \u0219i cu pasiunea ei pentru planurile lui Dumnezeu. Citirea acestei c\u0103r\u021bi \u00ee\u021bi va face cunoscute b\u0103t\u0103ile inimii lui Dumnezeu pentru Israel; nu exist\u0103 o laud\u0103 mai mare.\u201d Rev. Andrew Kane<\/p>\n<p><span style=\"font-family: Times New Roman, serif;\">Pat Frame a \u00eenceput s\u0103 se implice \u00een rug\u0103ciune \u0219i \u00een campanii \u00een favoarea evreilor sovietici la mijlocul anilor 1980. Din 1991, ea se dedic\u0103 cu norm\u0103 \u00eentreag\u0103 activit\u0103\u021bii de Aliyah \u2013 ajut\u00e2nd poporul evreu s\u0103 se \u00eentoarc\u0103 \u00een Israel, activitate pe care o desf\u0103\u0219oar\u0103 \u00een principal pe teren. \u00cen prezent, Pat ocup\u0103 func\u021bia de manager de opera\u021biuni pe teren \u00een cadrul organiza\u021biei Ezra International.<\/span><\/p>\n","protected":false},"excerpt":{"rendered":"<p>\u201e\u00cen sf\u00e2r\u0219it \u2013 o carte bun\u0103 care face leg\u0103tura \u00eentre rug\u0103ciune \u0219i Aliyah \u2013 o carte pe care Pat Frame este singura \u00een m\u0103sur\u0103 s\u0103 o scrie. Av\u00e2nd o dragoste pe care Dumnezeu i-a dat-o pentru poporul evreu \u0219i o chemare clar\u0103 la slujire, Pat se afl\u0103 de mul\u021bi ani \u00een prima linie a mi\u0219c\u0103rii [&hellip;]<\/p>\n","protected":false},"featured_media":38091,"template":"","meta":{"_acf_changed":false},"product_brand":[],"product_cat":[24],"product_tag":[443],"class_list":{"0":"post-38088","1":"product","2":"type-product","3":"status-publish","4":"has-post-thumbnail","6":"product_cat-intelegerea-vremurilor-israel","7":"product_tag-carte","8":"pa_autori-patricia-frame","9":"pa_format-carte-tiparita","10":"pa_format-carte-electronica","12":"first","13":"instock","14":"shipping-taxable","15":"purchasable","16":"product-type-variable"},"acf":[],"_links":{"self":[{"href":"https:\/\/alfaomega.tv\/librarie\/wp-json\/wp\/v2\/product\/38088","targetHints":{"allow":["GET"]}}],"collection":[{"href":"https:\/\/alfaomega.tv\/librarie\/wp-json\/wp\/v2\/product"}],"about":[{"href":"https:\/\/alfaomega.tv\/librarie\/wp-json\/wp\/v2\/types\/product"}],"wp:featuredmedia":[{"embeddable":true,"href":"https:\/\/alfaomega.tv\/librarie\/wp-json\/wp\/v2\/media\/38091"}],"wp:attachment":[{"href":"https:\/\/alfaomega.tv\/librarie\/wp-json\/wp\/v2\/media?parent=38088"}],"wp:term":[{"taxonomy":"product_brand","embeddable":true,"href":"https:\/\/alfaomega.tv\/librarie\/wp-json\/wp\/v2\/product_brand?post=38088"},{"taxonomy":"product_cat","embeddable":true,"href":"https:\/\/alfaomega.tv\/librarie\/wp-json\/wp\/v2\/product_cat?post=38088"},{"taxonomy":"product_tag","embeddable":true,"href":"https:\/\/alfaomega.tv\/librarie\/wp-json\/wp\/v2\/product_tag?post=38088"}],"curies":[{"name":"wp","href":"https:\/\/api.w.org\/{rel}","templated":true}]}}