{"id":38138,"date":"2026-04-30T11:11:32","date_gmt":"2026-04-30T11:11:32","guid":{"rendered":"https:\/\/alfaomega.tv\/librarie\/?post_type=product&#038;p=38138"},"modified":"2026-04-30T11:11:32","modified_gmt":"2026-04-30T11:11:32","slug":"detronare-imparatesei-cerului","status":"publish","type":"product","link":"https:\/\/alfaomega.tv\/librarie\/produse\/identitate-crestere-spirituala-revelatie\/detronare-imparatesei-cerului\/","title":{"rendered":"Detronare \u00eemp\u0103r\u0103tesei cerului"},"content":{"rendered":"<p>ACEST DUH UCIG\u0102TOR DIN ANTICHITATE A FOST TOLERAT, ACCEPTAT, IAR, \u00ceN ZIUA DE AZI, CELEBRAT.<\/p>\n<p>EL TREBUIE EXPUS \u0218I IZGONIT!<\/p>\n<p>Este posibil ca \u00eent\u0103riturile cu care te confrun\u021bi \u00een via\u021ba, ora\u0219ul \u0219i na\u021biunea ta s\u0103 fie rezultatul unei entit\u0103\u021bi demonice din vechime pornite s\u0103 produc\u0103 haos \u0219i distrugere absolute? Acest duh perfid a fost \u00eembr\u0103\u021bi\u0219at de cultur\u0103 \u0219i, \u00een multe cazuri, acceptat de religie \u2013 inclusiv de multe ramuri ale cre\u0219tinismului.<\/p>\n<p>De\u0219i acest duh este cunoscut sub mai multe denumiri \u2013 Lilith, I\u0219tar, Izabela, Cibela, Mami Wata, Santa Muerte, zei\u021ba Isis \u2013 originile lui pot fi identificate \u00een \u00cemp\u0103r\u0103teasa Cerului.<\/p>\n<p>Regretatul C. Peter Wagner, mentorul Rebecc\u0103i Greenwood, i-a l\u0103sat acesteia misiunea de a-i duce studiile extensive despre r\u0103zboiul spiritual \u0219i \u00cemp\u0103r\u0103teasa Cerului la urm\u0103torul nivel \u2013 o \u00eenv\u0103\u021b\u0103tur\u0103 plin\u0103 de revela\u021bie care expune aceast\u0103 entitate demonic\u0103, dar \u00eei \u00eemputernice\u0219te totodat\u0103 pe credincio\u0219i s\u0103-i combat\u0103 influen\u021ba \u00een via\u021ba de zi cu zi. \u00cen cartea de fa\u021b\u0103, Rebecca te \u00eenva\u021b\u0103 cum:<\/p>\n<p>&#8211; s\u0103 identifici simptomele care indic\u0103 prezen\u021ba \u0219i activitatea duhului \u00een via\u021ba ta;<br \/>\n&#8211; s\u0103 evi\u021bi \u0219i s\u0103 anulezi \u00eent\u0103riturile genera\u021bionale care au un impact asupra familiei tale \u0219i a copiilor t\u0103i;<br \/>\n&#8211; s\u0103 expui modul \u00een care \u00cemp\u0103r\u0103teasa Cerului alimenteaz\u0103 corup\u021bia \u0219i nelegiuirea din fiecare sfer\u0103 a societ\u0103\u021bii;<br \/>\n&#8211; s\u0103 descoperi leg\u0103tura dintre \u00eenchinarea modern\u0103 la zei\u021b\u0103 \u0219i practicile moderne wicca;<br \/>\n&#8211; s\u0103 \u00eenve\u021bi strategii de rug\u0103ciune prin care s\u0103 comba\u021bi aceast\u0103 structur\u0103 demonic\u0103 \u00een via\u021ba, regiunea \u0219i chiar na\u021biunea ta.<\/p>\n<p>Descoper\u0103 cum s\u0103 astupi portalurile spirituale, cum s\u0103 \u00eenchizi u\u0219ile antice \u0219i cum s\u0103 anulezi pentru totdeauna agenda r\u0103u inten\u021bionat\u0103 a acestui demon de a-\u021bi distruge via\u021ba \u0219i a produce haos \u00een na\u021biunea ta!<\/p>\n<p>Con\u021bine contribu\u021bii speciale din partea lui Anthony Turner \u0219i a lui Brandon Larson.<\/p>\n<p>REBECCA GREENWOOD a cofondat Christian Harvest International, lucrare care sluje\u0219te na\u021biunilor prin mijlocire profetic\u0103, rug\u0103ciune transformatoare de r\u0103zboi spiritual \u0219i \u00eenv\u0103\u021b\u0103turi din Cuv\u00e2ntul lui Dumnezeu. \u00cen ultimele trei decenii, ea a slujit, a participat \u0219i a condus misiuni de rug\u0103ciune \u0219i r\u0103zboi spiritual \u00een 48 de \u021b\u0103ri, unde au avut loc schimb\u0103ri vizibile \u0219i semnificative.<\/p>\n<p>&nbsp;<\/p>\n","protected":false},"excerpt":{"rendered":"<p>Anuleaz\u0103 planurile acestui demon din antichitate de a-\u021bi distruge via\u021ba \u0219i a controla na\u021biunile<\/p>\n","protected":false},"featured_media":38139,"template":"","meta":{"_acf_changed":false},"product_brand":[],"product_cat":[21],"product_tag":[],"class_list":{"0":"post-38138","1":"product","2":"type-product","3":"status-publish","4":"has-post-thumbnail","6":"product_cat-identitate-crestere-spirituala-revelatie","7":"pa_autori-rebecca-greenwood","8":"pa_format-carte-tiparita","10":"first","11":"instock","12":"shipping-taxable","13":"purchasable","14":"product-type-variable","15":"has-default-attributes"},"acf":[],"_links":{"self":[{"href":"https:\/\/alfaomega.tv\/librarie\/wp-json\/wp\/v2\/product\/38138","targetHints":{"allow":["GET"]}}],"collection":[{"href":"https:\/\/alfaomega.tv\/librarie\/wp-json\/wp\/v2\/product"}],"about":[{"href":"https:\/\/alfaomega.tv\/librarie\/wp-json\/wp\/v2\/types\/product"}],"wp:featuredmedia":[{"embeddable":true,"href":"https:\/\/alfaomega.tv\/librarie\/wp-json\/wp\/v2\/media\/38139"}],"wp:attachment":[{"href":"https:\/\/alfaomega.tv\/librarie\/wp-json\/wp\/v2\/media?parent=38138"}],"wp:term":[{"taxonomy":"product_brand","embeddable":true,"href":"https:\/\/alfaomega.tv\/librarie\/wp-json\/wp\/v2\/product_brand?post=38138"},{"taxonomy":"product_cat","embeddable":true,"href":"https:\/\/alfaomega.tv\/librarie\/wp-json\/wp\/v2\/product_cat?post=38138"},{"taxonomy":"product_tag","embeddable":true,"href":"https:\/\/alfaomega.tv\/librarie\/wp-json\/wp\/v2\/product_tag?post=38138"}],"curies":[{"name":"wp","href":"https:\/\/api.w.org\/{rel}","templated":true}]}}