{"id":38208,"date":"2026-05-12T13:35:06","date_gmt":"2026-05-12T13:35:06","guid":{"rendered":"https:\/\/alfaomega.tv\/librarie\/?post_type=product&#038;p=38208"},"modified":"2026-05-12T13:37:45","modified_gmt":"2026-05-12T13:37:45","slug":"vindecand-sindromului-inimii-zdrobite","status":"publish","type":"product","link":"https:\/\/alfaomega.tv\/librarie\/produse\/identitate-crestere-spirituala-revelatie\/vindecand-sindromului-inimii-zdrobite\/","title":{"rendered":"Vindec\u00e2nd sindromului inimii zdrobite"},"content":{"rendered":"<p>Sindromul inimii zdrobite e mai mult dec\u00e2t o durere emo\u021bional\u0103, acesta este un atac spiritual \u0219i fizic conceput pentru a-\u021bi fura s\u0103n\u0103tatea, speran\u021ba \u0219i viitorul. \u00cen Vindec\u00e2nd sindromul inimii zdrobite, Joan Hunter dezv\u0103luie cu compasiune modul \u00een care trauma, pierderea cuiva drag, tr\u0103darea \u0219i stresul pe termen lung pot cople\u0219i inima, \u0219i cum Isus aduce o vindecare complet\u0103 a fiec\u0103rui loc zdrobit.<br \/>\nVei \u00eenv\u0103\u021ba cum s\u0103 recuno\u0219ti simptomele unei inimi zdrobite, s\u0103 anulezi cuvintele distructive \u0219i s\u0103 preiei autoritatea asupra efectelor emo\u021bionale \u0219i fizice ale traumei prin m\u0103rturii pline de putere, adev\u0103ruri biblice \u0219i \u00eendrum\u0103ri practice. Joan \u00eemp\u0103rt\u0103\u0219e\u0219te propria ei c\u0103l\u0103torie miraculoas\u0103 de vindecare \u0219i te va echipa cu acelea\u0219i instrumente pe care ea le folose\u0219te pentru a vedea mii de oameni elibera\u021bi.<\/p>\n<p>\u00cen aceste pagini, vei descoperi cum:<\/p>\n<p>\u2022 S\u0103 identifici \u0219i s\u0103 biruie\u0219ti r\u0103d\u0103cinile spirituale ale durerii emo\u021bionale \u0219i fizice<br \/>\n\u2022 S\u0103 rupi leg\u0103mintele cu frica, durerea \u0219i dezn\u0103dejdea<br \/>\n\u2022 S\u0103 declari via\u021b\u0103 \u0219i aliniere peste corpul \u0219i viitorul t\u0103u<br \/>\n\u2022 S\u0103 colaborezi cu Dumnezeu pentru a tr\u0103i o vindecare de durat\u0103<br \/>\n\u2022 S\u0103 sluje\u0219ti cu \u00eencredere \u0219i compasiune pentru vindecarea altora<\/p>\n<p>Dumnezeu nu a scris vindecarea pentru tine, El a scris vindecarea prin tine. Inima ta poate fi din nou \u00eentreag\u0103, iar libertatea ta poate ajuta la restaurarea inimilor altor oameni.<\/p>\n<p>Joan Hunter este o slujitoare \u00een domeniul vindec\u0103rii, o \u00eenv\u0103\u021b\u0103toare dinamic\u0103 \u0219i o autoare de succes care \u0219i-a dedicat via\u021ba pentru a duce na\u021biunilor un mesaj de speran\u021b\u0103, eliberare \u0219i vindecare. Ie\u0219ind victorioas\u0103 din circumstan\u021be tragice, obstacole imposibile \u0219i o devastare incomensurabil\u0103, Joan este capabil\u0103 s\u0103 \u00eemp\u0103rt\u0103\u0219easc\u0103 un mesaj de speran\u021b\u0103 \u0219i restaurare celor cu inima zdrobit\u0103, un mesaj de eliberare \u0219i libertate celor lega\u021bi, precum \u0219i un mesaj de vindecare \u0219i \u00eentregire celor bolnavi. Via\u021ba lui Joan demonstreaz\u0103 dorin\u021ba ei sincer\u0103 de a vedea Trupul lui Hristos tr\u0103ind liber, fericit \u0219i \u00eentreg. Joan \u0219i so\u021bul ei, Kelley Murrell, locuiesc \u00een Pinehurst, Texas. Joan este, de asemenea, fiica lui Charles \u0219i a lui Frances Hunter.<\/p>\n","protected":false},"excerpt":{"rendered":"<p>Sindromul inimii zdrobite e mai mult dec\u00e2t o durere emo\u021bional\u0103, acesta este un atac spiritual \u0219i fizic conceput pentru a-\u021bi fura s\u0103n\u0103tatea, speran\u021ba \u0219i viitorul. \u00cen Vindec\u00e2nd sindromul inimii zdrobite, Joan Hunter dezv\u0103luie cu compasiune modul \u00een care trauma, pierderea cuiva drag, tr\u0103darea \u0219i stresul pe termen lung pot cople\u0219i inima, \u0219i cum Isus aduce [&hellip;]<\/p>\n","protected":false},"featured_media":0,"template":"","meta":{"_acf_changed":false},"product_brand":[],"product_cat":[21],"product_tag":[],"class_list":{"0":"post-38208","1":"product","2":"type-product","3":"status-publish","5":"product_cat-identitate-crestere-spirituala-revelatie","6":"pa_autori-joan-hunter","7":"pa_format-carte-tiparita","9":"first","10":"instock","11":"shipping-taxable","12":"purchasable","13":"product-type-variable"},"acf":[],"_links":{"self":[{"href":"https:\/\/alfaomega.tv\/librarie\/wp-json\/wp\/v2\/product\/38208","targetHints":{"allow":["GET"]}}],"collection":[{"href":"https:\/\/alfaomega.tv\/librarie\/wp-json\/wp\/v2\/product"}],"about":[{"href":"https:\/\/alfaomega.tv\/librarie\/wp-json\/wp\/v2\/types\/product"}],"wp:attachment":[{"href":"https:\/\/alfaomega.tv\/librarie\/wp-json\/wp\/v2\/media?parent=38208"}],"wp:term":[{"taxonomy":"product_brand","embeddable":true,"href":"https:\/\/alfaomega.tv\/librarie\/wp-json\/wp\/v2\/product_brand?post=38208"},{"taxonomy":"product_cat","embeddable":true,"href":"https:\/\/alfaomega.tv\/librarie\/wp-json\/wp\/v2\/product_cat?post=38208"},{"taxonomy":"product_tag","embeddable":true,"href":"https:\/\/alfaomega.tv\/librarie\/wp-json\/wp\/v2\/product_tag?post=38208"}],"curies":[{"name":"wp","href":"https:\/\/api.w.org\/{rel}","templated":true}]}}