{"id":38214,"date":"2026-05-12T13:45:05","date_gmt":"2026-05-12T13:45:05","guid":{"rendered":"https:\/\/alfaomega.tv\/librarie\/?post_type=product&#038;p=38214"},"modified":"2026-05-12T13:45:05","modified_gmt":"2026-05-12T13:45:05","slug":"sionismul-crestin","status":"publish","type":"product","link":"https:\/\/alfaomega.tv\/librarie\/produse\/intelegerea-vremurilor-israel\/sionismul-crestin\/","title":{"rendered":"Sionismul cre\u0219tin"},"content":{"rendered":"<p>Mai are Dumnezeu \u00eenc\u0103 o chemare distinct\u0103 pentru poporul evreu \u0219i mai conteaz\u0103 \u021bara Israel \u00een planul S\u0103u de r\u0103scump\u0103rare?<\/p>\n<p>\u00cen ultimii ani, termenul \u201eSionism cre\u0219tin\u201d a atras aten\u021bia, deoarece personalit\u0103\u021bi publice proeminente au criticat fundamentul istoric, biblic \u0219i teologic care \u00eei leag\u0103 pe cre\u0219tini de sprijinul lor pentru statul modern Israel. Unii sus\u021bin chiar c\u0103 Israelul din Biblie nu are nicio leg\u0103tur\u0103 cu Israelul modern. Dar aceste afirma\u021bii sunt departe de adev\u0103r. Aceast\u0103 bro\u0219ur\u0103 \u00ee\u0219i propune s\u0103 aduc\u0103 claritate \u00een mijlocul confuziei \u0219i s\u0103 ofere o fundamentare biblic\u0103 pentru ceea ce este \u2014 \u0219i ce nu este \u2014 sionismul cre\u0219tin.<\/p>\n<p>\u00cen aceast\u0103 bro\u0219ur\u0103 concis\u0103, vei descoperi:<\/p>\n<p>R\u0103d\u0103cinile istorice ale sionismului cre\u0219tin<br \/>\nCum leg\u0103mintele biblice constituie fundamentul ideologiei sale<br \/>\nImportan\u021ba \u021b\u0103rii Israel \u00een planul de r\u0103scump\u0103rare al lui Dumnezeu<br \/>\nSus\u021binerea scriptural\u0103 pentru sionismul cre\u0219tin<br \/>\n\u0218i multe altele<\/p>\n<p>Indiferent dac\u0103 termenul \u201esionism cre\u0219tin\u201d \u00ee\u021bi este nou, nu e\u0219ti sigur de pozi\u021bia ta sau pur \u0219i simplu cau\u021bi o \u00een\u021belegere mai profund\u0103, aceast\u0103 bro\u0219ur\u0103 a fost conceput\u0103 av\u00e2ndu-te pe tine \u00een minte.<\/p>\n<p>DR. SUSAN MICHAEL este directorul pentru SUA al International Christian Embassy Jerusalem \u0219i a fost un pionier \u00een promovarea implic\u0103rii cre\u0219tine fa\u021b\u0103 de Israel \u0219i poporul evreu timp de peste patru decenii. Este autoare, profesor talentat \u0219i vorbitor interna\u021bional. Experien\u021ba, studiile \u0219i c\u0103l\u0103toriile sale \u00een Israel din ultimii 45 de ani au preg\u0103tit-o s\u0103 abordeze probleme complexe legate de Israelul biblic \u0219i cel modern cu o claritate \u0219i o elegan\u021b\u0103 remarcabile.<\/p>\n","protected":false},"excerpt":{"rendered":"<p>Mai are Dumnezeu \u00eenc\u0103 o chemare distinct\u0103 pentru poporul evreu \u0219i mai conteaz\u0103 \u021bara Israel \u00een planul S\u0103u de r\u0103scump\u0103rare? \u00cen ultimii ani, termenul \u201eSionism cre\u0219tin\u201d a atras aten\u021bia, deoarece personalit\u0103\u021bi publice proeminente au criticat fundamentul istoric, biblic \u0219i teologic care \u00eei leag\u0103 pe cre\u0219tini de sprijinul lor pentru statul modern Israel. Unii sus\u021bin chiar [&hellip;]<\/p>\n","protected":false},"featured_media":38216,"template":"","meta":{"_acf_changed":false},"product_brand":[],"product_cat":[24],"product_tag":[],"class_list":{"0":"post-38214","1":"product","2":"type-product","3":"status-publish","4":"has-post-thumbnail","6":"product_cat-intelegerea-vremurilor-israel","7":"pa_autori-dr-susan-michael","8":"pa_format-carte-tiparita","10":"first","11":"instock","12":"shipping-taxable","13":"purchasable","14":"product-type-variable"},"acf":[],"_links":{"self":[{"href":"https:\/\/alfaomega.tv\/librarie\/wp-json\/wp\/v2\/product\/38214","targetHints":{"allow":["GET"]}}],"collection":[{"href":"https:\/\/alfaomega.tv\/librarie\/wp-json\/wp\/v2\/product"}],"about":[{"href":"https:\/\/alfaomega.tv\/librarie\/wp-json\/wp\/v2\/types\/product"}],"wp:featuredmedia":[{"embeddable":true,"href":"https:\/\/alfaomega.tv\/librarie\/wp-json\/wp\/v2\/media\/38216"}],"wp:attachment":[{"href":"https:\/\/alfaomega.tv\/librarie\/wp-json\/wp\/v2\/media?parent=38214"}],"wp:term":[{"taxonomy":"product_brand","embeddable":true,"href":"https:\/\/alfaomega.tv\/librarie\/wp-json\/wp\/v2\/product_brand?post=38214"},{"taxonomy":"product_cat","embeddable":true,"href":"https:\/\/alfaomega.tv\/librarie\/wp-json\/wp\/v2\/product_cat?post=38214"},{"taxonomy":"product_tag","embeddable":true,"href":"https:\/\/alfaomega.tv\/librarie\/wp-json\/wp\/v2\/product_tag?post=38214"}],"curies":[{"name":"wp","href":"https:\/\/api.w.org\/{rel}","templated":true}]}}